{"id":493,"date":"2025-07-21T21:34:58","date_gmt":"2025-07-21T21:34:58","guid":{"rendered":"https:\/\/2025.daihen.mx\/?page_id=493"},"modified":"2025-09-18T22:56:49","modified_gmt":"2025-09-18T22:56:49","slug":"aplicacion-de-soldadura-gmwa-dc-3","status":"publish","type":"page","link":"https:\/\/www.daihen.mx\/en\/aplicacion-de-soldadura-gmwa-dc-3\/","title":{"rendered":"Aplicaci\u00f3n de soldadura GMWA \/ DC-3"},"content":{"rendered":"\t\t<div data-elementor-type=\"wp-page\" data-elementor-id=\"493\" class=\"elementor elementor-493\">\n\t\t\t\t<div class=\"elementor-element elementor-element-dae281d e-flex e-con-boxed e-con e-parent\" data-id=\"dae281d\" data-element_type=\"container\" data-e-type=\"container\" data-settings=\"{&quot;background_background&quot;:&quot;classic&quot;}\">\n\t\t\t\t\t<div class=\"e-con-inner\">\n\t\t\t\t<div class=\"elementor-element elementor-element-a2207f3 elementor-widget elementor-widget-heading\" data-id=\"a2207f3\" data-element_type=\"widget\" data-e-type=\"widget\" data-widget_type=\"heading.default\">\n\t\t\t\t\t<h2 class=\"elementor-heading-title elementor-size-default\">Capacitaci\u00f3n<\/h2>\t\t\t\t<\/div>\n\t\t\t\t\t<\/div>\n\t\t\t\t<\/div>\n\t\t<div class=\"elementor-element elementor-element-e015480 e-flex e-con-boxed e-con e-parent\" data-id=\"e015480\" data-element_type=\"container\" data-e-type=\"container\">\n\t\t\t\t\t<div class=\"e-con-inner\">\n\t\t\t\t<div class=\"elementor-element elementor-element-919c7a3 elementor-widget elementor-widget-heading\" data-id=\"919c7a3\" data-element_type=\"widget\" data-e-type=\"widget\" data-widget_type=\"heading.default\">\n\t\t\t\t\t<h2 class=\"elementor-heading-title elementor-size-default\">Aplicaci\u00f3n de Soldadura GMAW <\/h2>\t\t\t\t<\/div>\n\t\t\t\t<div class=\"elementor-element elementor-element-0a35514 elementor-widget elementor-widget-heading\" data-id=\"0a35514\" data-element_type=\"widget\" data-e-type=\"widget\" data-widget_type=\"heading.default\">\n\t\t\t\t\t<h3 class=\"elementor-heading-title elementor-size-default\">Entregamos DC-3 (Constancia de competencias o habilidades laborares)<\/h3>\t\t\t\t<\/div>\n\t\t<div class=\"elementor-element elementor-element-428f14b e-grid e-con-full e-con e-child\" data-id=\"428f14b\" data-element_type=\"container\" data-e-type=\"container\">\n\t\t<div class=\"elementor-element elementor-element-ef1022d e-con-full e-flex e-con e-child\" data-id=\"ef1022d\" data-element_type=\"container\" data-e-type=\"container\">\n\t\t\t\t<div class=\"elementor-element elementor-element-72ce36e elementor-icon-list--layout-traditional elementor-list-item-link-full_width elementor-widget elementor-widget-icon-list\" data-id=\"72ce36e\" data-element_type=\"widget\" data-e-type=\"widget\" data-widget_type=\"icon-list.default\">\n\t\t\t\t\t\t\t<ul class=\"elementor-icon-list-items\">\n\t\t\t\t\t\t\t<li class=\"elementor-icon-list-item\">\n\t\t\t\t\t\t\t\t\t\t\t<a href=\"http:\/\/calendario\">\n\n\t\t\t\t\t\t\t\t\t\t\t<span class=\"elementor-icon-list-text\"><b>SOLICITA TU COTIZACI\u00d3N<\/b><\/span>\n\t\t\t\t\t\t\t\t\t\t\t<\/a>\n\t\t\t\t\t\t\t\t\t<\/li>\n\t\t\t\t\t\t\t\t<li class=\"elementor-icon-list-item\">\n\t\t\t\t\t\t\t\t\t\t<span class=\"elementor-icon-list-text\"><b>Duraci\u00f3n:<\/b> 24 horas<\/span>\n\t\t\t\t\t\t\t\t\t<\/li>\n\t\t\t\t\t\t<\/ul>\n\t\t\t\t\t\t<\/div>\n\t\t\t\t<div class=\"elementor-element elementor-element-4780992 elementor-widget elementor-widget-text-editor\" data-id=\"4780992\" data-element_type=\"widget\" data-e-type=\"widget\" data-widget_type=\"text-editor.default\">\n\t\t\t\t\t\t\t\t\t<p><strong>Objetivo General:<\/strong><\/p><p>El participante obtendr\u00e1 los fundamentos en el proceso de soldadura GMAW en base al ajuste de los par\u00e1metros t\u00e9cnicos aplicando las medidas adecuadas de seguridad, higiene y equipo de protecci\u00f3n<\/p>\t\t\t\t\t\t\t\t<\/div>\n\t\t\t\t<div class=\"elementor-element elementor-element-eeb1b4e elementor-widget elementor-widget-text-editor\" data-id=\"eeb1b4e\" data-element_type=\"widget\" data-e-type=\"widget\" data-widget_type=\"text-editor.default\">\n\t\t\t\t\t\t\t\t\t<p><strong>Perfil del participante:<\/strong><\/p><p>Dedicado a personas que con o sin experiencia requieran del conocimiento te\u00f3rico y pr\u00e1ctico sobre el proceso del soldadura GMAW.<\/p>\t\t\t\t\t\t\t\t<\/div>\n\t\t\t\t<div class=\"elementor-element elementor-element-a2e5dc5 elementor-widget elementor-widget-button\" data-id=\"a2e5dc5\" data-element_type=\"widget\" data-e-type=\"widget\" data-widget_type=\"button.default\">\n\t\t\t\t\t\t\t\t\t\t<a class=\"elementor-button elementor-button-link elementor-size-sm\" href=\"#calendario\">\n\t\t\t\t\t\t<span class=\"elementor-button-content-wrapper\">\n\t\t\t\t\t\t\t\t\t<span class=\"elementor-button-text\">REGISTRO<\/span>\n\t\t\t\t\t<\/span>\n\t\t\t\t\t<\/a>\n\t\t\t\t\t\t\t\t<\/div>\n\t\t\t\t<\/div>\n\t\t\t\t<div class=\"elementor-element elementor-element-cb36956 elementor-arrows-position-inside elementor-widget elementor-widget-image-carousel\" data-id=\"cb36956\" data-element_type=\"widget\" data-e-type=\"widget\" data-settings=\"{&quot;slides_to_show&quot;:&quot;1&quot;,&quot;navigation&quot;:&quot;arrows&quot;,&quot;effect&quot;:&quot;fade&quot;,&quot;autoplay&quot;:&quot;yes&quot;,&quot;pause_on_hover&quot;:&quot;yes&quot;,&quot;pause_on_interaction&quot;:&quot;yes&quot;,&quot;autoplay_speed&quot;:5000,&quot;infinite&quot;:&quot;yes&quot;,&quot;speed&quot;:500}\" data-widget_type=\"image-carousel.default\">\n\t\t\t\t\t\t\t<div class=\"elementor-image-carousel-wrapper swiper\" role=\"region\" aria-roledescription=\"carousel\" aria-label=\"Carrusel de Im\u00e1genes\" dir=\"ltr\">\n\t\t\t<div class=\"elementor-image-carousel swiper-wrapper\" aria-live=\"off\">\n\t\t\t\t\t\t\t\t<div class=\"swiper-slide\" role=\"group\" aria-roledescription=\"slide\" aria-label=\"1 de 4\"><figure class=\"swiper-slide-inner\"><img decoding=\"async\" class=\"swiper-slide-image\" src=\"https:\/\/www.daihen.mx\/wp-content\/uploads\/2025\/09\/Portada-curso-GMAW.jpg\" alt=\"Portada curso GMAW\" \/><\/figure><\/div><div class=\"swiper-slide\" role=\"group\" aria-roledescription=\"slide\" aria-label=\"2 de 4\"><figure class=\"swiper-slide-inner\"><img decoding=\"async\" class=\"swiper-slide-image\" src=\"https:\/\/www.daihen.mx\/wp-content\/uploads\/2025\/08\/soldadura-GMAW-5528.jpeg\" alt=\"soldadura GMAW 5528\" \/><\/figure><\/div><div class=\"swiper-slide\" role=\"group\" aria-roledescription=\"slide\" aria-label=\"3 de 4\"><figure class=\"swiper-slide-inner\"><img decoding=\"async\" class=\"swiper-slide-image\" src=\"https:\/\/www.daihen.mx\/wp-content\/uploads\/2025\/08\/soldadura-GMAW-5557.jpeg\" alt=\"soldadura GMAW 5557\" \/><\/figure><\/div><div class=\"swiper-slide\" role=\"group\" aria-roledescription=\"slide\" aria-label=\"4 de 4\"><figure class=\"swiper-slide-inner\"><img decoding=\"async\" class=\"swiper-slide-image\" src=\"https:\/\/www.daihen.mx\/wp-content\/uploads\/2025\/09\/Entrega-de-constancias-DC-3.jpeg\" alt=\"Entrega de constancias DC-3\" \/><\/figure><\/div>\t\t\t<\/div>\n\t\t\t\t\t\t\t\t\t\t\t\t<div class=\"elementor-swiper-button elementor-swiper-button-prev\" role=\"button\" tabindex=\"0\">\n\t\t\t\t\t\t<svg aria-hidden=\"true\" class=\"e-font-icon-svg e-eicon-chevron-left\" viewBox=\"0 0 1000 1000\" xmlns=\"http:\/\/www.w3.org\/2000\/svg\"><path d=\"M646 125C629 125 613 133 604 142L308 442C296 454 292 471 292 487 292 504 296 521 308 533L604 854C617 867 629 875 646 875 663 875 679 871 692 858 704 846 713 829 713 812 713 796 708 779 692 767L438 487 692 225C700 217 708 204 708 187 708 171 704 154 692 142 675 129 663 125 646 125Z\"><\/path><\/svg>\t\t\t\t\t<\/div>\n\t\t\t\t\t<div class=\"elementor-swiper-button elementor-swiper-button-next\" role=\"button\" tabindex=\"0\">\n\t\t\t\t\t\t<svg aria-hidden=\"true\" class=\"e-font-icon-svg e-eicon-chevron-right\" viewBox=\"0 0 1000 1000\" xmlns=\"http:\/\/www.w3.org\/2000\/svg\"><path d=\"M696 533C708 521 713 504 713 487 713 471 708 454 696 446L400 146C388 133 375 125 354 125 338 125 325 129 313 142 300 154 292 171 292 187 292 204 296 221 308 233L563 492 304 771C292 783 288 800 288 817 288 833 296 850 308 863 321 871 338 875 354 875 371 875 388 867 400 854L696 533Z\"><\/path><\/svg>\t\t\t\t\t<\/div>\n\t\t\t\t\n\t\t\t\t\t\t\t\t\t<\/div>\n\t\t\t\t\t\t<\/div>\n\t\t\t\t<\/div>\n\t\t\t\t\t<\/div>\n\t\t\t\t<\/div>\n\t\t<div class=\"elementor-element elementor-element-6fb26f8 e-flex e-con-boxed e-con e-parent\" data-id=\"6fb26f8\" data-element_type=\"container\" data-e-type=\"container\" id=\"calendario\" data-settings=\"{&quot;background_background&quot;:&quot;classic&quot;}\">\n\t\t\t\t\t<div class=\"e-con-inner\">\n\t\t\t\t<div class=\"elementor-element elementor-element-b1487b6 elementor-widget elementor-widget-heading\" data-id=\"b1487b6\" data-element_type=\"widget\" data-e-type=\"widget\" data-widget_type=\"heading.default\">\n\t\t\t\t\t<h2 class=\"elementor-heading-title elementor-size-default\">Reg\u00edstrate<\/h2>\t\t\t\t<\/div>\n\t\t\t\t<div class=\"elementor-element elementor-element-fcf3664 elementor-widget elementor-widget-heading\" data-id=\"fcf3664\" data-element_type=\"widget\" data-e-type=\"widget\" data-widget_type=\"heading.default\">\n\t\t\t\t\t<h3 class=\"elementor-heading-title elementor-size-default\">D\u00e9janos tus datos para acceder al <B>CALENDARIO DE CAPACITACIONES.<\/B><\/h3>\t\t\t\t<\/div>\n\t\t\t\t<div class=\"elementor-element elementor-element-c700371 elementor-widget elementor-widget-wpforms\" data-id=\"c700371\" data-element_type=\"widget\" data-e-type=\"widget\" data-widget_type=\"wpforms.default\">\n\t\t\t\t<div class=\"elementor-widget-container\">\n\t\t\t\t\t<div class=\"wpforms-container wpforms-container-full wpforms-render-modern\" id=\"wpforms-525\"><form id=\"wpforms-form-525\" class=\"wpforms-validate wpforms-form wpforms-ajax-form\" data-formid=\"525\" method=\"post\" enctype=\"multipart\/form-data\" action=\"\/en\/wp-json\/wp\/v2\/pages\/493\" data-token=\"47e5f82e96b8c62f76c28c0c948022f6\" data-token-time=\"1777906418\"><noscript class=\"wpforms-error-noscript\">Please enable JavaScript in your browser to complete this form.<\/noscript><div id=\"wpforms-error-noscript\" style=\"display: none;\">Please enable JavaScript in your browser to complete this form.<\/div><div class=\"wpforms-field-container\"><div id=\"wpforms-525-field_9-container\" class=\"wpforms-field wpforms-field-name\" data-field-id=\"9\"><label class=\"wpforms-field-label\" for=\"wpforms-525-field_9\">Nombre(s) <span class=\"wpforms-required-label\" aria-hidden=\"true\">*<\/span><\/label><input type=\"text\" id=\"wpforms-525-field_9\" class=\"wpforms-field-large wpforms-field-required\" name=\"wpforms[fields][9]\" aria-errormessage=\"wpforms-525-field_9-error\" aria-describedby=\"wpforms-525-field_9-description\" required><div id=\"wpforms-525-field_9-description\" class=\"wpforms-field-description\">Si son m\u00e1s de un participantes escriba sus nombres separados por una coma (,)<\/div><\/div><div id=\"wpforms-525-field_2-container\" class=\"wpforms-field wpforms-field-text wpforms-one-half wpforms-first\" data-field-id=\"2\"><label class=\"wpforms-field-label\" for=\"wpforms-525-field_2\">Tel\u00e9fono <span class=\"wpforms-required-label\" aria-hidden=\"true\">*<\/span><\/label><input type=\"text\" id=\"wpforms-525-field_2\" class=\"wpforms-field-large wpforms-field-required\" name=\"wpforms[fields][2]\" aria-errormessage=\"wpforms-525-field_2-error\" required><\/div><div id=\"wpforms-525-field_3-container\" class=\"wpforms-field wpforms-field-email wpforms-one-half\" data-field-id=\"3\"><label class=\"wpforms-field-label\" for=\"wpforms-525-field_3\">Email <span class=\"wpforms-required-label\" aria-hidden=\"true\">*<\/span><\/label><input type=\"email\" id=\"wpforms-525-field_3\" class=\"wpforms-field-large wpforms-field-required\" name=\"wpforms[fields][3]\" spellcheck=\"false\" aria-errormessage=\"wpforms-525-field_3-error\" required><\/div><div id=\"wpforms-525-field_4-container\" class=\"wpforms-field wpforms-field-text wpforms-one-half wpforms-first\" data-field-id=\"4\"><label class=\"wpforms-field-label\" for=\"wpforms-525-field_4\">Empresa<\/label><input type=\"text\" id=\"wpforms-525-field_4\" class=\"wpforms-field-large\" name=\"wpforms[fields][4]\" aria-errormessage=\"wpforms-525-field_4-error\" ><\/div>\t\t<div id=\"wpforms-525-field_1-container\"\n\t\t\tclass=\"wpforms-field wpforms-field-text\"\n\t\t\tdata-field-type=\"text\"\n\t\t\tdata-field-id=\"1\"\n\t\t\t>\n\t\t\t<label class=\"wpforms-field-label\" for=\"wpforms-525-field_1\" >Tel\u00e9fono interesa Empresa<\/label>\n\t\t\t<input type=\"text\" id=\"wpforms-525-field_1\" class=\"wpforms-field-medium\" name=\"wpforms[fields][1]\" >\n\t\t<\/div>\n\t\t<div id=\"wpforms-525-field_7-container\" class=\"wpforms-field wpforms-field-text wpforms-one-half\" data-field-id=\"7\"><label class=\"wpforms-field-label\" for=\"wpforms-525-field_7\">Ubicaci\u00f3n de la empresa<\/label><input type=\"text\" id=\"wpforms-525-field_7\" class=\"wpforms-field-large\" name=\"wpforms[fields][7]\" aria-errormessage=\"wpforms-525-field_7-error\" ><\/div><div id=\"wpforms-525-field_10-container\" class=\"wpforms-field wpforms-field-select wpforms-field-select-style-classic\" data-field-id=\"10\"><label class=\"wpforms-field-label\" for=\"wpforms-525-field_10\">Curso que le interesa <span class=\"wpforms-required-label\" aria-hidden=\"true\">*<\/span><\/label><select id=\"wpforms-525-field_10\" class=\"wpforms-field-medium wpforms-field-required\" name=\"wpforms[fields][10]\" required=\"required\"><option value=\"\" class=\"placeholder\" disabled  selected='selected'>-- Selecciona la opci\u00f3n --<\/option><option value=\"Aplicaci\u00f3n de soldadura GMAW *DC-3\"  class=\"choice-1 depth-1\"  >Aplicaci\u00f3n de soldadura GMAW *DC-3<\/option><option value=\"Curso de programaci\u00f3n b\u00e1sica Robot (2,5 d\u00edas)\"  class=\"choice-2 depth-1\"  >Curso de programaci\u00f3n b\u00e1sica Robot (2,5 d\u00edas)<\/option><option value=\"Curso de programaci\u00f3n avanzada Robot (2 d\u00edas)\"  class=\"choice-3 depth-1\"  >Curso de programaci\u00f3n avanzada Robot (2 d\u00edas)<\/option><option value=\"Curso de mantenimiento Robot (2,5 d\u00edas)\"  class=\"choice-4 depth-1\"  >Curso de mantenimiento Robot (2,5 d\u00edas)<\/option><\/select><\/div><div id=\"wpforms-525-field_8-container\" class=\"wpforms-field wpforms-field-textarea\" data-field-id=\"8\"><label class=\"wpforms-field-label\" for=\"wpforms-525-field_8\">Experiencia<\/label><textarea id=\"wpforms-525-field_8\" class=\"wpforms-field-large\" name=\"wpforms[fields][8]\" aria-errormessage=\"wpforms-525-field_8-error\" ><\/textarea><\/div><script>\n\t\t\t\t( function() {\n\t\t\t\t\tconst style = document.createElement( 'style' );\n\t\t\t\t\tstyle.appendChild( document.createTextNode( '#wpforms-525-field_1-container { position: absolute !important; overflow: hidden !important; display: inline !important; height: 1px !important; width: 1px !important; z-index: -1000 !important; padding: 0 !important; } #wpforms-525-field_1-container input { visibility: hidden; } #wpforms-conversational-form-page #wpforms-525-field_1-container label { counter-increment: none; }' ) );\n\t\t\t\t\tdocument.head.appendChild( style );\n\t\t\t\t\tdocument.currentScript?.remove();\n\t\t\t\t} )();\n\t\t\t<\/script><\/div><!-- .wpforms-field-container --><div class=\"wpforms-submit-container\" ><input type=\"hidden\" name=\"wpforms[id]\" value=\"525\"><input type=\"hidden\" name=\"page_title\" value=\"\"><input type=\"hidden\" name=\"page_url\" value=\"https:\/\/www.daihen.mx\/en\/wp-json\/wp\/v2\/pages\/493\"><input type=\"hidden\" name=\"url_referer\" value=\"\"><button type=\"submit\" name=\"wpforms[submit]\" id=\"wpforms-submit-525\" class=\"wpforms-submit\" data-alt-text=\"Enviando...\" data-submit-text=\"Enviar\" aria-live=\"assertive\" value=\"wpforms-submit\">Enviar<\/button><img decoding=\"async\" src=\"https:\/\/www.daihen.mx\/wp-content\/plugins\/wpforms-lite\/assets\/images\/submit-spin.svg\" class=\"wpforms-submit-spinner\" style=\"display: none;\" width=\"26\" height=\"26\" alt=\"Loading\"><\/div><\/form><\/div>  <!-- .wpforms-container -->\t\t\t\t<\/div>\n\t\t\t\t<\/div>\n\t\t\t\t\t<\/div>\n\t\t\t\t<\/div>\n\t\t\t\t<\/div>\n\t\t","protected":false},"excerpt":{"rendered":"<p>Capacitaci\u00f3n Aplicaci\u00f3n de Soldadura GMAW Entregamos DC-3 (Constancia de competencias o habilidades laborares) SOLICITA TU COTIZACI\u00d3N Duraci\u00f3n: 24 horas Objetivo [&hellip;]<\/p>\n","protected":false},"author":1,"featured_media":0,"parent":0,"menu_order":0,"comment_status":"closed","ping_status":"closed","template":"elementor_header_footer","meta":{"site-sidebar-layout":"no-sidebar","site-content-layout":"","ast-site-content-layout":"full-width-container","site-content-style":"default","site-sidebar-style":"default","ast-global-header-display":"","ast-banner-title-visibility":"","ast-main-header-display":"","ast-hfb-above-header-display":"","ast-hfb-below-header-display":"","ast-hfb-mobile-header-display":"","site-post-title":"disabled","ast-breadcrumbs-content":"","ast-featured-img":"disabled","footer-sml-layout":"","ast-disable-related-posts":"","theme-transparent-header-meta":"","adv-header-id-meta":"","stick-header-meta":"","header-above-stick-meta":"","header-main-stick-meta":"","header-below-stick-meta":"","astra-migrate-meta-layouts":"default","ast-page-background-enabled":"default","ast-page-background-meta":{"desktop":{"background-color":"var(--ast-global-color-5)","background-image":"","background-repeat":"repeat","background-position":"center center","background-size":"auto","background-attachment":"scroll","background-type":"","background-media":"","overlay-type":"","overlay-color":"","overlay-opacity":"","overlay-gradient":""},"tablet":{"background-color":"","background-image":"","background-repeat":"repeat","background-position":"center center","background-size":"auto","background-attachment":"scroll","background-type":"","background-media":"","overlay-type":"","overlay-color":"","overlay-opacity":"","overlay-gradient":""},"mobile":{"background-color":"","background-image":"","background-repeat":"repeat","background-position":"center center","background-size":"auto","background-attachment":"scroll","background-type":"","background-media":"","overlay-type":"","overlay-color":"","overlay-opacity":"","overlay-gradient":""}},"ast-content-background-meta":{"desktop":{"background-color":"var(--ast-global-color-4)","background-image":"","background-repeat":"repeat","background-position":"center center","background-size":"auto","background-attachment":"scroll","background-type":"","background-media":"","overlay-type":"","overlay-color":"","overlay-opacity":"","overlay-gradient":""},"tablet":{"background-color":"var(--ast-global-color-4)","background-image":"","background-repeat":"repeat","background-position":"center center","background-size":"auto","background-attachment":"scroll","background-type":"","background-media":"","overlay-type":"","overlay-color":"","overlay-opacity":"","overlay-gradient":""},"mobile":{"background-color":"var(--ast-global-color-4)","background-image":"","background-repeat":"repeat","background-position":"center center","background-size":"auto","background-attachment":"scroll","background-type":"","background-media":"","overlay-type":"","overlay-color":"","overlay-opacity":"","overlay-gradient":""}},"footnotes":""},"class_list":["post-493","page","type-page","status-publish","hentry"],"yoast_head":"<!-- This site is optimized with the Yoast SEO plugin v27.3 - https:\/\/yoast.com\/product\/yoast-seo-wordpress\/ -->\n<title>Aplicaci\u00f3n de soldadura GMWA \/ DC-3 -<\/title>\n<meta name=\"robots\" content=\"index, follow, max-snippet:-1, max-image-preview:large, max-video-preview:-1\" \/>\n<link rel=\"canonical\" href=\"https:\/\/www.daihen.mx\/en\/aplicacion-de-soldadura-gmwa-dc-3\/\" \/>\n<meta property=\"og:locale\" content=\"en_US\" \/>\n<meta property=\"og:type\" content=\"article\" \/>\n<meta property=\"og:title\" content=\"Aplicaci\u00f3n de soldadura GMWA \/ DC-3 -\" \/>\n<meta property=\"og:description\" content=\"Capacitaci\u00f3n Aplicaci\u00f3n de Soldadura GMAW Entregamos DC-3 (Constancia de competencias o habilidades laborares) SOLICITA TU COTIZACI\u00d3N Duraci\u00f3n: 24 horas Objetivo [&hellip;]\" \/>\n<meta property=\"og:url\" content=\"https:\/\/www.daihen.mx\/en\/aplicacion-de-soldadura-gmwa-dc-3\/\" \/>\n<meta property=\"article:modified_time\" content=\"2025-09-18T22:56:49+00:00\" \/>\n<meta property=\"og:image\" content=\"https:\/\/www.daihen.mx\/wp-content\/uploads\/2025\/09\/Portada-curso-GMAW.jpg\" \/>\n<meta name=\"twitter:card\" content=\"summary_large_image\" \/>\n<meta name=\"twitter:label1\" content=\"Est. reading time\" \/>\n\t<meta name=\"twitter:data1\" content=\"1 minute\" \/>\n<script type=\"application\/ld+json\" class=\"yoast-schema-graph\">{\"@context\":\"https:\\\/\\\/schema.org\",\"@graph\":[{\"@type\":\"WebPage\",\"@id\":\"https:\\\/\\\/www.daihen.mx\\\/aplicacion-de-soldadura-gmwa-dc-3\\\/\",\"url\":\"https:\\\/\\\/www.daihen.mx\\\/aplicacion-de-soldadura-gmwa-dc-3\\\/\",\"name\":\"Aplicaci\u00f3n de soldadura GMWA \\\/ DC-3 -\",\"isPartOf\":{\"@id\":\"https:\\\/\\\/www.daihen.mx\\\/#website\"},\"primaryImageOfPage\":{\"@id\":\"https:\\\/\\\/www.daihen.mx\\\/aplicacion-de-soldadura-gmwa-dc-3\\\/#primaryimage\"},\"image\":{\"@id\":\"https:\\\/\\\/www.daihen.mx\\\/aplicacion-de-soldadura-gmwa-dc-3\\\/#primaryimage\"},\"thumbnailUrl\":\"https:\\\/\\\/www.daihen.mx\\\/wp-content\\\/uploads\\\/2025\\\/09\\\/Portada-curso-GMAW.jpg\",\"datePublished\":\"2025-07-21T21:34:58+00:00\",\"dateModified\":\"2025-09-18T22:56:49+00:00\",\"breadcrumb\":{\"@id\":\"https:\\\/\\\/www.daihen.mx\\\/aplicacion-de-soldadura-gmwa-dc-3\\\/#breadcrumb\"},\"inLanguage\":\"en-US\",\"potentialAction\":[{\"@type\":\"ReadAction\",\"target\":[\"https:\\\/\\\/www.daihen.mx\\\/aplicacion-de-soldadura-gmwa-dc-3\\\/\"]}]},{\"@type\":\"ImageObject\",\"inLanguage\":\"en-US\",\"@id\":\"https:\\\/\\\/www.daihen.mx\\\/aplicacion-de-soldadura-gmwa-dc-3\\\/#primaryimage\",\"url\":\"https:\\\/\\\/www.daihen.mx\\\/wp-content\\\/uploads\\\/2025\\\/09\\\/Portada-curso-GMAW.jpg\",\"contentUrl\":\"https:\\\/\\\/www.daihen.mx\\\/wp-content\\\/uploads\\\/2025\\\/09\\\/Portada-curso-GMAW.jpg\"},{\"@type\":\"BreadcrumbList\",\"@id\":\"https:\\\/\\\/www.daihen.mx\\\/aplicacion-de-soldadura-gmwa-dc-3\\\/#breadcrumb\",\"itemListElement\":[{\"@type\":\"ListItem\",\"position\":1,\"name\":\"Inicio\",\"item\":\"https:\\\/\\\/www.daihen.mx\\\/\"},{\"@type\":\"ListItem\",\"position\":2,\"name\":\"Aplicaci\u00f3n de soldadura GMWA \\\/ DC-3\"}]},{\"@type\":\"WebSite\",\"@id\":\"https:\\\/\\\/www.daihen.mx\\\/#website\",\"url\":\"https:\\\/\\\/www.daihen.mx\\\/\",\"name\":\"\",\"description\":\"\",\"potentialAction\":[{\"@type\":\"SearchAction\",\"target\":{\"@type\":\"EntryPoint\",\"urlTemplate\":\"https:\\\/\\\/www.daihen.mx\\\/?s={search_term_string}\"},\"query-input\":{\"@type\":\"PropertyValueSpecification\",\"valueRequired\":true,\"valueName\":\"search_term_string\"}}],\"inLanguage\":\"en-US\"}]}<\/script>\n<!-- \/ Yoast SEO plugin. -->","yoast_head_json":{"title":"Aplicaci\u00f3n de soldadura GMWA \/ DC-3 -","robots":{"index":"index","follow":"follow","max-snippet":"max-snippet:-1","max-image-preview":"max-image-preview:large","max-video-preview":"max-video-preview:-1"},"canonical":"https:\/\/www.daihen.mx\/en\/aplicacion-de-soldadura-gmwa-dc-3\/","og_locale":"en_US","og_type":"article","og_title":"Aplicaci\u00f3n de soldadura GMWA \/ DC-3 -","og_description":"Capacitaci\u00f3n Aplicaci\u00f3n de Soldadura GMAW Entregamos DC-3 (Constancia de competencias o habilidades laborares) SOLICITA TU COTIZACI\u00d3N Duraci\u00f3n: 24 horas Objetivo [&hellip;]","og_url":"https:\/\/www.daihen.mx\/en\/aplicacion-de-soldadura-gmwa-dc-3\/","article_modified_time":"2025-09-18T22:56:49+00:00","og_image":[{"url":"https:\/\/www.daihen.mx\/wp-content\/uploads\/2025\/09\/Portada-curso-GMAW.jpg","type":"","width":"","height":""}],"twitter_card":"summary_large_image","twitter_misc":{"Est. reading time":"1 minute"},"schema":{"@context":"https:\/\/schema.org","@graph":[{"@type":"WebPage","@id":"https:\/\/www.daihen.mx\/aplicacion-de-soldadura-gmwa-dc-3\/","url":"https:\/\/www.daihen.mx\/aplicacion-de-soldadura-gmwa-dc-3\/","name":"Aplicaci\u00f3n de soldadura GMWA \/ DC-3 -","isPartOf":{"@id":"https:\/\/www.daihen.mx\/#website"},"primaryImageOfPage":{"@id":"https:\/\/www.daihen.mx\/aplicacion-de-soldadura-gmwa-dc-3\/#primaryimage"},"image":{"@id":"https:\/\/www.daihen.mx\/aplicacion-de-soldadura-gmwa-dc-3\/#primaryimage"},"thumbnailUrl":"https:\/\/www.daihen.mx\/wp-content\/uploads\/2025\/09\/Portada-curso-GMAW.jpg","datePublished":"2025-07-21T21:34:58+00:00","dateModified":"2025-09-18T22:56:49+00:00","breadcrumb":{"@id":"https:\/\/www.daihen.mx\/aplicacion-de-soldadura-gmwa-dc-3\/#breadcrumb"},"inLanguage":"en-US","potentialAction":[{"@type":"ReadAction","target":["https:\/\/www.daihen.mx\/aplicacion-de-soldadura-gmwa-dc-3\/"]}]},{"@type":"ImageObject","inLanguage":"en-US","@id":"https:\/\/www.daihen.mx\/aplicacion-de-soldadura-gmwa-dc-3\/#primaryimage","url":"https:\/\/www.daihen.mx\/wp-content\/uploads\/2025\/09\/Portada-curso-GMAW.jpg","contentUrl":"https:\/\/www.daihen.mx\/wp-content\/uploads\/2025\/09\/Portada-curso-GMAW.jpg"},{"@type":"BreadcrumbList","@id":"https:\/\/www.daihen.mx\/aplicacion-de-soldadura-gmwa-dc-3\/#breadcrumb","itemListElement":[{"@type":"ListItem","position":1,"name":"Inicio","item":"https:\/\/www.daihen.mx\/"},{"@type":"ListItem","position":2,"name":"Aplicaci\u00f3n de soldadura GMWA \/ DC-3"}]},{"@type":"WebSite","@id":"https:\/\/www.daihen.mx\/#website","url":"https:\/\/www.daihen.mx\/","name":"","description":"","potentialAction":[{"@type":"SearchAction","target":{"@type":"EntryPoint","urlTemplate":"https:\/\/www.daihen.mx\/?s={search_term_string}"},"query-input":{"@type":"PropertyValueSpecification","valueRequired":true,"valueName":"search_term_string"}}],"inLanguage":"en-US"}]}},"_links":{"self":[{"href":"https:\/\/www.daihen.mx\/en\/wp-json\/wp\/v2\/pages\/493","targetHints":{"allow":["GET"]}}],"collection":[{"href":"https:\/\/www.daihen.mx\/en\/wp-json\/wp\/v2\/pages"}],"about":[{"href":"https:\/\/www.daihen.mx\/en\/wp-json\/wp\/v2\/types\/page"}],"author":[{"embeddable":true,"href":"https:\/\/www.daihen.mx\/en\/wp-json\/wp\/v2\/users\/1"}],"replies":[{"embeddable":true,"href":"https:\/\/www.daihen.mx\/en\/wp-json\/wp\/v2\/comments?post=493"}],"version-history":[{"count":67,"href":"https:\/\/www.daihen.mx\/en\/wp-json\/wp\/v2\/pages\/493\/revisions"}],"predecessor-version":[{"id":842,"href":"https:\/\/www.daihen.mx\/en\/wp-json\/wp\/v2\/pages\/493\/revisions\/842"}],"wp:attachment":[{"href":"https:\/\/www.daihen.mx\/en\/wp-json\/wp\/v2\/media?parent=493"}],"curies":[{"name":"wp","href":"https:\/\/api.w.org\/{rel}","templated":true}]}}