{"id":572,"date":"2025-07-21T23:32:33","date_gmt":"2025-07-21T23:32:33","guid":{"rendered":"https:\/\/2025.daihen.mx\/?page_id=572"},"modified":"2025-09-18T22:51:55","modified_gmt":"2025-09-18T22:51:55","slug":"curso-de-programacion-basica-robot","status":"publish","type":"page","link":"https:\/\/www.daihen.mx\/en\/curso-de-programacion-basica-robot\/","title":{"rendered":"Curso de Programaci\u00f3n B\u00e1sica (Robot)"},"content":{"rendered":"\t\t<div data-elementor-type=\"wp-page\" data-elementor-id=\"572\" class=\"elementor elementor-572\">\n\t\t\t\t<div class=\"elementor-element elementor-element-468c37e e-flex e-con-boxed e-con e-parent\" data-id=\"468c37e\" data-element_type=\"container\" data-e-type=\"container\" data-settings=\"{&quot;background_background&quot;:&quot;classic&quot;}\">\n\t\t\t\t\t<div class=\"e-con-inner\">\n\t\t\t\t<div class=\"elementor-element elementor-element-3b028df elementor-widget elementor-widget-heading\" data-id=\"3b028df\" data-element_type=\"widget\" data-e-type=\"widget\" data-widget_type=\"heading.default\">\n\t\t\t\t\t<h2 class=\"elementor-heading-title elementor-size-default\">Capacitaci\u00f3n<\/h2>\t\t\t\t<\/div>\n\t\t\t\t\t<\/div>\n\t\t\t\t<\/div>\n\t\t<div class=\"elementor-element elementor-element-57b2dc0 e-flex e-con-boxed e-con e-parent\" data-id=\"57b2dc0\" data-element_type=\"container\" data-e-type=\"container\">\n\t\t\t\t\t<div class=\"e-con-inner\">\n\t\t\t\t<div class=\"elementor-element elementor-element-668aa67 elementor-widget elementor-widget-heading\" data-id=\"668aa67\" data-element_type=\"widget\" data-e-type=\"widget\" data-widget_type=\"heading.default\">\n\t\t\t\t\t<h2 class=\"elementor-heading-title elementor-size-default\">Curso de programaci\u00f3n b\u00e1sica (Robot)<\/h2>\t\t\t\t<\/div>\n\t\t<div class=\"elementor-element elementor-element-7011ac7 e-grid e-con-full e-con e-child\" data-id=\"7011ac7\" data-element_type=\"container\" data-e-type=\"container\">\n\t\t<div class=\"elementor-element elementor-element-5c61ce0 e-con-full e-flex e-con e-child\" data-id=\"5c61ce0\" data-element_type=\"container\" data-e-type=\"container\">\n\t\t\t\t<div class=\"elementor-element elementor-element-2ab5b80 elementor-icon-list--layout-traditional elementor-list-item-link-full_width elementor-widget elementor-widget-icon-list\" data-id=\"2ab5b80\" data-element_type=\"widget\" data-e-type=\"widget\" data-widget_type=\"icon-list.default\">\n\t\t\t\t\t\t\t<ul class=\"elementor-icon-list-items\">\n\t\t\t\t\t\t\t<li class=\"elementor-icon-list-item\">\n\t\t\t\t\t\t\t\t\t\t<span class=\"elementor-icon-list-text\"><b>Duraci\u00f3n:<\/b> 20 Horas<\/span>\n\t\t\t\t\t\t\t\t\t<\/li>\n\t\t\t\t\t\t<\/ul>\n\t\t\t\t\t\t<\/div>\n\t\t\t\t<div class=\"elementor-element elementor-element-fae9c91 elementor-widget elementor-widget-text-editor\" data-id=\"fae9c91\" data-element_type=\"widget\" data-e-type=\"widget\" data-widget_type=\"text-editor.default\">\n\t\t\t\t\t\t\t\t\t<p><strong>Temario:<\/strong><\/p><ul><li>Sistema del Robot<\/li><li>Funciones y teclas del mando colgante<\/li><li>Monitores<\/li><li>Coordenadas<\/li><li><span style=\"font-style: inherit; font-weight: inherit;\">Niveles de posicionamiento<\/span><\/li><li><span style=\"font-style: inherit; font-weight: inherit;\">Creaci\u00f3n y edici\u00f3n de programas<\/span><\/li><li><span style=\"font-style: inherit; font-weight: inherit;\">Reproducci\u00f3n de programa<\/span><\/li><li>Punto central de la herramienta TCP<\/li><li>Mecanismos y unidades<\/li><li>Funciones b\u00e1sicas FN<\/li><li>Ajustes en programaci\u00f3n<\/li><li>Respaldos de programas<\/li><li>Entradas y salidas<\/li><li>Ayuda (Help)<\/li><li>Funciones de soldadura<\/li><\/ul>\t\t\t\t\t\t\t\t<\/div>\n\t\t\t\t<div class=\"elementor-element elementor-element-3062d70 elementor-widget elementor-widget-button\" data-id=\"3062d70\" data-element_type=\"widget\" data-e-type=\"widget\" data-widget_type=\"button.default\">\n\t\t\t\t\t\t\t\t\t\t<a class=\"elementor-button elementor-button-link elementor-size-sm\" href=\"#registro\">\n\t\t\t\t\t\t<span class=\"elementor-button-content-wrapper\">\n\t\t\t\t\t\t\t\t\t<span class=\"elementor-button-text\">REGISTRO<\/span>\n\t\t\t\t\t<\/span>\n\t\t\t\t\t<\/a>\n\t\t\t\t\t\t\t\t<\/div>\n\t\t\t\t<\/div>\n\t\t\t\t<div class=\"elementor-element elementor-element-c67ec14 elementor-widget elementor-widget-image\" data-id=\"c67ec14\" data-element_type=\"widget\" data-e-type=\"widget\" data-widget_type=\"image.default\">\n\t\t\t\t\t\t\t\t\t\t\t\t\t\t\t<img fetchpriority=\"high\" decoding=\"async\" width=\"1024\" height=\"771\" src=\"https:\/\/www.daihen.mx\/wp-content\/uploads\/2025\/08\/Prog-basica-3523-1024x771.jpg\" class=\"attachment-large size-large wp-image-797\" alt=\"\" srcset=\"https:\/\/www.daihen.mx\/wp-content\/uploads\/2025\/08\/Prog-basica-3523-1024x771.jpg 1024w, https:\/\/www.daihen.mx\/wp-content\/uploads\/2025\/08\/Prog-basica-3523-300x226.jpg 300w, https:\/\/www.daihen.mx\/wp-content\/uploads\/2025\/08\/Prog-basica-3523-768x578.jpg 768w, https:\/\/www.daihen.mx\/wp-content\/uploads\/2025\/08\/Prog-basica-3523-1536x1157.jpg 1536w, https:\/\/www.daihen.mx\/wp-content\/uploads\/2025\/08\/Prog-basica-3523-16x12.jpg 16w, https:\/\/www.daihen.mx\/wp-content\/uploads\/2025\/08\/Prog-basica-3523-600x452.jpg 600w, https:\/\/www.daihen.mx\/wp-content\/uploads\/2025\/08\/Prog-basica-3523.jpg 1600w\" sizes=\"(max-width: 1024px) 100vw, 1024px\" \/>\t\t\t\t\t\t\t\t\t\t\t\t\t\t\t<\/div>\n\t\t\t\t<\/div>\n\t\t\t\t\t<\/div>\n\t\t\t\t<\/div>\n\t\t<div class=\"elementor-element elementor-element-7bedd93 e-flex e-con-boxed e-con e-parent\" data-id=\"7bedd93\" data-element_type=\"container\" data-e-type=\"container\" id=\"registro\" data-settings=\"{&quot;background_background&quot;:&quot;classic&quot;}\">\n\t\t\t\t\t<div class=\"e-con-inner\">\n\t\t\t\t<div class=\"elementor-element elementor-element-2e2541a elementor-widget elementor-widget-heading\" data-id=\"2e2541a\" data-element_type=\"widget\" data-e-type=\"widget\" data-widget_type=\"heading.default\">\n\t\t\t\t\t<h2 class=\"elementor-heading-title elementor-size-default\">Reg\u00edstrate<\/h2>\t\t\t\t<\/div>\n\t\t\t\t<div class=\"elementor-element elementor-element-c09d9f2 elementor-widget elementor-widget-heading\" data-id=\"c09d9f2\" data-element_type=\"widget\" data-e-type=\"widget\" data-widget_type=\"heading.default\">\n\t\t\t\t\t<h3 class=\"elementor-heading-title elementor-size-default\">D\u00e9janos tus datos para acceder al <B>CALENDARIO DE CAPACITACIONES.<\/B><\/h3>\t\t\t\t<\/div>\n\t\t\t\t<div class=\"elementor-element elementor-element-852dd6d elementor-widget elementor-widget-wpforms\" data-id=\"852dd6d\" data-element_type=\"widget\" data-e-type=\"widget\" data-widget_type=\"wpforms.default\">\n\t\t\t\t<div class=\"elementor-widget-container\">\n\t\t\t\t\t<div class=\"wpforms-container wpforms-container-full wpforms-render-modern\" id=\"wpforms-525\"><form id=\"wpforms-form-525\" class=\"wpforms-validate wpforms-form wpforms-ajax-form\" data-formid=\"525\" method=\"post\" enctype=\"multipart\/form-data\" action=\"\/en\/wp-json\/wp\/v2\/pages\/572\" data-token=\"47e5f82e96b8c62f76c28c0c948022f6\" data-token-time=\"1777906418\"><noscript class=\"wpforms-error-noscript\">Please enable JavaScript in your browser to complete this form.<\/noscript><div id=\"wpforms-error-noscript\" style=\"display: none;\">Please enable JavaScript in your browser to complete this form.<\/div><div class=\"wpforms-field-container\"><div id=\"wpforms-525-field_9-container\" class=\"wpforms-field wpforms-field-name\" data-field-id=\"9\"><label class=\"wpforms-field-label\" for=\"wpforms-525-field_9\">Nombre(s) <span class=\"wpforms-required-label\" aria-hidden=\"true\">*<\/span><\/label><input type=\"text\" id=\"wpforms-525-field_9\" class=\"wpforms-field-large wpforms-field-required\" name=\"wpforms[fields][9]\" aria-errormessage=\"wpforms-525-field_9-error\" aria-describedby=\"wpforms-525-field_9-description\" required><div id=\"wpforms-525-field_9-description\" class=\"wpforms-field-description\">Si son m\u00e1s de un participantes escriba sus nombres separados por una coma (,)<\/div><\/div><div id=\"wpforms-525-field_2-container\" class=\"wpforms-field wpforms-field-text wpforms-one-half wpforms-first\" data-field-id=\"2\"><label class=\"wpforms-field-label\" for=\"wpforms-525-field_2\">Tel\u00e9fono <span class=\"wpforms-required-label\" aria-hidden=\"true\">*<\/span><\/label><input type=\"text\" id=\"wpforms-525-field_2\" class=\"wpforms-field-large wpforms-field-required\" name=\"wpforms[fields][2]\" aria-errormessage=\"wpforms-525-field_2-error\" required><\/div><div id=\"wpforms-525-field_3-container\" class=\"wpforms-field wpforms-field-email wpforms-one-half\" data-field-id=\"3\"><label class=\"wpforms-field-label\" for=\"wpforms-525-field_3\">Email <span class=\"wpforms-required-label\" aria-hidden=\"true\">*<\/span><\/label><input type=\"email\" id=\"wpforms-525-field_3\" class=\"wpforms-field-large wpforms-field-required\" name=\"wpforms[fields][3]\" spellcheck=\"false\" aria-errormessage=\"wpforms-525-field_3-error\" required><\/div><div id=\"wpforms-525-field_4-container\" class=\"wpforms-field wpforms-field-text wpforms-one-half wpforms-first\" data-field-id=\"4\"><label class=\"wpforms-field-label\" for=\"wpforms-525-field_4\">Empresa<\/label><input type=\"text\" id=\"wpforms-525-field_4\" class=\"wpforms-field-large\" name=\"wpforms[fields][4]\" aria-errormessage=\"wpforms-525-field_4-error\" ><\/div><div id=\"wpforms-525-field_7-container\" class=\"wpforms-field wpforms-field-text wpforms-one-half\" data-field-id=\"7\"><label class=\"wpforms-field-label\" for=\"wpforms-525-field_7\">Ubicaci\u00f3n de la empresa<\/label><input type=\"text\" id=\"wpforms-525-field_7\" class=\"wpforms-field-large\" name=\"wpforms[fields][7]\" aria-errormessage=\"wpforms-525-field_7-error\" ><\/div><div id=\"wpforms-525-field_10-container\" class=\"wpforms-field wpforms-field-select wpforms-field-select-style-classic\" data-field-id=\"10\"><label class=\"wpforms-field-label\" for=\"wpforms-525-field_10\">Curso que le interesa <span class=\"wpforms-required-label\" aria-hidden=\"true\">*<\/span><\/label><select id=\"wpforms-525-field_10\" class=\"wpforms-field-medium wpforms-field-required\" name=\"wpforms[fields][10]\" required=\"required\"><option value=\"\" class=\"placeholder\" disabled  selected='selected'>-- Selecciona la opci\u00f3n --<\/option><option value=\"Aplicaci\u00f3n de soldadura GMAW *DC-3\"  class=\"choice-1 depth-1\"  >Aplicaci\u00f3n de soldadura GMAW *DC-3<\/option><option value=\"Curso de programaci\u00f3n b\u00e1sica Robot (2,5 d\u00edas)\"  class=\"choice-2 depth-1\"  >Curso de programaci\u00f3n b\u00e1sica Robot (2,5 d\u00edas)<\/option><option value=\"Curso de programaci\u00f3n avanzada Robot (2 d\u00edas)\"  class=\"choice-3 depth-1\"  >Curso de programaci\u00f3n avanzada Robot (2 d\u00edas)<\/option><option value=\"Curso de mantenimiento Robot (2,5 d\u00edas)\"  class=\"choice-4 depth-1\"  >Curso de mantenimiento Robot (2,5 d\u00edas)<\/option><\/select><\/div>\t\t<div id=\"wpforms-525-field_1-container\"\n\t\t\tclass=\"wpforms-field wpforms-field-text\"\n\t\t\tdata-field-type=\"text\"\n\t\t\tdata-field-id=\"1\"\n\t\t\t>\n\t\t\t<label class=\"wpforms-field-label\" for=\"wpforms-525-field_1\" >que Tel\u00e9fono de<\/label>\n\t\t\t<input type=\"text\" id=\"wpforms-525-field_1\" class=\"wpforms-field-medium\" name=\"wpforms[fields][1]\" >\n\t\t<\/div>\n\t\t<div id=\"wpforms-525-field_8-container\" class=\"wpforms-field wpforms-field-textarea\" data-field-id=\"8\"><label class=\"wpforms-field-label\" for=\"wpforms-525-field_8\">Experiencia<\/label><textarea id=\"wpforms-525-field_8\" class=\"wpforms-field-large\" name=\"wpforms[fields][8]\" aria-errormessage=\"wpforms-525-field_8-error\" ><\/textarea><\/div><script>\n\t\t\t\t( function() {\n\t\t\t\t\tconst style = document.createElement( 'style' );\n\t\t\t\t\tstyle.appendChild( document.createTextNode( '#wpforms-525-field_1-container { position: absolute !important; overflow: hidden !important; display: inline !important; height: 1px !important; width: 1px !important; z-index: -1000 !important; padding: 0 !important; } #wpforms-525-field_1-container input { visibility: hidden; } #wpforms-conversational-form-page #wpforms-525-field_1-container label { counter-increment: none; }' ) );\n\t\t\t\t\tdocument.head.appendChild( style );\n\t\t\t\t\tdocument.currentScript?.remove();\n\t\t\t\t} )();\n\t\t\t<\/script><\/div><!-- .wpforms-field-container --><div class=\"wpforms-submit-container\" ><input type=\"hidden\" name=\"wpforms[id]\" value=\"525\"><input type=\"hidden\" name=\"page_title\" value=\"\"><input type=\"hidden\" name=\"page_url\" value=\"https:\/\/www.daihen.mx\/en\/wp-json\/wp\/v2\/pages\/572\"><input type=\"hidden\" name=\"url_referer\" value=\"\"><button type=\"submit\" name=\"wpforms[submit]\" id=\"wpforms-submit-525\" class=\"wpforms-submit\" data-alt-text=\"Enviando...\" data-submit-text=\"Enviar\" aria-live=\"assertive\" value=\"wpforms-submit\">Enviar<\/button><img decoding=\"async\" src=\"https:\/\/www.daihen.mx\/wp-content\/plugins\/wpforms-lite\/assets\/images\/submit-spin.svg\" class=\"wpforms-submit-spinner\" style=\"display: none;\" width=\"26\" height=\"26\" alt=\"Loading\"><\/div><\/form><\/div>  <!-- .wpforms-container -->\t\t\t\t<\/div>\n\t\t\t\t<\/div>\n\t\t\t\t\t<\/div>\n\t\t\t\t<\/div>\n\t\t\t\t<\/div>\n\t\t","protected":false},"excerpt":{"rendered":"<p>Capacitaci\u00f3n Curso de programaci\u00f3n b\u00e1sica (Robot) Duraci\u00f3n: 20 Horas Temario: Sistema del Robot Funciones y teclas del mando colgante Monitores [&hellip;]<\/p>\n","protected":false},"author":1,"featured_media":0,"parent":0,"menu_order":0,"comment_status":"closed","ping_status":"closed","template":"elementor_header_footer","meta":{"site-sidebar-layout":"no-sidebar","site-content-layout":"","ast-site-content-layout":"full-width-container","site-content-style":"default","site-sidebar-style":"default","ast-global-header-display":"","ast-banner-title-visibility":"","ast-main-header-display":"","ast-hfb-above-header-display":"","ast-hfb-below-header-display":"","ast-hfb-mobile-header-display":"","site-post-title":"disabled","ast-breadcrumbs-content":"","ast-featured-img":"disabled","footer-sml-layout":"","ast-disable-related-posts":"","theme-transparent-header-meta":"","adv-header-id-meta":"","stick-header-meta":"","header-above-stick-meta":"","header-main-stick-meta":"","header-below-stick-meta":"","astra-migrate-meta-layouts":"default","ast-page-background-enabled":"default","ast-page-background-meta":{"desktop":{"background-color":"var(--ast-global-color-5)","background-image":"","background-repeat":"repeat","background-position":"center center","background-size":"auto","background-attachment":"scroll","background-type":"","background-media":"","overlay-type":"","overlay-color":"","overlay-opacity":"","overlay-gradient":""},"tablet":{"background-color":"","background-image":"","background-repeat":"repeat","background-position":"center center","background-size":"auto","background-attachment":"scroll","background-type":"","background-media":"","overlay-type":"","overlay-color":"","overlay-opacity":"","overlay-gradient":""},"mobile":{"background-color":"","background-image":"","background-repeat":"repeat","background-position":"center center","background-size":"auto","background-attachment":"scroll","background-type":"","background-media":"","overlay-type":"","overlay-color":"","overlay-opacity":"","overlay-gradient":""}},"ast-content-background-meta":{"desktop":{"background-color":"var(--ast-global-color-4)","background-image":"","background-repeat":"repeat","background-position":"center center","background-size":"auto","background-attachment":"scroll","background-type":"","background-media":"","overlay-type":"","overlay-color":"","overlay-opacity":"","overlay-gradient":""},"tablet":{"background-color":"var(--ast-global-color-4)","background-image":"","background-repeat":"repeat","background-position":"center center","background-size":"auto","background-attachment":"scroll","background-type":"","background-media":"","overlay-type":"","overlay-color":"","overlay-opacity":"","overlay-gradient":""},"mobile":{"background-color":"var(--ast-global-color-4)","background-image":"","background-repeat":"repeat","background-position":"center center","background-size":"auto","background-attachment":"scroll","background-type":"","background-media":"","overlay-type":"","overlay-color":"","overlay-opacity":"","overlay-gradient":""}},"footnotes":""},"class_list":["post-572","page","type-page","status-publish","hentry"],"yoast_head":"<!-- This site is optimized with the Yoast SEO plugin v27.3 - https:\/\/yoast.com\/product\/yoast-seo-wordpress\/ -->\n<title>Curso de Programaci\u00f3n B\u00e1sica (Robot) -<\/title>\n<meta name=\"robots\" content=\"index, follow, max-snippet:-1, max-image-preview:large, max-video-preview:-1\" \/>\n<link rel=\"canonical\" href=\"https:\/\/www.daihen.mx\/en\/curso-de-programacion-basica-robot\/\" \/>\n<meta property=\"og:locale\" content=\"en_US\" \/>\n<meta property=\"og:type\" content=\"article\" \/>\n<meta property=\"og:title\" content=\"Curso de Programaci\u00f3n B\u00e1sica (Robot) -\" \/>\n<meta property=\"og:description\" content=\"Capacitaci\u00f3n Curso de programaci\u00f3n b\u00e1sica (Robot) Duraci\u00f3n: 20 Horas Temario: Sistema del Robot Funciones y teclas del mando colgante Monitores [&hellip;]\" \/>\n<meta property=\"og:url\" content=\"https:\/\/www.daihen.mx\/en\/curso-de-programacion-basica-robot\/\" \/>\n<meta property=\"article:modified_time\" content=\"2025-09-18T22:51:55+00:00\" \/>\n<meta property=\"og:image\" content=\"https:\/\/www.daihen.mx\/wp-content\/uploads\/2025\/08\/Prog-basica-3523.jpg\" \/>\n\t<meta property=\"og:image:width\" content=\"1600\" \/>\n\t<meta property=\"og:image:height\" content=\"1205\" \/>\n\t<meta property=\"og:image:type\" content=\"image\/jpeg\" \/>\n<meta name=\"twitter:card\" content=\"summary_large_image\" \/>\n<meta name=\"twitter:label1\" content=\"Est. reading time\" \/>\n\t<meta name=\"twitter:data1\" content=\"1 minute\" \/>\n<script type=\"application\/ld+json\" class=\"yoast-schema-graph\">{\"@context\":\"https:\\\/\\\/schema.org\",\"@graph\":[{\"@type\":\"WebPage\",\"@id\":\"https:\\\/\\\/www.daihen.mx\\\/curso-de-programacion-basica-robot\\\/\",\"url\":\"https:\\\/\\\/www.daihen.mx\\\/curso-de-programacion-basica-robot\\\/\",\"name\":\"Curso de Programaci\u00f3n B\u00e1sica (Robot) -\",\"isPartOf\":{\"@id\":\"https:\\\/\\\/www.daihen.mx\\\/#website\"},\"primaryImageOfPage\":{\"@id\":\"https:\\\/\\\/www.daihen.mx\\\/curso-de-programacion-basica-robot\\\/#primaryimage\"},\"image\":{\"@id\":\"https:\\\/\\\/www.daihen.mx\\\/curso-de-programacion-basica-robot\\\/#primaryimage\"},\"thumbnailUrl\":\"https:\\\/\\\/www.daihen.mx\\\/wp-content\\\/uploads\\\/2025\\\/08\\\/Prog-basica-3523-1024x771.jpg\",\"datePublished\":\"2025-07-21T23:32:33+00:00\",\"dateModified\":\"2025-09-18T22:51:55+00:00\",\"breadcrumb\":{\"@id\":\"https:\\\/\\\/www.daihen.mx\\\/curso-de-programacion-basica-robot\\\/#breadcrumb\"},\"inLanguage\":\"en-US\",\"potentialAction\":[{\"@type\":\"ReadAction\",\"target\":[\"https:\\\/\\\/www.daihen.mx\\\/curso-de-programacion-basica-robot\\\/\"]}]},{\"@type\":\"ImageObject\",\"inLanguage\":\"en-US\",\"@id\":\"https:\\\/\\\/www.daihen.mx\\\/curso-de-programacion-basica-robot\\\/#primaryimage\",\"url\":\"https:\\\/\\\/www.daihen.mx\\\/wp-content\\\/uploads\\\/2025\\\/08\\\/Prog-basica-3523-1024x771.jpg\",\"contentUrl\":\"https:\\\/\\\/www.daihen.mx\\\/wp-content\\\/uploads\\\/2025\\\/08\\\/Prog-basica-3523-1024x771.jpg\"},{\"@type\":\"BreadcrumbList\",\"@id\":\"https:\\\/\\\/www.daihen.mx\\\/curso-de-programacion-basica-robot\\\/#breadcrumb\",\"itemListElement\":[{\"@type\":\"ListItem\",\"position\":1,\"name\":\"Inicio\",\"item\":\"https:\\\/\\\/www.daihen.mx\\\/\"},{\"@type\":\"ListItem\",\"position\":2,\"name\":\"Curso de Programaci\u00f3n B\u00e1sica (Robot)\"}]},{\"@type\":\"WebSite\",\"@id\":\"https:\\\/\\\/www.daihen.mx\\\/#website\",\"url\":\"https:\\\/\\\/www.daihen.mx\\\/\",\"name\":\"\",\"description\":\"\",\"potentialAction\":[{\"@type\":\"SearchAction\",\"target\":{\"@type\":\"EntryPoint\",\"urlTemplate\":\"https:\\\/\\\/www.daihen.mx\\\/?s={search_term_string}\"},\"query-input\":{\"@type\":\"PropertyValueSpecification\",\"valueRequired\":true,\"valueName\":\"search_term_string\"}}],\"inLanguage\":\"en-US\"}]}<\/script>\n<!-- \/ Yoast SEO plugin. -->","yoast_head_json":{"title":"Curso de Programaci\u00f3n B\u00e1sica (Robot) -","robots":{"index":"index","follow":"follow","max-snippet":"max-snippet:-1","max-image-preview":"max-image-preview:large","max-video-preview":"max-video-preview:-1"},"canonical":"https:\/\/www.daihen.mx\/en\/curso-de-programacion-basica-robot\/","og_locale":"en_US","og_type":"article","og_title":"Curso de Programaci\u00f3n B\u00e1sica (Robot) -","og_description":"Capacitaci\u00f3n Curso de programaci\u00f3n b\u00e1sica (Robot) Duraci\u00f3n: 20 Horas Temario: Sistema del Robot Funciones y teclas del mando colgante Monitores [&hellip;]","og_url":"https:\/\/www.daihen.mx\/en\/curso-de-programacion-basica-robot\/","article_modified_time":"2025-09-18T22:51:55+00:00","og_image":[{"width":1600,"height":1205,"url":"https:\/\/www.daihen.mx\/wp-content\/uploads\/2025\/08\/Prog-basica-3523.jpg","type":"image\/jpeg"}],"twitter_card":"summary_large_image","twitter_misc":{"Est. reading time":"1 minute"},"schema":{"@context":"https:\/\/schema.org","@graph":[{"@type":"WebPage","@id":"https:\/\/www.daihen.mx\/curso-de-programacion-basica-robot\/","url":"https:\/\/www.daihen.mx\/curso-de-programacion-basica-robot\/","name":"Curso de Programaci\u00f3n B\u00e1sica (Robot) -","isPartOf":{"@id":"https:\/\/www.daihen.mx\/#website"},"primaryImageOfPage":{"@id":"https:\/\/www.daihen.mx\/curso-de-programacion-basica-robot\/#primaryimage"},"image":{"@id":"https:\/\/www.daihen.mx\/curso-de-programacion-basica-robot\/#primaryimage"},"thumbnailUrl":"https:\/\/www.daihen.mx\/wp-content\/uploads\/2025\/08\/Prog-basica-3523-1024x771.jpg","datePublished":"2025-07-21T23:32:33+00:00","dateModified":"2025-09-18T22:51:55+00:00","breadcrumb":{"@id":"https:\/\/www.daihen.mx\/curso-de-programacion-basica-robot\/#breadcrumb"},"inLanguage":"en-US","potentialAction":[{"@type":"ReadAction","target":["https:\/\/www.daihen.mx\/curso-de-programacion-basica-robot\/"]}]},{"@type":"ImageObject","inLanguage":"en-US","@id":"https:\/\/www.daihen.mx\/curso-de-programacion-basica-robot\/#primaryimage","url":"https:\/\/www.daihen.mx\/wp-content\/uploads\/2025\/08\/Prog-basica-3523-1024x771.jpg","contentUrl":"https:\/\/www.daihen.mx\/wp-content\/uploads\/2025\/08\/Prog-basica-3523-1024x771.jpg"},{"@type":"BreadcrumbList","@id":"https:\/\/www.daihen.mx\/curso-de-programacion-basica-robot\/#breadcrumb","itemListElement":[{"@type":"ListItem","position":1,"name":"Inicio","item":"https:\/\/www.daihen.mx\/"},{"@type":"ListItem","position":2,"name":"Curso de Programaci\u00f3n B\u00e1sica (Robot)"}]},{"@type":"WebSite","@id":"https:\/\/www.daihen.mx\/#website","url":"https:\/\/www.daihen.mx\/","name":"","description":"","potentialAction":[{"@type":"SearchAction","target":{"@type":"EntryPoint","urlTemplate":"https:\/\/www.daihen.mx\/?s={search_term_string}"},"query-input":{"@type":"PropertyValueSpecification","valueRequired":true,"valueName":"search_term_string"}}],"inLanguage":"en-US"}]}},"_links":{"self":[{"href":"https:\/\/www.daihen.mx\/en\/wp-json\/wp\/v2\/pages\/572","targetHints":{"allow":["GET"]}}],"collection":[{"href":"https:\/\/www.daihen.mx\/en\/wp-json\/wp\/v2\/pages"}],"about":[{"href":"https:\/\/www.daihen.mx\/en\/wp-json\/wp\/v2\/types\/page"}],"author":[{"embeddable":true,"href":"https:\/\/www.daihen.mx\/en\/wp-json\/wp\/v2\/users\/1"}],"replies":[{"embeddable":true,"href":"https:\/\/www.daihen.mx\/en\/wp-json\/wp\/v2\/comments?post=572"}],"version-history":[{"count":23,"href":"https:\/\/www.daihen.mx\/en\/wp-json\/wp\/v2\/pages\/572\/revisions"}],"predecessor-version":[{"id":825,"href":"https:\/\/www.daihen.mx\/en\/wp-json\/wp\/v2\/pages\/572\/revisions\/825"}],"wp:attachment":[{"href":"https:\/\/www.daihen.mx\/en\/wp-json\/wp\/v2\/media?parent=572"}],"curies":[{"name":"wp","href":"https:\/\/api.w.org\/{rel}","templated":true}]}}