{"id":722,"date":"2025-07-22T23:00:15","date_gmt":"2025-07-22T23:00:15","guid":{"rendered":"https:\/\/www.daihen.mx\/?page_id=722"},"modified":"2025-07-22T23:03:25","modified_gmt":"2025-07-22T23:03:25","slug":"aviso-de-privacidad","status":"publish","type":"page","link":"https:\/\/www.daihen.mx\/en\/aviso-de-privacidad\/","title":{"rendered":"Privacy Policy"},"content":{"rendered":"\n<p>DAIHEN MEXICO, S.A. DE C.V., mejor conocido como OTC DAIHEN, con domicilio en calle Av Mineral de&nbsp; Valenciana No 645 Int F3 y F4, colonia PARQUE INDUSTRIAL PUERTO INTERIOR, ciudad SILAO DE&nbsp; VICTORIA, municipio o delegaci\u00f3n SILAO DE VICTORIA, c.p. 36275, en la entidad de Guanajuato, pa\u00eds&nbsp; M\u00e9xico, y portal de internet eazua@daihen-mx.com, es el responsable del uso y protecci\u00f3n de sus datos&nbsp; personales, y al respecto le informamos lo siguiente:&nbsp;&nbsp;<\/p>\n\n\n\n<p><strong>\u00bfPara qu\u00e9 fines utilizaremos sus datos personales?&nbsp;&nbsp;<\/strong><\/p>\n\n\n\n<p>Los datos personales que recabamos de usted, los utilizaremos para las siguientes finalidades que son&nbsp; necesarias para el servicio que solicita:&nbsp;&nbsp;<\/p>\n\n\n\n<p>\u2022 INGRESAR AL SISTEMA DE FACTURACION&nbsp;<\/p>\n\n\n\n<p>De manera adicional, utilizaremos su informaci\u00f3n personal para las siguientes finalidades secundarias que <strong>no\u00a0 son necesarias <\/strong>para el servicio solicitado, pero que nos permiten y facilitan brindarle una mejor atenci\u00f3n:<br><br> \u2022 Mercadotecnia o publicitaria\u00a0<br> \u2022 Prospecci\u00f3n comercial<br><br><\/p>\n\n\n\n<p><\/p>\n\n\n\n<p>En caso de que no desee que sus datos personales se utilicen para estos fines secundarios, ind\u00edquelo a&nbsp; continuaci\u00f3n:&nbsp;<\/p>\n\n\n\n<p>No consiento que mis datos personales se utilicen para los siguientes fines:&nbsp;<\/p>\n\n\n\n<p>[ ] Mercadotecnia o publicitaria&nbsp;&nbsp;<\/p>\n\n\n\n<p>[ ] Prospecci\u00f3n comercial&nbsp;&nbsp;<\/p>\n\n\n\n<p>La negativa para el uso de sus datos personales para estas finalidades no podr\u00e1 ser un motivo para que le&nbsp; neguemos los servicios y productos que solicita o contrata con nosotros.&nbsp;<\/p>\n\n\n\n<p><strong>\u00bfQu\u00e9 datos personales utilizaremos para estos fines?&nbsp;&nbsp;<\/strong><\/p>\n\n\n\n<p>Para llevar a cabo las finalidades descritas en el presente aviso de privacidad, utilizaremos los siguientes&nbsp; datos personales:&nbsp;<\/p>\n\n\n\n<p>\u2022 Nombre&nbsp;<\/p>\n\n\n\n<p>\u2022 Registro Federal de Contribuyentes(RFC)&nbsp;<\/p>\n\n\n\n<p>\u2022 Clave \u00fanica de Registro de Poblaci\u00f3n (CURP)&nbsp;<\/p>\n\n\n\n<p>\u2022 Nacionalidad&nbsp;<\/p>\n\n\n\n<p>\u2022 Domicilio&nbsp;<\/p>\n\n\n\n<p>\u2022 Tel\u00e9fono particular&nbsp;<\/p>\n\n\n\n<p>\u2022 Tel\u00e9fono celular&nbsp;<\/p>\n\n\n\n<p>\u2022 Correo electr\u00f3nico&nbsp;<\/p>\n\n\n\n<p>\u2022 Firma aut\u00f3grafa&nbsp;<\/p>\n\n\n\n<p>\u2022 Puesto o cargo que desempe\u00f1a&nbsp;<\/p>\n\n\n\n<p>\u2022 Correo electr\u00f3nico institucional&nbsp;<\/p>\n\n\n\n<p>\u2022 Tel\u00e9fono institucional&nbsp;<\/p>\n\n\n\n<p>\u2022 Datos de identificaci\u00f3n&nbsp;<\/p>\n\n\n\n<p>\u2022 Datos de contacto&nbsp;<\/p>\n\n\n\n<p><strong>\u00bfCon qui\u00e9n compartimos su informaci\u00f3n personal y para qu\u00e9 fines?&nbsp;<\/strong><\/p>\n\n\n\n<p>Le informamos que sus datos personales son compartidos dentro del pa\u00eds con las siguientes personas,&nbsp; empresas, organizaciones o autoridades distintas a nosotros, para los siguientes fines:&nbsp;&nbsp;<\/p>\n\n\n\n<p><strong>\u00bfC\u00f3mo puede acceder, rectificar o cancelar sus datos personales, u oponerse a su uso?&nbsp;&nbsp;<\/strong><\/p>\n\n\n\n<p>Usted tiene derecho a conocer qu\u00e9 datos personales tenemos de usted, para qu\u00e9 los utilizamos y las&nbsp; condiciones del uso que les damos (Acceso). Asimismo, es su derecho solicitar la correcci\u00f3n de su&nbsp; informaci\u00f3n personal en caso de que est\u00e9 desactualizada, sea inexacta o incompleta (Rectificaci\u00f3n); que la&nbsp; eliminemos de nuestros registros o bases de datos cuando considere que la misma no est\u00e1 siendo utilizada&nbsp; adecuadamente (Cancelaci\u00f3n); as\u00ed como oponerse al uso de sus datos personales para fines espec\u00edficos&nbsp; (Oposici\u00f3n). Estos derechos se conocen como derechos ARCO.&nbsp;<\/p>\n\n\n\n<p>Para el ejercicio de cualquiera de los derechos ARCO, usted deber\u00e1 presentar la solicitud respectiva a trav\u00e9s&nbsp; del siguiente medio:&nbsp;&nbsp;<\/p>\n\n\n\n<p>LLAMANDO AL NUMERO TELEFONICO 472-748-94-35&nbsp;&nbsp;<\/p>\n\n\n\n<p>Para conocer el procedimiento y requisitos para el ejercicio de los derechos ARCO, ponemos a su disposici\u00f3n&nbsp; el siguiente medio:&nbsp;<\/p>\n\n\n\n<p>NUMERO TELEFONICO 472-748-94-35&nbsp;<\/p>\n\n\n\n<p>Los datos de contacto de la persona o departamento de datos personales, que est\u00e1 a cargo de dar tr\u00e1mite a&nbsp; las solicitudes de derechos ARCO, son los siguientes:&nbsp;&nbsp;<\/p>\n\n\n\n<p>a) Nombre de la persona o departamento de datos personales: ERNESTO AZUA MARTINEZ b) Domicilio: calle Av Mineral de Valenciana No 645 Int F3 y F4, colonia PARQUE INDUSTRIAL PUERTO&nbsp; INTERIOR, ciudad SILAO DE VICTORIA, municipio o delegaci\u00f3n SILAO DE VICTORIA, c.p. 36275, en la&nbsp; entidad de Guanajuato, pa\u00eds M\u00e9xico&nbsp;<\/p>\n\n\n\n<p>c) Correo electr\u00f3nico: azuagossler@gmail.com&nbsp;<\/p>\n\n\n\n<p>d) N\u00famero telef\u00f3nico: 472-748-94-35&nbsp;<\/p>\n\n\n\n<p><strong>Usted puede revocar su consentimiento para el uso de sus datos personales&nbsp;<\/strong><\/p>\n\n\n\n<p>Usted puede revocar el consentimiento que, en su caso, nos haya otorgado para el tratamiento de sus datos&nbsp; personales. Sin embargo, es importante que tenga en cuenta que no en todos los casos podremos atender su&nbsp; solicitud o concluir el uso de forma inmediata, ya que es posible que por alguna obligaci\u00f3n legal requiramos&nbsp; seguir tratando sus datos personales. Asimismo, usted deber\u00e1 considerar que para ciertos fines, la revocaci\u00f3n&nbsp; de su consentimiento implicar\u00e1 que no le podamos seguir prestando el servicio que nos solicit\u00f3, o la&nbsp; conclusi\u00f3n de su relaci\u00f3n con nosotros.&nbsp;<\/p>\n\n\n\n<p>Para revocar su consentimiento deber\u00e1 presentar su solicitud a trav\u00e9s del siguiente medio:&nbsp; eazua@daihen-mx.com&nbsp;&nbsp;<\/p>\n\n\n\n<p>Para conocer el procedimiento y requisitos para la revocaci\u00f3n del consentimiento, ponemos a su disposici\u00f3n el&nbsp; siguiente medio:&nbsp;<\/p>\n\n\n\n<p>eazua@daihen-mx.com&nbsp;<\/p>\n\n\n\n<p><strong>\u00bfC\u00f3mo puede limitar el uso o divulgaci\u00f3n de su informaci\u00f3n personal?&nbsp;&nbsp;<\/strong><\/p>\n\n\n\n<p>Con objeto de que usted pueda limitar el uso y divulgaci\u00f3n de su informaci\u00f3n personal, le ofrecemos los&nbsp; siguientes medios:&nbsp;&nbsp;<\/p>\n\n\n\n<p>eazua@daihen-mx.com&nbsp;<\/p>\n\n\n\n<p>Asimismo, usted se podr\u00e1 inscribir a los siguientes registros, en caso de que no desee obtener publicidad de&nbsp; nuestra parte:&nbsp;&nbsp;<\/p>\n\n\n\n<p>Registro P\u00fablico para Evitar Publicidad, para mayor informaci\u00f3n consulte el portal de internet de la PROFECO&nbsp;<\/p>\n\n\n\n<p><strong>\u00bfC\u00f3mo puede conocer los cambios en este aviso de privacidad?&nbsp;<\/strong><\/p>\n\n\n\n<p>El presente aviso de privacidad puede sufrir modificaciones, cambios o actualizaciones derivadas de nuevos&nbsp; requerimientos legales; de nuestras propias necesidades por los productos o servicios que ofrecemos; de&nbsp; nuestras pr\u00e1cticas de privacidad; de cambios en nuestro modelo de negocio, o por otras causas.&nbsp;<\/p>\n\n\n\n<p>Nos comprometemos a mantenerlo informado sobre los cambios que pueda sufrir el presente aviso de&nbsp; privacidad, a trav\u00e9s de: eazua@daihen-mx.com.&nbsp;<\/p>\n\n\n\n<p>El procedimiento a trav\u00e9s del cual se llevar\u00e1n a cabo las notificaciones sobre cambios o actualizaciones al&nbsp; presente aviso de privacidad es el siguiente:&nbsp;&nbsp;<\/p>\n\n\n\n<p>eazua@daihen-mx.com&nbsp;<\/p>\n\n\n\n<p><strong>Su consentimiento para el tratamiento de sus datos personales&nbsp;<\/strong><\/p>\n\n\n\n<p>Consiento que mis datos personales sean tratados de conformidad con los t\u00e9rminos y condiciones informados&nbsp; en el presente aviso de privacidad.<strong>[ ]&nbsp;<\/strong><\/p>\n\n\n\n<p>\u00daltima actualizaci\u00f3n: 22\/04\/2019&nbsp;<\/p>\n","protected":false},"excerpt":{"rendered":"<p>DAIHEN MEXICO, S.A. DE C.V., mejor conocido como OTC DAIHEN, con domicilio en calle Av Mineral de&nbsp; Valenciana No 645 [&hellip;]<\/p>\n","protected":false},"author":1,"featured_media":0,"parent":0,"menu_order":0,"comment_status":"closed","ping_status":"closed","template":"","meta":{"site-sidebar-layout":"default","site-content-layout":"","ast-site-content-layout":"default","site-content-style":"default","site-sidebar-style":"default","ast-global-header-display":"","ast-banner-title-visibility":"","ast-main-header-display":"","ast-hfb-above-header-display":"","ast-hfb-below-header-display":"","ast-hfb-mobile-header-display":"","site-post-title":"","ast-breadcrumbs-content":"","ast-featured-img":"","footer-sml-layout":"","ast-disable-related-posts":"","theme-transparent-header-meta":"","adv-header-id-meta":"","stick-header-meta":"","header-above-stick-meta":"","header-main-stick-meta":"","header-below-stick-meta":"","astra-migrate-meta-layouts":"default","ast-page-background-enabled":"default","ast-page-background-meta":{"desktop":{"background-color":"var(--ast-global-color-5)","background-image":"","background-repeat":"repeat","background-position":"center center","background-size":"auto","background-attachment":"scroll","background-type":"","background-media":"","overlay-type":"","overlay-color":"","overlay-opacity":"","overlay-gradient":""},"tablet":{"background-color":"","background-image":"","background-repeat":"repeat","background-position":"center center","background-size":"auto","background-attachment":"scroll","background-type":"","background-media":"","overlay-type":"","overlay-color":"","overlay-opacity":"","overlay-gradient":""},"mobile":{"background-color":"","background-image":"","background-repeat":"repeat","background-position":"center center","background-size":"auto","background-attachment":"scroll","background-type":"","background-media":"","overlay-type":"","overlay-color":"","overlay-opacity":"","overlay-gradient":""}},"ast-content-background-meta":{"desktop":{"background-color":"var(--ast-global-color-4)","background-image":"","background-repeat":"repeat","background-position":"center center","background-size":"auto","background-attachment":"scroll","background-type":"","background-media":"","overlay-type":"","overlay-color":"","overlay-opacity":"","overlay-gradient":""},"tablet":{"background-color":"var(--ast-global-color-4)","background-image":"","background-repeat":"repeat","background-position":"center center","background-size":"auto","background-attachment":"scroll","background-type":"","background-media":"","overlay-type":"","overlay-color":"","overlay-opacity":"","overlay-gradient":""},"mobile":{"background-color":"var(--ast-global-color-4)","background-image":"","background-repeat":"repeat","background-position":"center center","background-size":"auto","background-attachment":"scroll","background-type":"","background-media":"","overlay-type":"","overlay-color":"","overlay-opacity":"","overlay-gradient":""}},"footnotes":""},"class_list":["post-722","page","type-page","status-publish","hentry"],"yoast_head":"<!-- This site is optimized with the Yoast SEO plugin v27.3 - https:\/\/yoast.com\/product\/yoast-seo-wordpress\/ -->\n<title>Aviso de privacidad -<\/title>\n<meta name=\"robots\" content=\"index, follow, max-snippet:-1, max-image-preview:large, max-video-preview:-1\" \/>\n<link rel=\"canonical\" href=\"https:\/\/www.daihen.mx\/en\/aviso-de-privacidad\/\" \/>\n<meta property=\"og:locale\" content=\"en_US\" \/>\n<meta property=\"og:type\" content=\"article\" \/>\n<meta property=\"og:title\" content=\"Aviso de privacidad -\" \/>\n<meta property=\"og:description\" content=\"DAIHEN MEXICO, S.A. DE C.V., mejor conocido como OTC DAIHEN, con domicilio en calle Av Mineral de&nbsp; Valenciana No 645 [&hellip;]\" \/>\n<meta property=\"og:url\" content=\"https:\/\/www.daihen.mx\/en\/aviso-de-privacidad\/\" \/>\n<meta property=\"article:modified_time\" content=\"2025-07-22T23:03:25+00:00\" \/>\n<meta name=\"twitter:card\" content=\"summary_large_image\" \/>\n<meta name=\"twitter:label1\" content=\"Est. reading time\" \/>\n\t<meta name=\"twitter:data1\" content=\"5 minutes\" \/>\n<script type=\"application\/ld+json\" class=\"yoast-schema-graph\">{\"@context\":\"https:\\\/\\\/schema.org\",\"@graph\":[{\"@type\":\"WebPage\",\"@id\":\"https:\\\/\\\/www.daihen.mx\\\/aviso-de-privacidad\\\/\",\"url\":\"https:\\\/\\\/www.daihen.mx\\\/aviso-de-privacidad\\\/\",\"name\":\"Aviso de privacidad -\",\"isPartOf\":{\"@id\":\"https:\\\/\\\/www.daihen.mx\\\/#website\"},\"datePublished\":\"2025-07-22T23:00:15+00:00\",\"dateModified\":\"2025-07-22T23:03:25+00:00\",\"breadcrumb\":{\"@id\":\"https:\\\/\\\/www.daihen.mx\\\/aviso-de-privacidad\\\/#breadcrumb\"},\"inLanguage\":\"en-US\",\"potentialAction\":[{\"@type\":\"ReadAction\",\"target\":[\"https:\\\/\\\/www.daihen.mx\\\/aviso-de-privacidad\\\/\"]}]},{\"@type\":\"BreadcrumbList\",\"@id\":\"https:\\\/\\\/www.daihen.mx\\\/aviso-de-privacidad\\\/#breadcrumb\",\"itemListElement\":[{\"@type\":\"ListItem\",\"position\":1,\"name\":\"Inicio\",\"item\":\"https:\\\/\\\/www.daihen.mx\\\/\"},{\"@type\":\"ListItem\",\"position\":2,\"name\":\"Aviso de privacidad\"}]},{\"@type\":\"WebSite\",\"@id\":\"https:\\\/\\\/www.daihen.mx\\\/#website\",\"url\":\"https:\\\/\\\/www.daihen.mx\\\/\",\"name\":\"\",\"description\":\"\",\"potentialAction\":[{\"@type\":\"SearchAction\",\"target\":{\"@type\":\"EntryPoint\",\"urlTemplate\":\"https:\\\/\\\/www.daihen.mx\\\/?s={search_term_string}\"},\"query-input\":{\"@type\":\"PropertyValueSpecification\",\"valueRequired\":true,\"valueName\":\"search_term_string\"}}],\"inLanguage\":\"en-US\"}]}<\/script>\n<!-- \/ Yoast SEO plugin. -->","yoast_head_json":{"title":"Aviso de privacidad -","robots":{"index":"index","follow":"follow","max-snippet":"max-snippet:-1","max-image-preview":"max-image-preview:large","max-video-preview":"max-video-preview:-1"},"canonical":"https:\/\/www.daihen.mx\/en\/aviso-de-privacidad\/","og_locale":"en_US","og_type":"article","og_title":"Aviso de privacidad -","og_description":"DAIHEN MEXICO, S.A. DE C.V., mejor conocido como OTC DAIHEN, con domicilio en calle Av Mineral de&nbsp; Valenciana No 645 [&hellip;]","og_url":"https:\/\/www.daihen.mx\/en\/aviso-de-privacidad\/","article_modified_time":"2025-07-22T23:03:25+00:00","twitter_card":"summary_large_image","twitter_misc":{"Est. reading time":"5 minutes"},"schema":{"@context":"https:\/\/schema.org","@graph":[{"@type":"WebPage","@id":"https:\/\/www.daihen.mx\/aviso-de-privacidad\/","url":"https:\/\/www.daihen.mx\/aviso-de-privacidad\/","name":"Aviso de privacidad -","isPartOf":{"@id":"https:\/\/www.daihen.mx\/#website"},"datePublished":"2025-07-22T23:00:15+00:00","dateModified":"2025-07-22T23:03:25+00:00","breadcrumb":{"@id":"https:\/\/www.daihen.mx\/aviso-de-privacidad\/#breadcrumb"},"inLanguage":"en-US","potentialAction":[{"@type":"ReadAction","target":["https:\/\/www.daihen.mx\/aviso-de-privacidad\/"]}]},{"@type":"BreadcrumbList","@id":"https:\/\/www.daihen.mx\/aviso-de-privacidad\/#breadcrumb","itemListElement":[{"@type":"ListItem","position":1,"name":"Inicio","item":"https:\/\/www.daihen.mx\/"},{"@type":"ListItem","position":2,"name":"Aviso de privacidad"}]},{"@type":"WebSite","@id":"https:\/\/www.daihen.mx\/#website","url":"https:\/\/www.daihen.mx\/","name":"","description":"","potentialAction":[{"@type":"SearchAction","target":{"@type":"EntryPoint","urlTemplate":"https:\/\/www.daihen.mx\/?s={search_term_string}"},"query-input":{"@type":"PropertyValueSpecification","valueRequired":true,"valueName":"search_term_string"}}],"inLanguage":"en-US"}]}},"_links":{"self":[{"href":"https:\/\/www.daihen.mx\/en\/wp-json\/wp\/v2\/pages\/722","targetHints":{"allow":["GET"]}}],"collection":[{"href":"https:\/\/www.daihen.mx\/en\/wp-json\/wp\/v2\/pages"}],"about":[{"href":"https:\/\/www.daihen.mx\/en\/wp-json\/wp\/v2\/types\/page"}],"author":[{"embeddable":true,"href":"https:\/\/www.daihen.mx\/en\/wp-json\/wp\/v2\/users\/1"}],"replies":[{"embeddable":true,"href":"https:\/\/www.daihen.mx\/en\/wp-json\/wp\/v2\/comments?post=722"}],"version-history":[{"count":3,"href":"https:\/\/www.daihen.mx\/en\/wp-json\/wp\/v2\/pages\/722\/revisions"}],"predecessor-version":[{"id":729,"href":"https:\/\/www.daihen.mx\/en\/wp-json\/wp\/v2\/pages\/722\/revisions\/729"}],"wp:attachment":[{"href":"https:\/\/www.daihen.mx\/en\/wp-json\/wp\/v2\/media?parent=722"}],"curies":[{"name":"wp","href":"https:\/\/api.w.org\/{rel}","templated":true}]}}