{"id":254,"date":"2025-07-18T00:15:12","date_gmt":"2025-07-18T00:15:12","guid":{"rendered":"https:\/\/2025.daihen.mx\/?post_type=product&#038;p=254"},"modified":"2025-07-18T23:34:57","modified_gmt":"2025-07-18T23:34:57","slug":"fd-v25l","status":"publish","type":"product","link":"https:\/\/www.daihen.mx\/en\/product\/fd-v25l\/","title":{"rendered":"FD-V25L"},"content":{"rendered":"","protected":false},"excerpt":{"rendered":"<p><strong>Extra-Long Reach Medium Class Robot<\/strong><br \/>\n3m reach robot with 25kg payload.<\/p>\n<p><strong>Compared to other model:<\/strong><br \/>\n1.5times V8Land1.8 times V25! 3m reach covering a wide working area without a slider<\/p>\n<p><strong>High Speed Operation<br \/>\n<\/strong>Contributes to improved productivity with the highest operating speed in the same class.<\/p>\n<p><strong>Various application<br \/>\n<\/strong>A payload capacity of 25 kg is sufficient to attach various tools such as welding and handling!<\/p>\n<p>&nbsp;<\/p>","protected":false},"featured_media":256,"template":"","meta":{"site-sidebar-layout":"default","site-content-layout":"","ast-site-content-layout":"default","site-content-style":"default","site-sidebar-style":"default","ast-global-header-display":"","ast-banner-title-visibility":"","ast-main-header-display":"","ast-hfb-above-header-display":"","ast-hfb-below-header-display":"","ast-hfb-mobile-header-display":"","site-post-title":"","ast-breadcrumbs-content":"","ast-featured-img":"","footer-sml-layout":"","ast-disable-related-posts":"","theme-transparent-header-meta":"default","adv-header-id-meta":"","stick-header-meta":"default","header-above-stick-meta":"","header-main-stick-meta":"","header-below-stick-meta":"","astra-migrate-meta-layouts":"set","ast-page-background-enabled":"default","ast-page-background-meta":{"desktop":{"background-color":"var(--ast-global-color-5)","background-image":"","background-repeat":"repeat","background-position":"center center","background-size":"auto","background-attachment":"scroll","background-type":"","background-media":"","overlay-type":"","overlay-color":"","overlay-opacity":"","overlay-gradient":""},"tablet":{"background-color":"","background-image":"","background-repeat":"repeat","background-position":"center center","background-size":"auto","background-attachment":"scroll","background-type":"","background-media":"","overlay-type":"","overlay-color":"","overlay-opacity":"","overlay-gradient":""},"mobile":{"background-color":"","background-image":"","background-repeat":"repeat","background-position":"center center","background-size":"auto","background-attachment":"scroll","background-type":"","background-media":"","overlay-type":"","overlay-color":"","overlay-opacity":"","overlay-gradient":""}},"ast-content-background-meta":{"desktop":{"background-color":"var(--ast-global-color-4)","background-image":"","background-repeat":"repeat","background-position":"center center","background-size":"auto","background-attachment":"scroll","background-type":"","background-media":"","overlay-type":"","overlay-color":"","overlay-opacity":"","overlay-gradient":""},"tablet":{"background-color":"var(--ast-global-color-4)","background-image":"","background-repeat":"repeat","background-position":"center center","background-size":"auto","background-attachment":"scroll","background-type":"","background-media":"","overlay-type":"","overlay-color":"","overlay-opacity":"","overlay-gradient":""},"mobile":{"background-color":"var(--ast-global-color-4)","background-image":"","background-repeat":"repeat","background-position":"center center","background-size":"auto","background-attachment":"scroll","background-type":"","background-media":"","overlay-type":"","overlay-color":"","overlay-opacity":"","overlay-gradient":""}}},"product_brand":[],"product_cat":[41,15],"product_tag":[],"class_list":{"0":"post-254","1":"product","2":"type-product","3":"status-publish","4":"has-post-thumbnail","6":"product_cat-6-ejes","7":"product_cat-robots-y-automatizacion","8":"desktop-align-center","9":"tablet-align-left","10":"mobile-align-center","11":"ast-product-gallery-layout-horizontal-slider","12":"ast-product-gallery-with-no-image","13":"ast-magnify-disabled","14":"ast-product-tabs-layout-accordion","16":"first","17":"instock","18":"shipping-taxable","19":"product-type-simple"},"yoast_head":"<!-- This site is optimized with the Yoast SEO plugin v27.3 - https:\/\/yoast.com\/product\/yoast-seo-wordpress\/ -->\n<title>FD-V25L -<\/title>\n<meta name=\"robots\" content=\"index, follow, max-snippet:-1, max-image-preview:large, max-video-preview:-1\" \/>\n<link rel=\"canonical\" href=\"https:\/\/www.daihen.mx\/en\/product\/fd-v25l\/\" \/>\n<meta property=\"og:locale\" content=\"en_US\" \/>\n<meta property=\"og:type\" content=\"article\" \/>\n<meta property=\"og:title\" content=\"FD-V25L -\" \/>\n<meta property=\"og:description\" content=\"Robot de clase media de alcance extralargo Robot de alcance de 3 m con carga \u00fatil de 25 kg.  En comparaci\u00f3n con el modelo: \u00a11,5 veces V8L y 1,8 veces V25! Alcance de 3 m que cubre una amplia \u00e1rea de trabajo sin control deslizante  Operaci\u00f3n de alta velocidad Contribuye a mejorar la productividad con la mayor velocidad de operaci\u00f3n en la misma clase.  Varias aplicaciones \u00a1Una capacidad de carga de 25 kg es suficiente para acoplar diversas herramientas, como soldadura y manipulaci\u00f3n!  &nbsp;\" \/>\n<meta property=\"og:url\" content=\"https:\/\/www.daihen.mx\/en\/product\/fd-v25l\/\" \/>\n<meta property=\"article:modified_time\" content=\"2025-07-18T23:34:57+00:00\" \/>\n<meta property=\"og:image\" content=\"https:\/\/www.daihen.mx\/wp-content\/uploads\/2025\/07\/FD-V25L-producto.jpg\" \/>\n\t<meta property=\"og:image:width\" content=\"280\" \/>\n\t<meta property=\"og:image:height\" content=\"380\" \/>\n\t<meta property=\"og:image:type\" content=\"image\/jpeg\" \/>\n<meta name=\"twitter:card\" content=\"summary_large_image\" \/>\n<meta name=\"twitter:label1\" content=\"Est. reading time\" \/>\n\t<meta name=\"twitter:data1\" content=\"1 minute\" \/>\n<script type=\"application\/ld+json\" class=\"yoast-schema-graph\">{\"@context\":\"https:\\\/\\\/schema.org\",\"@graph\":[{\"@type\":\"WebPage\",\"@id\":\"https:\\\/\\\/www.daihen.mx\\\/en\\\/product\\\/fd-v25l\\\/\",\"url\":\"https:\\\/\\\/www.daihen.mx\\\/en\\\/product\\\/fd-v25l\\\/\",\"name\":\"FD-V25L -\",\"isPartOf\":{\"@id\":\"https:\\\/\\\/www.daihen.mx\\\/#website\"},\"primaryImageOfPage\":{\"@id\":\"https:\\\/\\\/www.daihen.mx\\\/en\\\/product\\\/fd-v25l\\\/#primaryimage\"},\"image\":{\"@id\":\"https:\\\/\\\/www.daihen.mx\\\/en\\\/product\\\/fd-v25l\\\/#primaryimage\"},\"thumbnailUrl\":\"https:\\\/\\\/www.daihen.mx\\\/wp-content\\\/uploads\\\/2025\\\/07\\\/FD-V25L-producto.jpg\",\"datePublished\":\"2025-07-18T00:15:12+00:00\",\"dateModified\":\"2025-07-18T23:34:57+00:00\",\"breadcrumb\":{\"@id\":\"https:\\\/\\\/www.daihen.mx\\\/en\\\/product\\\/fd-v25l\\\/#breadcrumb\"},\"inLanguage\":\"en-US\",\"potentialAction\":[{\"@type\":\"ReadAction\",\"target\":[\"https:\\\/\\\/www.daihen.mx\\\/en\\\/product\\\/fd-v25l\\\/\"]}]},{\"@type\":\"ImageObject\",\"inLanguage\":\"en-US\",\"@id\":\"https:\\\/\\\/www.daihen.mx\\\/en\\\/product\\\/fd-v25l\\\/#primaryimage\",\"url\":\"https:\\\/\\\/www.daihen.mx\\\/wp-content\\\/uploads\\\/2025\\\/07\\\/FD-V25L-producto.jpg\",\"contentUrl\":\"https:\\\/\\\/www.daihen.mx\\\/wp-content\\\/uploads\\\/2025\\\/07\\\/FD-V25L-producto.jpg\",\"width\":280,\"height\":380},{\"@type\":\"BreadcrumbList\",\"@id\":\"https:\\\/\\\/www.daihen.mx\\\/en\\\/product\\\/fd-v25l\\\/#breadcrumb\",\"itemListElement\":[{\"@type\":\"ListItem\",\"position\":1,\"name\":\"Inicio\",\"item\":\"https:\\\/\\\/www.daihen.mx\\\/\"},{\"@type\":\"ListItem\",\"position\":2,\"name\":\"Productos\",\"item\":\"https:\\\/\\\/www.daihen.mx\\\/productos\\\/\"},{\"@type\":\"ListItem\",\"position\":3,\"name\":\"FD-V25L\"}]},{\"@type\":\"WebSite\",\"@id\":\"https:\\\/\\\/www.daihen.mx\\\/#website\",\"url\":\"https:\\\/\\\/www.daihen.mx\\\/\",\"name\":\"\",\"description\":\"\",\"potentialAction\":[{\"@type\":\"SearchAction\",\"target\":{\"@type\":\"EntryPoint\",\"urlTemplate\":\"https:\\\/\\\/www.daihen.mx\\\/?s={search_term_string}\"},\"query-input\":{\"@type\":\"PropertyValueSpecification\",\"valueRequired\":true,\"valueName\":\"search_term_string\"}}],\"inLanguage\":\"en-US\"}]}<\/script>\n<!-- \/ Yoast SEO plugin. -->","yoast_head_json":{"title":"FD-V25L -","robots":{"index":"index","follow":"follow","max-snippet":"max-snippet:-1","max-image-preview":"max-image-preview:large","max-video-preview":"max-video-preview:-1"},"canonical":"https:\/\/www.daihen.mx\/en\/product\/fd-v25l\/","og_locale":"en_US","og_type":"article","og_title":"FD-V25L -","og_description":"Robot de clase media de alcance extralargo Robot de alcance de 3 m con carga \u00fatil de 25 kg.  En comparaci\u00f3n con el modelo: \u00a11,5 veces V8L y 1,8 veces V25! Alcance de 3 m que cubre una amplia \u00e1rea de trabajo sin control deslizante  Operaci\u00f3n de alta velocidad Contribuye a mejorar la productividad con la mayor velocidad de operaci\u00f3n en la misma clase.  Varias aplicaciones \u00a1Una capacidad de carga de 25 kg es suficiente para acoplar diversas herramientas, como soldadura y manipulaci\u00f3n!  &nbsp;","og_url":"https:\/\/www.daihen.mx\/en\/product\/fd-v25l\/","article_modified_time":"2025-07-18T23:34:57+00:00","og_image":[{"width":280,"height":380,"url":"https:\/\/www.daihen.mx\/wp-content\/uploads\/2025\/07\/FD-V25L-producto.jpg","type":"image\/jpeg"}],"twitter_card":"summary_large_image","twitter_misc":{"Est. reading time":"1 minute"},"schema":{"@context":"https:\/\/schema.org","@graph":[{"@type":"WebPage","@id":"https:\/\/www.daihen.mx\/en\/product\/fd-v25l\/","url":"https:\/\/www.daihen.mx\/en\/product\/fd-v25l\/","name":"FD-V25L -","isPartOf":{"@id":"https:\/\/www.daihen.mx\/#website"},"primaryImageOfPage":{"@id":"https:\/\/www.daihen.mx\/en\/product\/fd-v25l\/#primaryimage"},"image":{"@id":"https:\/\/www.daihen.mx\/en\/product\/fd-v25l\/#primaryimage"},"thumbnailUrl":"https:\/\/www.daihen.mx\/wp-content\/uploads\/2025\/07\/FD-V25L-producto.jpg","datePublished":"2025-07-18T00:15:12+00:00","dateModified":"2025-07-18T23:34:57+00:00","breadcrumb":{"@id":"https:\/\/www.daihen.mx\/en\/product\/fd-v25l\/#breadcrumb"},"inLanguage":"en-US","potentialAction":[{"@type":"ReadAction","target":["https:\/\/www.daihen.mx\/en\/product\/fd-v25l\/"]}]},{"@type":"ImageObject","inLanguage":"en-US","@id":"https:\/\/www.daihen.mx\/en\/product\/fd-v25l\/#primaryimage","url":"https:\/\/www.daihen.mx\/wp-content\/uploads\/2025\/07\/FD-V25L-producto.jpg","contentUrl":"https:\/\/www.daihen.mx\/wp-content\/uploads\/2025\/07\/FD-V25L-producto.jpg","width":280,"height":380},{"@type":"BreadcrumbList","@id":"https:\/\/www.daihen.mx\/en\/product\/fd-v25l\/#breadcrumb","itemListElement":[{"@type":"ListItem","position":1,"name":"Inicio","item":"https:\/\/www.daihen.mx\/"},{"@type":"ListItem","position":2,"name":"Productos","item":"https:\/\/www.daihen.mx\/productos\/"},{"@type":"ListItem","position":3,"name":"FD-V25L"}]},{"@type":"WebSite","@id":"https:\/\/www.daihen.mx\/#website","url":"https:\/\/www.daihen.mx\/","name":"","description":"","potentialAction":[{"@type":"SearchAction","target":{"@type":"EntryPoint","urlTemplate":"https:\/\/www.daihen.mx\/?s={search_term_string}"},"query-input":{"@type":"PropertyValueSpecification","valueRequired":true,"valueName":"search_term_string"}}],"inLanguage":"en-US"}]}},"_links":{"self":[{"href":"https:\/\/www.daihen.mx\/en\/wp-json\/wp\/v2\/product\/254","targetHints":{"allow":["GET"]}}],"collection":[{"href":"https:\/\/www.daihen.mx\/en\/wp-json\/wp\/v2\/product"}],"about":[{"href":"https:\/\/www.daihen.mx\/en\/wp-json\/wp\/v2\/types\/product"}],"version-history":[{"count":7,"href":"https:\/\/www.daihen.mx\/en\/wp-json\/wp\/v2\/product\/254\/revisions"}],"predecessor-version":[{"id":278,"href":"https:\/\/www.daihen.mx\/en\/wp-json\/wp\/v2\/product\/254\/revisions\/278"}],"wp:featuredmedia":[{"embeddable":true,"href":"https:\/\/www.daihen.mx\/en\/wp-json\/wp\/v2\/media\/256"}],"wp:attachment":[{"href":"https:\/\/www.daihen.mx\/en\/wp-json\/wp\/v2\/media?parent=254"}],"wp:term":[{"taxonomy":"product_brand","embeddable":true,"href":"https:\/\/www.daihen.mx\/en\/wp-json\/wp\/v2\/product_brand?post=254"},{"taxonomy":"product_cat","embeddable":true,"href":"https:\/\/www.daihen.mx\/en\/wp-json\/wp\/v2\/product_cat?post=254"},{"taxonomy":"product_tag","embeddable":true,"href":"https:\/\/www.daihen.mx\/en\/wp-json\/wp\/v2\/product_tag?post=254"}],"curies":[{"name":"wp","href":"https:\/\/api.w.org\/{rel}","templated":true}]}}