{"id":307,"date":"2025-07-18T22:17:04","date_gmt":"2025-07-18T22:17:04","guid":{"rendered":"https:\/\/2025.daihen.mx\/?post_type=product&#038;p=307"},"modified":"2025-07-18T22:18:20","modified_gmt":"2025-07-18T22:18:20","slug":"posicionadores-de-cabezal-y-contrapunto","status":"publish","type":"product","link":"https:\/\/www.daihen.mx\/en\/product\/posicionadores-de-cabezal-y-contrapunto\/","title":{"rendered":"Headstock and Tailstock Positioners"},"content":{"rendered":"","protected":false},"excerpt":{"rendered":"<p>All OTC DAIHEN positioners are controlled from the standard robot teaching pendant. Positioners are operated independently or synchronized with robot(s). High accuracy operation is made possible by the same AC servo motor and non-backlash reduction gear as our robots. Sleek, robust design allows for easy access and quick part removal.<\/p>\n<ul>\n<li style=\"list-style-type: none;\">\n<ul>\n<li>Compact design can be integrated into a 1-axis positioner<\/li>\n<li>Five attachment surfaces for quick system configuration changes<\/li>\n<li>Center hole can be used to route cables and hoses<\/li>\n<li>Optional air rotary joint, cable, and tail stock<\/li>\n<li>Applicable for all welding and cutting processes<\/li>\n<li>500 amp ground connection for welding<\/li>\n<\/ul>\n<\/li>\n<\/ul>\n<ul>\n<li>Synchromotion control with OTC DAIHEN robots<\/li>\n<\/ul>\n<p><a class=\"boton-wc\" href=\"http:\/\/2025.daihen.mx\/wp-content\/uploads\/2025\/07\/Positioner-Data.pdf\" target=\"_blank\" rel=\"noopener\">Technical Information<\/a><\/p>","protected":false},"featured_media":310,"template":"","meta":{"site-sidebar-layout":"default","site-content-layout":"","ast-site-content-layout":"default","site-content-style":"default","site-sidebar-style":"default","ast-global-header-display":"","ast-banner-title-visibility":"","ast-main-header-display":"","ast-hfb-above-header-display":"","ast-hfb-below-header-display":"","ast-hfb-mobile-header-display":"","site-post-title":"","ast-breadcrumbs-content":"","ast-featured-img":"","footer-sml-layout":"","ast-disable-related-posts":"","theme-transparent-header-meta":"default","adv-header-id-meta":"","stick-header-meta":"default","header-above-stick-meta":"","header-main-stick-meta":"","header-below-stick-meta":"","astra-migrate-meta-layouts":"set","ast-page-background-enabled":"default","ast-page-background-meta":{"desktop":{"background-color":"var(--ast-global-color-5)","background-image":"","background-repeat":"repeat","background-position":"center center","background-size":"auto","background-attachment":"scroll","background-type":"","background-media":"","overlay-type":"","overlay-color":"","overlay-opacity":"","overlay-gradient":""},"tablet":{"background-color":"","background-image":"","background-repeat":"repeat","background-position":"center center","background-size":"auto","background-attachment":"scroll","background-type":"","background-media":"","overlay-type":"","overlay-color":"","overlay-opacity":"","overlay-gradient":""},"mobile":{"background-color":"","background-image":"","background-repeat":"repeat","background-position":"center center","background-size":"auto","background-attachment":"scroll","background-type":"","background-media":"","overlay-type":"","overlay-color":"","overlay-opacity":"","overlay-gradient":""}},"ast-content-background-meta":{"desktop":{"background-color":"var(--ast-global-color-4)","background-image":"","background-repeat":"repeat","background-position":"center center","background-size":"auto","background-attachment":"scroll","background-type":"","background-media":"","overlay-type":"","overlay-color":"","overlay-opacity":"","overlay-gradient":""},"tablet":{"background-color":"var(--ast-global-color-4)","background-image":"","background-repeat":"repeat","background-position":"center center","background-size":"auto","background-attachment":"scroll","background-type":"","background-media":"","overlay-type":"","overlay-color":"","overlay-opacity":"","overlay-gradient":""},"mobile":{"background-color":"var(--ast-global-color-4)","background-image":"","background-repeat":"repeat","background-position":"center center","background-size":"auto","background-attachment":"scroll","background-type":"","background-media":"","overlay-type":"","overlay-color":"","overlay-opacity":"","overlay-gradient":""}}},"product_brand":[],"product_cat":[26],"product_tag":[],"class_list":{"0":"post-307","1":"product","2":"type-product","3":"status-publish","4":"has-post-thumbnail","6":"product_cat-posicionadores","7":"desktop-align-center","8":"tablet-align-left","9":"mobile-align-center","10":"ast-product-gallery-layout-horizontal-slider","11":"ast-product-gallery-with-no-image","12":"ast-magnify-disabled","13":"ast-product-tabs-layout-accordion","15":"first","16":"instock","17":"shipping-taxable","18":"product-type-simple"},"yoast_head":"<!-- This site is optimized with the Yoast SEO plugin v27.3 - https:\/\/yoast.com\/product\/yoast-seo-wordpress\/ -->\n<title>Posicionadores de cabezal y contrapunto -<\/title>\n<meta name=\"robots\" content=\"index, follow, max-snippet:-1, max-image-preview:large, max-video-preview:-1\" \/>\n<link rel=\"canonical\" href=\"https:\/\/www.daihen.mx\/en\/product\/posicionadores-de-cabezal-y-contrapunto\/\" \/>\n<meta property=\"og:locale\" content=\"en_US\" \/>\n<meta property=\"og:type\" content=\"article\" \/>\n<meta property=\"og:title\" content=\"Posicionadores de cabezal y contrapunto -\" \/>\n<meta property=\"og:description\" content=\"Todos los posicionadores OTC DAIHEN se controlan desde el teach pendant del robot est\u00e1ndar. Los posicionadores se operan de forma independiente o sincronizados con los robots. La operaci\u00f3n de alta precisi\u00f3n es posible gracias al mismo servomotor de CA y al engranaje de reducci\u00f3n sin contragolpe de nuestros robots. El dise\u00f1o elegante y robusto permite un f\u00e1cil acceso y una r\u00e1pida extracci\u00f3n de piezas.      El dise\u00f1o compacto se puede integrar en un posicionador de 1 eje  Cuatro superficies de fijaci\u00f3n para cambios r\u00e1pidos de configuraci\u00f3n del sistema  El orificio central se puede usar para enrutar cables y mangueras  Junta rotativa de aire, cable y cola opcionales  Aplicable a todos los procesos de soldadura y corte.  Conexi\u00f3n a tierra de 500 amperios para soldar      Control de sincronizaci\u00f3n con robots OTC DAIHEN  Descargar ficha t\u00e9cnica\" \/>\n<meta property=\"og:url\" content=\"https:\/\/www.daihen.mx\/en\/product\/posicionadores-de-cabezal-y-contrapunto\/\" \/>\n<meta property=\"article:modified_time\" content=\"2025-07-18T22:18:20+00:00\" \/>\n<meta property=\"og:image\" content=\"https:\/\/www.daihen.mx\/wp-content\/uploads\/2025\/07\/Posicionador-de-cabezal-y-contrapunto-1.jpg\" \/>\n\t<meta property=\"og:image:width\" content=\"300\" \/>\n\t<meta property=\"og:image:height\" content=\"300\" \/>\n\t<meta property=\"og:image:type\" content=\"image\/jpeg\" \/>\n<meta name=\"twitter:card\" content=\"summary_large_image\" \/>\n<meta name=\"twitter:label1\" content=\"Est. reading time\" \/>\n\t<meta name=\"twitter:data1\" content=\"1 minute\" \/>\n<script type=\"application\/ld+json\" class=\"yoast-schema-graph\">{\"@context\":\"https:\\\/\\\/schema.org\",\"@graph\":[{\"@type\":\"WebPage\",\"@id\":\"https:\\\/\\\/www.daihen.mx\\\/producto\\\/posicionadores-de-cabezal-y-contrapunto\\\/\",\"url\":\"https:\\\/\\\/www.daihen.mx\\\/producto\\\/posicionadores-de-cabezal-y-contrapunto\\\/\",\"name\":\"Posicionadores de cabezal y contrapunto -\",\"isPartOf\":{\"@id\":\"https:\\\/\\\/www.daihen.mx\\\/#website\"},\"primaryImageOfPage\":{\"@id\":\"https:\\\/\\\/www.daihen.mx\\\/producto\\\/posicionadores-de-cabezal-y-contrapunto\\\/#primaryimage\"},\"image\":{\"@id\":\"https:\\\/\\\/www.daihen.mx\\\/producto\\\/posicionadores-de-cabezal-y-contrapunto\\\/#primaryimage\"},\"thumbnailUrl\":\"https:\\\/\\\/www.daihen.mx\\\/wp-content\\\/uploads\\\/2025\\\/07\\\/Posicionador-de-cabezal-y-contrapunto-1.jpg\",\"datePublished\":\"2025-07-18T22:17:04+00:00\",\"dateModified\":\"2025-07-18T22:18:20+00:00\",\"breadcrumb\":{\"@id\":\"https:\\\/\\\/www.daihen.mx\\\/producto\\\/posicionadores-de-cabezal-y-contrapunto\\\/#breadcrumb\"},\"inLanguage\":\"en-US\",\"potentialAction\":[{\"@type\":\"ReadAction\",\"target\":[\"https:\\\/\\\/www.daihen.mx\\\/producto\\\/posicionadores-de-cabezal-y-contrapunto\\\/\"]}]},{\"@type\":\"ImageObject\",\"inLanguage\":\"en-US\",\"@id\":\"https:\\\/\\\/www.daihen.mx\\\/producto\\\/posicionadores-de-cabezal-y-contrapunto\\\/#primaryimage\",\"url\":\"https:\\\/\\\/www.daihen.mx\\\/wp-content\\\/uploads\\\/2025\\\/07\\\/Posicionador-de-cabezal-y-contrapunto-1.jpg\",\"contentUrl\":\"https:\\\/\\\/www.daihen.mx\\\/wp-content\\\/uploads\\\/2025\\\/07\\\/Posicionador-de-cabezal-y-contrapunto-1.jpg\",\"width\":300,\"height\":300},{\"@type\":\"BreadcrumbList\",\"@id\":\"https:\\\/\\\/www.daihen.mx\\\/producto\\\/posicionadores-de-cabezal-y-contrapunto\\\/#breadcrumb\",\"itemListElement\":[{\"@type\":\"ListItem\",\"position\":1,\"name\":\"Inicio\",\"item\":\"https:\\\/\\\/www.daihen.mx\\\/\"},{\"@type\":\"ListItem\",\"position\":2,\"name\":\"Productos\",\"item\":\"https:\\\/\\\/www.daihen.mx\\\/productos\\\/\"},{\"@type\":\"ListItem\",\"position\":3,\"name\":\"Posicionadores de cabezal y contrapunto\"}]},{\"@type\":\"WebSite\",\"@id\":\"https:\\\/\\\/www.daihen.mx\\\/#website\",\"url\":\"https:\\\/\\\/www.daihen.mx\\\/\",\"name\":\"\",\"description\":\"\",\"potentialAction\":[{\"@type\":\"SearchAction\",\"target\":{\"@type\":\"EntryPoint\",\"urlTemplate\":\"https:\\\/\\\/www.daihen.mx\\\/?s={search_term_string}\"},\"query-input\":{\"@type\":\"PropertyValueSpecification\",\"valueRequired\":true,\"valueName\":\"search_term_string\"}}],\"inLanguage\":\"en-US\"}]}<\/script>\n<!-- \/ Yoast SEO plugin. -->","yoast_head_json":{"title":"Posicionadores de cabezal y contrapunto -","robots":{"index":"index","follow":"follow","max-snippet":"max-snippet:-1","max-image-preview":"max-image-preview:large","max-video-preview":"max-video-preview:-1"},"canonical":"https:\/\/www.daihen.mx\/en\/product\/posicionadores-de-cabezal-y-contrapunto\/","og_locale":"en_US","og_type":"article","og_title":"Posicionadores de cabezal y contrapunto -","og_description":"Todos los posicionadores OTC DAIHEN se controlan desde el teach pendant del robot est\u00e1ndar. Los posicionadores se operan de forma independiente o sincronizados con los robots. La operaci\u00f3n de alta precisi\u00f3n es posible gracias al mismo servomotor de CA y al engranaje de reducci\u00f3n sin contragolpe de nuestros robots. El dise\u00f1o elegante y robusto permite un f\u00e1cil acceso y una r\u00e1pida extracci\u00f3n de piezas.      El dise\u00f1o compacto se puede integrar en un posicionador de 1 eje  Cuatro superficies de fijaci\u00f3n para cambios r\u00e1pidos de configuraci\u00f3n del sistema  El orificio central se puede usar para enrutar cables y mangueras  Junta rotativa de aire, cable y cola opcionales  Aplicable a todos los procesos de soldadura y corte.  Conexi\u00f3n a tierra de 500 amperios para soldar      Control de sincronizaci\u00f3n con robots OTC DAIHEN  Descargar ficha t\u00e9cnica","og_url":"https:\/\/www.daihen.mx\/en\/product\/posicionadores-de-cabezal-y-contrapunto\/","article_modified_time":"2025-07-18T22:18:20+00:00","og_image":[{"width":300,"height":300,"url":"https:\/\/www.daihen.mx\/wp-content\/uploads\/2025\/07\/Posicionador-de-cabezal-y-contrapunto-1.jpg","type":"image\/jpeg"}],"twitter_card":"summary_large_image","twitter_misc":{"Est. reading time":"1 minute"},"schema":{"@context":"https:\/\/schema.org","@graph":[{"@type":"WebPage","@id":"https:\/\/www.daihen.mx\/producto\/posicionadores-de-cabezal-y-contrapunto\/","url":"https:\/\/www.daihen.mx\/producto\/posicionadores-de-cabezal-y-contrapunto\/","name":"Posicionadores de cabezal y contrapunto -","isPartOf":{"@id":"https:\/\/www.daihen.mx\/#website"},"primaryImageOfPage":{"@id":"https:\/\/www.daihen.mx\/producto\/posicionadores-de-cabezal-y-contrapunto\/#primaryimage"},"image":{"@id":"https:\/\/www.daihen.mx\/producto\/posicionadores-de-cabezal-y-contrapunto\/#primaryimage"},"thumbnailUrl":"https:\/\/www.daihen.mx\/wp-content\/uploads\/2025\/07\/Posicionador-de-cabezal-y-contrapunto-1.jpg","datePublished":"2025-07-18T22:17:04+00:00","dateModified":"2025-07-18T22:18:20+00:00","breadcrumb":{"@id":"https:\/\/www.daihen.mx\/producto\/posicionadores-de-cabezal-y-contrapunto\/#breadcrumb"},"inLanguage":"en-US","potentialAction":[{"@type":"ReadAction","target":["https:\/\/www.daihen.mx\/producto\/posicionadores-de-cabezal-y-contrapunto\/"]}]},{"@type":"ImageObject","inLanguage":"en-US","@id":"https:\/\/www.daihen.mx\/producto\/posicionadores-de-cabezal-y-contrapunto\/#primaryimage","url":"https:\/\/www.daihen.mx\/wp-content\/uploads\/2025\/07\/Posicionador-de-cabezal-y-contrapunto-1.jpg","contentUrl":"https:\/\/www.daihen.mx\/wp-content\/uploads\/2025\/07\/Posicionador-de-cabezal-y-contrapunto-1.jpg","width":300,"height":300},{"@type":"BreadcrumbList","@id":"https:\/\/www.daihen.mx\/producto\/posicionadores-de-cabezal-y-contrapunto\/#breadcrumb","itemListElement":[{"@type":"ListItem","position":1,"name":"Inicio","item":"https:\/\/www.daihen.mx\/"},{"@type":"ListItem","position":2,"name":"Productos","item":"https:\/\/www.daihen.mx\/productos\/"},{"@type":"ListItem","position":3,"name":"Posicionadores de cabezal y contrapunto"}]},{"@type":"WebSite","@id":"https:\/\/www.daihen.mx\/#website","url":"https:\/\/www.daihen.mx\/","name":"","description":"","potentialAction":[{"@type":"SearchAction","target":{"@type":"EntryPoint","urlTemplate":"https:\/\/www.daihen.mx\/?s={search_term_string}"},"query-input":{"@type":"PropertyValueSpecification","valueRequired":true,"valueName":"search_term_string"}}],"inLanguage":"en-US"}]}},"_links":{"self":[{"href":"https:\/\/www.daihen.mx\/en\/wp-json\/wp\/v2\/product\/307","targetHints":{"allow":["GET"]}}],"collection":[{"href":"https:\/\/www.daihen.mx\/en\/wp-json\/wp\/v2\/product"}],"about":[{"href":"https:\/\/www.daihen.mx\/en\/wp-json\/wp\/v2\/types\/product"}],"version-history":[{"count":1,"href":"https:\/\/www.daihen.mx\/en\/wp-json\/wp\/v2\/product\/307\/revisions"}],"predecessor-version":[{"id":309,"href":"https:\/\/www.daihen.mx\/en\/wp-json\/wp\/v2\/product\/307\/revisions\/309"}],"wp:featuredmedia":[{"embeddable":true,"href":"https:\/\/www.daihen.mx\/en\/wp-json\/wp\/v2\/media\/310"}],"wp:attachment":[{"href":"https:\/\/www.daihen.mx\/en\/wp-json\/wp\/v2\/media?parent=307"}],"wp:term":[{"taxonomy":"product_brand","embeddable":true,"href":"https:\/\/www.daihen.mx\/en\/wp-json\/wp\/v2\/product_brand?post=307"},{"taxonomy":"product_cat","embeddable":true,"href":"https:\/\/www.daihen.mx\/en\/wp-json\/wp\/v2\/product_cat?post=307"},{"taxonomy":"product_tag","embeddable":true,"href":"https:\/\/www.daihen.mx\/en\/wp-json\/wp\/v2\/product_tag?post=307"}],"curies":[{"name":"wp","href":"https:\/\/api.w.org\/{rel}","templated":true}]}}