{"id":387,"date":"2025-07-18T23:29:06","date_gmt":"2025-07-18T23:29:06","guid":{"rendered":"https:\/\/2025.daihen.mx\/?post_type=product&#038;p=387"},"modified":"2025-07-18T23:30:31","modified_gmt":"2025-07-18T23:30:31","slug":"wb-p500l","status":"publish","type":"product","link":"https:\/\/www.daihen.mx\/en\/product\/wb-p500l\/","title":{"rendered":"WB-P500L"},"content":{"rendered":"<p>Key Features &amp; Benefits<br \/>\n\u2022 Modo de salpicadura extra baja CBT-EX para aceros al carbono e inoxidables.<br \/>\n\u2022 Socavado reducido durante la soldadura de alta velocidad.<br \/>\nHigh duty cycle for high output and automated applications<br \/>\n\u2022 Opci\u00f3n J-Solution \u2122 para una soldabilidad excepcional de aceros recubiertos de zinc<\/p>","protected":false},"excerpt":{"rendered":"<p>Fuente de energ\u00eda de soldadura de modo de pulso \/ baja salpicadura<\/p>\n<p>Nuestra fuente de energ\u00eda de soldadura basada en inversor de 500 A ofrece un rendimiento de soldadura \u00f3ptimo en acero, acero inoxidable y aluminio. Este Welbee P500L reduce significativamente la generaci\u00f3n de salpicaduras en todo el rango de corrientes de soldadura bajas a altas, brindando soldadura por pulsos de alta calidad al realizar un control de forma de onda optimizado de acuerdo con los materiales.<\/p>\n<p><a class=\"boton-wc\" href=\"http:\/\/www.daihen.mx\/wp-content\/uploads\/2025\/07\/Welbee_LT_140801_02_150dpi-1-1.pdf\" target=\"_blank\" rel=\"noopener\">Brochure<\/a> \u00a0<a class=\"boton-wc\" href=\"http:\/\/www.daihen.mx\/wp-content\/uploads\/2025\/07\/Ficha-tecnica-WB-P500L.pdf\" target=\"_blank\" rel=\"noopener\">Ficha t\u00e9cnica<\/a><\/p>","protected":false},"featured_media":390,"template":"","meta":{"site-sidebar-layout":"default","site-content-layout":"","ast-site-content-layout":"default","site-content-style":"default","site-sidebar-style":"default","ast-global-header-display":"","ast-banner-title-visibility":"","ast-main-header-display":"","ast-hfb-above-header-display":"","ast-hfb-below-header-display":"","ast-hfb-mobile-header-display":"","site-post-title":"","ast-breadcrumbs-content":"","ast-featured-img":"","footer-sml-layout":"","ast-disable-related-posts":"","theme-transparent-header-meta":"default","adv-header-id-meta":"","stick-header-meta":"default","header-above-stick-meta":"","header-main-stick-meta":"","header-below-stick-meta":"","astra-migrate-meta-layouts":"set","ast-page-background-enabled":"default","ast-page-background-meta":{"desktop":{"background-color":"var(--ast-global-color-5)","background-image":"","background-repeat":"repeat","background-position":"center center","background-size":"auto","background-attachment":"scroll","background-type":"","background-media":"","overlay-type":"","overlay-color":"","overlay-opacity":"","overlay-gradient":""},"tablet":{"background-color":"","background-image":"","background-repeat":"repeat","background-position":"center center","background-size":"auto","background-attachment":"scroll","background-type":"","background-media":"","overlay-type":"","overlay-color":"","overlay-opacity":"","overlay-gradient":""},"mobile":{"background-color":"","background-image":"","background-repeat":"repeat","background-position":"center center","background-size":"auto","background-attachment":"scroll","background-type":"","background-media":"","overlay-type":"","overlay-color":"","overlay-opacity":"","overlay-gradient":""}},"ast-content-background-meta":{"desktop":{"background-color":"var(--ast-global-color-4)","background-image":"","background-repeat":"repeat","background-position":"center center","background-size":"auto","background-attachment":"scroll","background-type":"","background-media":"","overlay-type":"","overlay-color":"","overlay-opacity":"","overlay-gradient":""},"tablet":{"background-color":"var(--ast-global-color-4)","background-image":"","background-repeat":"repeat","background-position":"center center","background-size":"auto","background-attachment":"scroll","background-type":"","background-media":"","overlay-type":"","overlay-color":"","overlay-opacity":"","overlay-gradient":""},"mobile":{"background-color":"var(--ast-global-color-4)","background-image":"","background-repeat":"repeat","background-position":"center center","background-size":"auto","background-attachment":"scroll","background-type":"","background-media":"","overlay-type":"","overlay-color":"","overlay-opacity":"","overlay-gradient":""}}},"product_brand":[],"product_cat":[27],"product_tag":[],"class_list":{"0":"post-387","1":"product","2":"type-product","3":"status-publish","4":"has-post-thumbnail","6":"product_cat-maquinas-soldadoras","7":"desktop-align-center","8":"tablet-align-left","9":"mobile-align-center","10":"ast-product-gallery-layout-horizontal-slider","11":"ast-product-gallery-with-no-image","12":"ast-magnify-disabled","13":"ast-product-tabs-layout-accordion","15":"first","16":"instock","17":"shipping-taxable","18":"product-type-simple"},"yoast_head":"<!-- This site is optimized with the Yoast SEO plugin v27.3 - https:\/\/yoast.com\/product\/yoast-seo-wordpress\/ -->\n<title>WB-P500L -<\/title>\n<meta name=\"robots\" content=\"index, follow, max-snippet:-1, max-image-preview:large, max-video-preview:-1\" \/>\n<link rel=\"canonical\" href=\"https:\/\/www.daihen.mx\/en\/product\/wb-p500l\/\" \/>\n<meta property=\"og:locale\" content=\"en_US\" \/>\n<meta property=\"og:type\" content=\"article\" \/>\n<meta property=\"og:title\" content=\"WB-P500L -\" \/>\n<meta property=\"og:description\" content=\"Fuente de energ\u00eda de soldadura de modo de pulso \/ baja salpicadura  Nuestra fuente de energ\u00eda de soldadura basada en inversor de 500 A ofrece un rendimiento de soldadura \u00f3ptimo en acero, acero inoxidable y aluminio. Este Welbee P500L reduce significativamente la generaci\u00f3n de salpicaduras en todo el rango de corrientes de soldadura bajas a altas, brindando soldadura por pulsos de alta calidad al realizar un control de forma de onda optimizado de acuerdo con los materiales.  Brochure \u00a0Ficha t\u00e9cnica\" \/>\n<meta property=\"og:url\" content=\"https:\/\/www.daihen.mx\/en\/product\/wb-p500l\/\" \/>\n<meta property=\"article:modified_time\" content=\"2025-07-18T23:30:31+00:00\" \/>\n<meta property=\"og:image\" content=\"https:\/\/www.daihen.mx\/wp-content\/uploads\/2025\/07\/WB-P500L.png\" \/>\n\t<meta property=\"og:image:width\" content=\"500\" \/>\n\t<meta property=\"og:image:height\" content=\"500\" \/>\n\t<meta property=\"og:image:type\" content=\"image\/png\" \/>\n<meta name=\"twitter:card\" content=\"summary_large_image\" \/>\n<meta name=\"twitter:label1\" content=\"Est. reading time\" \/>\n\t<meta name=\"twitter:data1\" content=\"1 minute\" \/>\n<script type=\"application\/ld+json\" class=\"yoast-schema-graph\">{\"@context\":\"https:\\\/\\\/schema.org\",\"@graph\":[{\"@type\":\"WebPage\",\"@id\":\"https:\\\/\\\/www.daihen.mx\\\/producto\\\/wb-p500l\\\/\",\"url\":\"https:\\\/\\\/www.daihen.mx\\\/producto\\\/wb-p500l\\\/\",\"name\":\"WB-P500L -\",\"isPartOf\":{\"@id\":\"https:\\\/\\\/www.daihen.mx\\\/#website\"},\"primaryImageOfPage\":{\"@id\":\"https:\\\/\\\/www.daihen.mx\\\/producto\\\/wb-p500l\\\/#primaryimage\"},\"image\":{\"@id\":\"https:\\\/\\\/www.daihen.mx\\\/producto\\\/wb-p500l\\\/#primaryimage\"},\"thumbnailUrl\":\"https:\\\/\\\/www.daihen.mx\\\/wp-content\\\/uploads\\\/2025\\\/07\\\/WB-P500L.png\",\"datePublished\":\"2025-07-18T23:29:06+00:00\",\"dateModified\":\"2025-07-18T23:30:31+00:00\",\"breadcrumb\":{\"@id\":\"https:\\\/\\\/www.daihen.mx\\\/producto\\\/wb-p500l\\\/#breadcrumb\"},\"inLanguage\":\"en-US\",\"potentialAction\":[{\"@type\":\"ReadAction\",\"target\":[\"https:\\\/\\\/www.daihen.mx\\\/producto\\\/wb-p500l\\\/\"]}]},{\"@type\":\"ImageObject\",\"inLanguage\":\"en-US\",\"@id\":\"https:\\\/\\\/www.daihen.mx\\\/producto\\\/wb-p500l\\\/#primaryimage\",\"url\":\"https:\\\/\\\/www.daihen.mx\\\/wp-content\\\/uploads\\\/2025\\\/07\\\/WB-P500L.png\",\"contentUrl\":\"https:\\\/\\\/www.daihen.mx\\\/wp-content\\\/uploads\\\/2025\\\/07\\\/WB-P500L.png\",\"width\":500,\"height\":500},{\"@type\":\"BreadcrumbList\",\"@id\":\"https:\\\/\\\/www.daihen.mx\\\/producto\\\/wb-p500l\\\/#breadcrumb\",\"itemListElement\":[{\"@type\":\"ListItem\",\"position\":1,\"name\":\"Inicio\",\"item\":\"https:\\\/\\\/www.daihen.mx\\\/\"},{\"@type\":\"ListItem\",\"position\":2,\"name\":\"Productos\",\"item\":\"https:\\\/\\\/www.daihen.mx\\\/productos\\\/\"},{\"@type\":\"ListItem\",\"position\":3,\"name\":\"WB-P500L\"}]},{\"@type\":\"WebSite\",\"@id\":\"https:\\\/\\\/www.daihen.mx\\\/#website\",\"url\":\"https:\\\/\\\/www.daihen.mx\\\/\",\"name\":\"\",\"description\":\"\",\"potentialAction\":[{\"@type\":\"SearchAction\",\"target\":{\"@type\":\"EntryPoint\",\"urlTemplate\":\"https:\\\/\\\/www.daihen.mx\\\/?s={search_term_string}\"},\"query-input\":{\"@type\":\"PropertyValueSpecification\",\"valueRequired\":true,\"valueName\":\"search_term_string\"}}],\"inLanguage\":\"en-US\"}]}<\/script>\n<!-- \/ Yoast SEO plugin. -->","yoast_head_json":{"title":"WB-P500L -","robots":{"index":"index","follow":"follow","max-snippet":"max-snippet:-1","max-image-preview":"max-image-preview:large","max-video-preview":"max-video-preview:-1"},"canonical":"https:\/\/www.daihen.mx\/en\/product\/wb-p500l\/","og_locale":"en_US","og_type":"article","og_title":"WB-P500L -","og_description":"Fuente de energ\u00eda de soldadura de modo de pulso \/ baja salpicadura  Nuestra fuente de energ\u00eda de soldadura basada en inversor de 500 A ofrece un rendimiento de soldadura \u00f3ptimo en acero, acero inoxidable y aluminio. Este Welbee P500L reduce significativamente la generaci\u00f3n de salpicaduras en todo el rango de corrientes de soldadura bajas a altas, brindando soldadura por pulsos de alta calidad al realizar un control de forma de onda optimizado de acuerdo con los materiales.  Brochure \u00a0Ficha t\u00e9cnica","og_url":"https:\/\/www.daihen.mx\/en\/product\/wb-p500l\/","article_modified_time":"2025-07-18T23:30:31+00:00","og_image":[{"width":500,"height":500,"url":"https:\/\/www.daihen.mx\/wp-content\/uploads\/2025\/07\/WB-P500L.png","type":"image\/png"}],"twitter_card":"summary_large_image","twitter_misc":{"Est. reading time":"1 minute"},"schema":{"@context":"https:\/\/schema.org","@graph":[{"@type":"WebPage","@id":"https:\/\/www.daihen.mx\/producto\/wb-p500l\/","url":"https:\/\/www.daihen.mx\/producto\/wb-p500l\/","name":"WB-P500L -","isPartOf":{"@id":"https:\/\/www.daihen.mx\/#website"},"primaryImageOfPage":{"@id":"https:\/\/www.daihen.mx\/producto\/wb-p500l\/#primaryimage"},"image":{"@id":"https:\/\/www.daihen.mx\/producto\/wb-p500l\/#primaryimage"},"thumbnailUrl":"https:\/\/www.daihen.mx\/wp-content\/uploads\/2025\/07\/WB-P500L.png","datePublished":"2025-07-18T23:29:06+00:00","dateModified":"2025-07-18T23:30:31+00:00","breadcrumb":{"@id":"https:\/\/www.daihen.mx\/producto\/wb-p500l\/#breadcrumb"},"inLanguage":"en-US","potentialAction":[{"@type":"ReadAction","target":["https:\/\/www.daihen.mx\/producto\/wb-p500l\/"]}]},{"@type":"ImageObject","inLanguage":"en-US","@id":"https:\/\/www.daihen.mx\/producto\/wb-p500l\/#primaryimage","url":"https:\/\/www.daihen.mx\/wp-content\/uploads\/2025\/07\/WB-P500L.png","contentUrl":"https:\/\/www.daihen.mx\/wp-content\/uploads\/2025\/07\/WB-P500L.png","width":500,"height":500},{"@type":"BreadcrumbList","@id":"https:\/\/www.daihen.mx\/producto\/wb-p500l\/#breadcrumb","itemListElement":[{"@type":"ListItem","position":1,"name":"Inicio","item":"https:\/\/www.daihen.mx\/"},{"@type":"ListItem","position":2,"name":"Productos","item":"https:\/\/www.daihen.mx\/productos\/"},{"@type":"ListItem","position":3,"name":"WB-P500L"}]},{"@type":"WebSite","@id":"https:\/\/www.daihen.mx\/#website","url":"https:\/\/www.daihen.mx\/","name":"","description":"","potentialAction":[{"@type":"SearchAction","target":{"@type":"EntryPoint","urlTemplate":"https:\/\/www.daihen.mx\/?s={search_term_string}"},"query-input":{"@type":"PropertyValueSpecification","valueRequired":true,"valueName":"search_term_string"}}],"inLanguage":"en-US"}]}},"_links":{"self":[{"href":"https:\/\/www.daihen.mx\/en\/wp-json\/wp\/v2\/product\/387","targetHints":{"allow":["GET"]}}],"collection":[{"href":"https:\/\/www.daihen.mx\/en\/wp-json\/wp\/v2\/product"}],"about":[{"href":"https:\/\/www.daihen.mx\/en\/wp-json\/wp\/v2\/types\/product"}],"version-history":[{"count":1,"href":"https:\/\/www.daihen.mx\/en\/wp-json\/wp\/v2\/product\/387\/revisions"}],"predecessor-version":[{"id":395,"href":"https:\/\/www.daihen.mx\/en\/wp-json\/wp\/v2\/product\/387\/revisions\/395"}],"wp:featuredmedia":[{"embeddable":true,"href":"https:\/\/www.daihen.mx\/en\/wp-json\/wp\/v2\/media\/390"}],"wp:attachment":[{"href":"https:\/\/www.daihen.mx\/en\/wp-json\/wp\/v2\/media?parent=387"}],"wp:term":[{"taxonomy":"product_brand","embeddable":true,"href":"https:\/\/www.daihen.mx\/en\/wp-json\/wp\/v2\/product_brand?post=387"},{"taxonomy":"product_cat","embeddable":true,"href":"https:\/\/www.daihen.mx\/en\/wp-json\/wp\/v2\/product_cat?post=387"},{"taxonomy":"product_tag","embeddable":true,"href":"https:\/\/www.daihen.mx\/en\/wp-json\/wp\/v2\/product_tag?post=387"}],"curies":[{"name":"wp","href":"https:\/\/api.w.org\/{rel}","templated":true}]}}