{"id":407,"date":"2025-07-18T23:38:54","date_gmt":"2025-07-18T23:38:54","guid":{"rendered":"https:\/\/2025.daihen.mx\/?post_type=product&#038;p=407"},"modified":"2025-07-18T23:40:38","modified_gmt":"2025-07-18T23:40:38","slug":"d12000-air-cutting-plasma-system","status":"publish","type":"product","link":"https:\/\/www.daihen.mx\/en\/product\/d12000-air-cutting-plasma-system\/","title":{"rendered":"D12000 Air Cutting Plasma System"},"content":{"rendered":"<p>Production cuts up to 2 inch thick material (including Aluminum)<br \/>\nMaximum cut up to 2-1\/2 inch<br \/>\nWater cooled \u2013 100% duty cycle<br \/>\nBuilt-in water circulator extends torch and consumable life<br \/>\nFaster, safer and more economical than oxy-fuel<br \/>\non 1\u2033 carbon steel<br \/>\nSuperior gouging capabilities<br \/>\nI\/O receptacle for automated cutting<br \/>\ntime of tip and electrode)<br \/>\ntiempo de reemplazo de punta y electrodo)<br \/>\nWide operation area (Up to 100 ft. torch option)<br \/>\nAdvanced safety protection circuits<br \/>\nFully variable output<br \/>\nCruise control<br \/>\nPulsed pilot arc start reduces electrode wear<br \/>\nDiagnostic indications for troubleshooting<br \/>\nWheels provided for greater maneuverability<\/p>","protected":false},"excerpt":{"rendered":"<p>Capable of clean cutting nearly 2-inch carbon steel and aluminum alloys, the D-12000 is a safe and economical alternative to Oxy-fuel cutting.  It offers more unique, user-friendly features than any machine in its class.<\/p>\n<p>Upon turning on the power source a self-diagnosis function takes place that will not allow the system to operate if an abnormal condition exist.  Indicator lamps\nidentify operational problems. Alarms will sound when unsafe conditions happen such as removing torch consumables with control power on.<br \/>\nOur patented \u201cTORCH GUARD\u201d feature monitors electrode consumption and indicates replacement time avoiding torch head damage from over use of the\nelectrode.<\/p>\n<p><a class=\"boton-wc\" href=\"https:\/\/2025.daihen.mx\/wp-content\/uploads\/2025\/07\/Ficha-tecnica-D12000.pdf\" target=\"_blank\" rel=\"noopener\">Technical Information<\/a> \u00a0<a class=\"boton-wc\" href=\"https:\/\/2025.daihen.mx\/wp-content\/uploads\/2025\/07\/D12000_131014_04sfs.pdf\" target=\"_blank\" rel=\"noopener\">Brochure<\/a><\/p>","protected":false},"featured_media":410,"template":"","meta":{"site-sidebar-layout":"default","site-content-layout":"","ast-site-content-layout":"default","site-content-style":"default","site-sidebar-style":"default","ast-global-header-display":"","ast-banner-title-visibility":"","ast-main-header-display":"","ast-hfb-above-header-display":"","ast-hfb-below-header-display":"","ast-hfb-mobile-header-display":"","site-post-title":"","ast-breadcrumbs-content":"","ast-featured-img":"","footer-sml-layout":"","ast-disable-related-posts":"","theme-transparent-header-meta":"default","adv-header-id-meta":"","stick-header-meta":"default","header-above-stick-meta":"","header-main-stick-meta":"","header-below-stick-meta":"","astra-migrate-meta-layouts":"set","ast-page-background-enabled":"default","ast-page-background-meta":{"desktop":{"background-color":"var(--ast-global-color-5)","background-image":"","background-repeat":"repeat","background-position":"center center","background-size":"auto","background-attachment":"scroll","background-type":"","background-media":"","overlay-type":"","overlay-color":"","overlay-opacity":"","overlay-gradient":""},"tablet":{"background-color":"","background-image":"","background-repeat":"repeat","background-position":"center center","background-size":"auto","background-attachment":"scroll","background-type":"","background-media":"","overlay-type":"","overlay-color":"","overlay-opacity":"","overlay-gradient":""},"mobile":{"background-color":"","background-image":"","background-repeat":"repeat","background-position":"center center","background-size":"auto","background-attachment":"scroll","background-type":"","background-media":"","overlay-type":"","overlay-color":"","overlay-opacity":"","overlay-gradient":""}},"ast-content-background-meta":{"desktop":{"background-color":"var(--ast-global-color-4)","background-image":"","background-repeat":"repeat","background-position":"center center","background-size":"auto","background-attachment":"scroll","background-type":"","background-media":"","overlay-type":"","overlay-color":"","overlay-opacity":"","overlay-gradient":""},"tablet":{"background-color":"var(--ast-global-color-4)","background-image":"","background-repeat":"repeat","background-position":"center center","background-size":"auto","background-attachment":"scroll","background-type":"","background-media":"","overlay-type":"","overlay-color":"","overlay-opacity":"","overlay-gradient":""},"mobile":{"background-color":"var(--ast-global-color-4)","background-image":"","background-repeat":"repeat","background-position":"center center","background-size":"auto","background-attachment":"scroll","background-type":"","background-media":"","overlay-type":"","overlay-color":"","overlay-opacity":"","overlay-gradient":""}}},"product_brand":[],"product_cat":[27],"product_tag":[],"class_list":{"0":"post-407","1":"product","2":"type-product","3":"status-publish","4":"has-post-thumbnail","6":"product_cat-maquinas-soldadoras","7":"desktop-align-center","8":"tablet-align-left","9":"mobile-align-center","10":"ast-product-gallery-layout-horizontal-slider","11":"ast-product-gallery-with-no-image","12":"ast-magnify-disabled","13":"ast-product-tabs-layout-accordion","15":"first","16":"instock","17":"shipping-taxable","18":"product-type-simple"},"yoast_head":"<!-- This site is optimized with the Yoast SEO plugin v27.3 - https:\/\/yoast.com\/product\/yoast-seo-wordpress\/ -->\n<title>D12000 Air Cutting Plasma System -<\/title>\n<meta name=\"robots\" content=\"index, follow, max-snippet:-1, max-image-preview:large, max-video-preview:-1\" \/>\n<link rel=\"canonical\" href=\"https:\/\/www.daihen.mx\/en\/product\/d12000-air-cutting-plasma-system\/\" \/>\n<meta property=\"og:locale\" content=\"en_US\" \/>\n<meta property=\"og:type\" content=\"article\" \/>\n<meta property=\"og:title\" content=\"D12000 Air Cutting Plasma System -\" \/>\n<meta property=\"og:description\" content=\"Capaz de cortar de forma limpia acero al carbono de casi 2 pulgadas, la D-12000 es una alternativa segura y econ\u00f3mica al corte oxifuel. El sistema ofrece m\u00e1s caracter\u00edsticas \u00fanicas y f\u00e1ciles de usar que cualquier otra m\u00e1quina en su clase.  Al encender la fuente de alimentaci\u00f3n, se requiere una funci\u00f3n de auto-diagn\u00f3stico lo cual no permitir\u00e1 que el sistema funcione en condiciones anormales. Las l\u00e1mparas indicadoras identifican problemas operativos. Las alarmas sonar\u00e1n cuando ocurran condiciones inseguras como retirar los consumibles de la antorcha con el control encendido. Nuestra \u00abAntorcha Protectora\u00bb patentada monitorea el consumo de electrodos e indica tiempo de reemplazo evitando da\u00f1o en el cabezal por el uso excesivo del electrodo.  Descargar ficha t\u00e9cnica \u00a0Brochure\" \/>\n<meta property=\"og:url\" content=\"https:\/\/www.daihen.mx\/en\/product\/d12000-air-cutting-plasma-system\/\" \/>\n<meta property=\"article:modified_time\" content=\"2025-07-18T23:40:38+00:00\" \/>\n<meta property=\"og:image\" content=\"https:\/\/www.daihen.mx\/wp-content\/uploads\/2025\/07\/D12000-AIR-CUTTING-PLASMA.png\" \/>\n\t<meta property=\"og:image:width\" content=\"600\" \/>\n\t<meta property=\"og:image:height\" content=\"600\" \/>\n\t<meta property=\"og:image:type\" content=\"image\/png\" \/>\n<meta name=\"twitter:card\" content=\"summary_large_image\" \/>\n<meta name=\"twitter:label1\" content=\"Est. reading time\" \/>\n\t<meta name=\"twitter:data1\" content=\"1 minute\" \/>\n<script type=\"application\/ld+json\" class=\"yoast-schema-graph\">{\"@context\":\"https:\\\/\\\/schema.org\",\"@graph\":[{\"@type\":\"WebPage\",\"@id\":\"https:\\\/\\\/www.daihen.mx\\\/producto\\\/d12000-air-cutting-plasma-system\\\/\",\"url\":\"https:\\\/\\\/www.daihen.mx\\\/producto\\\/d12000-air-cutting-plasma-system\\\/\",\"name\":\"D12000 Air Cutting Plasma System -\",\"isPartOf\":{\"@id\":\"https:\\\/\\\/www.daihen.mx\\\/#website\"},\"primaryImageOfPage\":{\"@id\":\"https:\\\/\\\/www.daihen.mx\\\/producto\\\/d12000-air-cutting-plasma-system\\\/#primaryimage\"},\"image\":{\"@id\":\"https:\\\/\\\/www.daihen.mx\\\/producto\\\/d12000-air-cutting-plasma-system\\\/#primaryimage\"},\"thumbnailUrl\":\"https:\\\/\\\/www.daihen.mx\\\/wp-content\\\/uploads\\\/2025\\\/07\\\/D12000-AIR-CUTTING-PLASMA.png\",\"datePublished\":\"2025-07-18T23:38:54+00:00\",\"dateModified\":\"2025-07-18T23:40:38+00:00\",\"breadcrumb\":{\"@id\":\"https:\\\/\\\/www.daihen.mx\\\/producto\\\/d12000-air-cutting-plasma-system\\\/#breadcrumb\"},\"inLanguage\":\"en-US\",\"potentialAction\":[{\"@type\":\"ReadAction\",\"target\":[\"https:\\\/\\\/www.daihen.mx\\\/producto\\\/d12000-air-cutting-plasma-system\\\/\"]}]},{\"@type\":\"ImageObject\",\"inLanguage\":\"en-US\",\"@id\":\"https:\\\/\\\/www.daihen.mx\\\/producto\\\/d12000-air-cutting-plasma-system\\\/#primaryimage\",\"url\":\"https:\\\/\\\/www.daihen.mx\\\/wp-content\\\/uploads\\\/2025\\\/07\\\/D12000-AIR-CUTTING-PLASMA.png\",\"contentUrl\":\"https:\\\/\\\/www.daihen.mx\\\/wp-content\\\/uploads\\\/2025\\\/07\\\/D12000-AIR-CUTTING-PLASMA.png\",\"width\":600,\"height\":600},{\"@type\":\"BreadcrumbList\",\"@id\":\"https:\\\/\\\/www.daihen.mx\\\/producto\\\/d12000-air-cutting-plasma-system\\\/#breadcrumb\",\"itemListElement\":[{\"@type\":\"ListItem\",\"position\":1,\"name\":\"Inicio\",\"item\":\"https:\\\/\\\/www.daihen.mx\\\/\"},{\"@type\":\"ListItem\",\"position\":2,\"name\":\"Productos\",\"item\":\"https:\\\/\\\/www.daihen.mx\\\/productos\\\/\"},{\"@type\":\"ListItem\",\"position\":3,\"name\":\"D12000 Air Cutting Plasma System\"}]},{\"@type\":\"WebSite\",\"@id\":\"https:\\\/\\\/www.daihen.mx\\\/#website\",\"url\":\"https:\\\/\\\/www.daihen.mx\\\/\",\"name\":\"\",\"description\":\"\",\"potentialAction\":[{\"@type\":\"SearchAction\",\"target\":{\"@type\":\"EntryPoint\",\"urlTemplate\":\"https:\\\/\\\/www.daihen.mx\\\/?s={search_term_string}\"},\"query-input\":{\"@type\":\"PropertyValueSpecification\",\"valueRequired\":true,\"valueName\":\"search_term_string\"}}],\"inLanguage\":\"en-US\"}]}<\/script>\n<!-- \/ Yoast SEO plugin. -->","yoast_head_json":{"title":"D12000 Air Cutting Plasma System -","robots":{"index":"index","follow":"follow","max-snippet":"max-snippet:-1","max-image-preview":"max-image-preview:large","max-video-preview":"max-video-preview:-1"},"canonical":"https:\/\/www.daihen.mx\/en\/product\/d12000-air-cutting-plasma-system\/","og_locale":"en_US","og_type":"article","og_title":"D12000 Air Cutting Plasma System -","og_description":"Capaz de cortar de forma limpia acero al carbono de casi 2 pulgadas, la D-12000 es una alternativa segura y econ\u00f3mica al corte oxifuel. El sistema ofrece m\u00e1s caracter\u00edsticas \u00fanicas y f\u00e1ciles de usar que cualquier otra m\u00e1quina en su clase.  Al encender la fuente de alimentaci\u00f3n, se requiere una funci\u00f3n de auto-diagn\u00f3stico lo cual no permitir\u00e1 que el sistema funcione en condiciones anormales. Las l\u00e1mparas indicadoras identifican problemas operativos. Las alarmas sonar\u00e1n cuando ocurran condiciones inseguras como retirar los consumibles de la antorcha con el control encendido. Nuestra \u00abAntorcha Protectora\u00bb patentada monitorea el consumo de electrodos e indica tiempo de reemplazo evitando da\u00f1o en el cabezal por el uso excesivo del electrodo.  Descargar ficha t\u00e9cnica \u00a0Brochure","og_url":"https:\/\/www.daihen.mx\/en\/product\/d12000-air-cutting-plasma-system\/","article_modified_time":"2025-07-18T23:40:38+00:00","og_image":[{"width":600,"height":600,"url":"https:\/\/www.daihen.mx\/wp-content\/uploads\/2025\/07\/D12000-AIR-CUTTING-PLASMA.png","type":"image\/png"}],"twitter_card":"summary_large_image","twitter_misc":{"Est. reading time":"1 minute"},"schema":{"@context":"https:\/\/schema.org","@graph":[{"@type":"WebPage","@id":"https:\/\/www.daihen.mx\/producto\/d12000-air-cutting-plasma-system\/","url":"https:\/\/www.daihen.mx\/producto\/d12000-air-cutting-plasma-system\/","name":"D12000 Air Cutting Plasma System -","isPartOf":{"@id":"https:\/\/www.daihen.mx\/#website"},"primaryImageOfPage":{"@id":"https:\/\/www.daihen.mx\/producto\/d12000-air-cutting-plasma-system\/#primaryimage"},"image":{"@id":"https:\/\/www.daihen.mx\/producto\/d12000-air-cutting-plasma-system\/#primaryimage"},"thumbnailUrl":"https:\/\/www.daihen.mx\/wp-content\/uploads\/2025\/07\/D12000-AIR-CUTTING-PLASMA.png","datePublished":"2025-07-18T23:38:54+00:00","dateModified":"2025-07-18T23:40:38+00:00","breadcrumb":{"@id":"https:\/\/www.daihen.mx\/producto\/d12000-air-cutting-plasma-system\/#breadcrumb"},"inLanguage":"en-US","potentialAction":[{"@type":"ReadAction","target":["https:\/\/www.daihen.mx\/producto\/d12000-air-cutting-plasma-system\/"]}]},{"@type":"ImageObject","inLanguage":"en-US","@id":"https:\/\/www.daihen.mx\/producto\/d12000-air-cutting-plasma-system\/#primaryimage","url":"https:\/\/www.daihen.mx\/wp-content\/uploads\/2025\/07\/D12000-AIR-CUTTING-PLASMA.png","contentUrl":"https:\/\/www.daihen.mx\/wp-content\/uploads\/2025\/07\/D12000-AIR-CUTTING-PLASMA.png","width":600,"height":600},{"@type":"BreadcrumbList","@id":"https:\/\/www.daihen.mx\/producto\/d12000-air-cutting-plasma-system\/#breadcrumb","itemListElement":[{"@type":"ListItem","position":1,"name":"Inicio","item":"https:\/\/www.daihen.mx\/"},{"@type":"ListItem","position":2,"name":"Productos","item":"https:\/\/www.daihen.mx\/productos\/"},{"@type":"ListItem","position":3,"name":"D12000 Air Cutting Plasma System"}]},{"@type":"WebSite","@id":"https:\/\/www.daihen.mx\/#website","url":"https:\/\/www.daihen.mx\/","name":"","description":"","potentialAction":[{"@type":"SearchAction","target":{"@type":"EntryPoint","urlTemplate":"https:\/\/www.daihen.mx\/?s={search_term_string}"},"query-input":{"@type":"PropertyValueSpecification","valueRequired":true,"valueName":"search_term_string"}}],"inLanguage":"en-US"}]}},"_links":{"self":[{"href":"https:\/\/www.daihen.mx\/en\/wp-json\/wp\/v2\/product\/407","targetHints":{"allow":["GET"]}}],"collection":[{"href":"https:\/\/www.daihen.mx\/en\/wp-json\/wp\/v2\/product"}],"about":[{"href":"https:\/\/www.daihen.mx\/en\/wp-json\/wp\/v2\/types\/product"}],"version-history":[{"count":1,"href":"https:\/\/www.daihen.mx\/en\/wp-json\/wp\/v2\/product\/407\/revisions"}],"predecessor-version":[{"id":411,"href":"https:\/\/www.daihen.mx\/en\/wp-json\/wp\/v2\/product\/407\/revisions\/411"}],"wp:featuredmedia":[{"embeddable":true,"href":"https:\/\/www.daihen.mx\/en\/wp-json\/wp\/v2\/media\/410"}],"wp:attachment":[{"href":"https:\/\/www.daihen.mx\/en\/wp-json\/wp\/v2\/media?parent=407"}],"wp:term":[{"taxonomy":"product_brand","embeddable":true,"href":"https:\/\/www.daihen.mx\/en\/wp-json\/wp\/v2\/product_brand?post=407"},{"taxonomy":"product_cat","embeddable":true,"href":"https:\/\/www.daihen.mx\/en\/wp-json\/wp\/v2\/product_cat?post=407"},{"taxonomy":"product_tag","embeddable":true,"href":"https:\/\/www.daihen.mx\/en\/wp-json\/wp\/v2\/product_tag?post=407"}],"curies":[{"name":"wp","href":"https:\/\/api.w.org\/{rel}","templated":true}]}}