{"id":426,"date":"2025-07-18T23:52:05","date_gmt":"2025-07-18T23:52:05","guid":{"rendered":"https:\/\/2025.daihen.mx\/?post_type=product&#038;p=426"},"modified":"2025-07-18T23:52:06","modified_gmt":"2025-07-18T23:52:06","slug":"fd-v100","status":"publish","type":"product","link":"https:\/\/www.daihen.mx\/en\/product\/fd-v100\/","title":{"rendered":"FD-V100"},"content":{"rendered":"<p><strong>ROBOT MANIPULATOR<\/strong><br \/>\nOffers a wide working range with an independently articulated arm<br \/>\nImproved vibration restraining control provides smooth robot movement<br \/>\nSingle source technology \u2013 all components are manufactured by OTC DAIHEN.<br \/>\nHighly versatile design supports picking, cutting, load\/unload, welding, assembly, finishing and sorting applications.<br \/>\nThrough-arm support for end-of-arm tool interfacing including, pneumatic, power, I\/O (digital, analog and network) and user\/application-specific utilities.<\/p>\n<p><strong>ROBOT CONTROLLER FD19<\/strong><br \/>\nGood extensibility and compact controller<br \/>\nHigh scalability<br \/>\nAdvanced security features as standard equipment<br \/>\nBuilt-in PLC software<br \/>\nSeamless information link with host systems<br \/>\nSmooth cooperation with CAD \/ CAM<\/p>\n<p><strong>TEACH PENDANT<\/strong><br \/>\nIcon displays assist in quick &amp; easy teaching<br \/>\n640 x 480 VGA color screen with LED backlight 65536 color display<br \/>\n3 position enable switch provides increased safety<br \/>\nMulti-screen function allows user to view up to 4 screens simultaneously<br \/>\nOn-screen help function with complete instruction manuals<br \/>\nStandard touch screen display with jog dial operation<\/p>","protected":false},"excerpt":{"rendered":"<p><strong>100kg payload, 2.24m reach<\/strong><\/p>\n<p>Our FD-V100, 6-axis robot is designed for material-handling and other applications that require a larger payload and reach.  Built-in application cabling, utilities and user portal simplifies end-of-arm tooling integration and installation.<\/p>\n<p><a class=\"boton-wc\" href=\"https:\/\/www.daihen.mx\/wp-content\/uploads\/2025\/07\/FD-V100-USA-1.pdf\" target=\"_blank\" rel=\"noopener\">Technical Information<\/a> \u00a0<a class=\"boton-wc\" href=\"https:\/\/www.daihen.mx\/wp-content\/uploads\/2025\/07\/FD_19_Catalog_E.pdf\" target=\"_blank\" rel=\"noopener\">Controller<\/a><\/p>","protected":false},"featured_media":434,"template":"","meta":{"site-sidebar-layout":"default","site-content-layout":"","ast-site-content-layout":"default","site-content-style":"default","site-sidebar-style":"default","ast-global-header-display":"","ast-banner-title-visibility":"","ast-main-header-display":"","ast-hfb-above-header-display":"","ast-hfb-below-header-display":"","ast-hfb-mobile-header-display":"","site-post-title":"","ast-breadcrumbs-content":"","ast-featured-img":"","footer-sml-layout":"","ast-disable-related-posts":"","theme-transparent-header-meta":"default","adv-header-id-meta":"","stick-header-meta":"default","header-above-stick-meta":"","header-main-stick-meta":"","header-below-stick-meta":"","astra-migrate-meta-layouts":"set","ast-page-background-enabled":"default","ast-page-background-meta":{"desktop":{"background-color":"var(--ast-global-color-5)","background-image":"","background-repeat":"repeat","background-position":"center center","background-size":"auto","background-attachment":"scroll","background-type":"","background-media":"","overlay-type":"","overlay-color":"","overlay-opacity":"","overlay-gradient":""},"tablet":{"background-color":"","background-image":"","background-repeat":"repeat","background-position":"center center","background-size":"auto","background-attachment":"scroll","background-type":"","background-media":"","overlay-type":"","overlay-color":"","overlay-opacity":"","overlay-gradient":""},"mobile":{"background-color":"","background-image":"","background-repeat":"repeat","background-position":"center center","background-size":"auto","background-attachment":"scroll","background-type":"","background-media":"","overlay-type":"","overlay-color":"","overlay-opacity":"","overlay-gradient":""}},"ast-content-background-meta":{"desktop":{"background-color":"var(--ast-global-color-4)","background-image":"","background-repeat":"repeat","background-position":"center center","background-size":"auto","background-attachment":"scroll","background-type":"","background-media":"","overlay-type":"","overlay-color":"","overlay-opacity":"","overlay-gradient":""},"tablet":{"background-color":"var(--ast-global-color-4)","background-image":"","background-repeat":"repeat","background-position":"center center","background-size":"auto","background-attachment":"scroll","background-type":"","background-media":"","overlay-type":"","overlay-color":"","overlay-opacity":"","overlay-gradient":""},"mobile":{"background-color":"var(--ast-global-color-4)","background-image":"","background-repeat":"repeat","background-position":"center center","background-size":"auto","background-attachment":"scroll","background-type":"","background-media":"","overlay-type":"","overlay-color":"","overlay-opacity":"","overlay-gradient":""}}},"product_brand":[],"product_cat":[42,15],"product_tag":[],"class_list":{"0":"post-426","1":"product","2":"type-product","3":"status-publish","4":"has-post-thumbnail","6":"product_cat-robots-para-manejo-de-material","7":"product_cat-robots-y-automatizacion","8":"desktop-align-center","9":"tablet-align-left","10":"mobile-align-center","11":"ast-product-gallery-layout-horizontal-slider","12":"ast-product-gallery-with-no-image","13":"ast-magnify-disabled","14":"ast-product-tabs-layout-accordion","16":"first","17":"instock","18":"shipping-taxable","19":"product-type-simple"},"yoast_head":"<!-- This site is optimized with the Yoast SEO plugin v27.3 - https:\/\/yoast.com\/product\/yoast-seo-wordpress\/ -->\n<title>FD-V100 -<\/title>\n<meta name=\"robots\" content=\"index, follow, max-snippet:-1, max-image-preview:large, max-video-preview:-1\" \/>\n<link rel=\"canonical\" href=\"https:\/\/www.daihen.mx\/en\/product\/fd-v100\/\" \/>\n<meta property=\"og:locale\" content=\"en_US\" \/>\n<meta property=\"og:type\" content=\"article\" \/>\n<meta property=\"og:title\" content=\"FD-V100 -\" \/>\n<meta property=\"og:description\" content=\"Carga \u00fatil de 100 kg, alcance de 2,24 m  Nuestro robot FD-V100 de 6 ejes est\u00e1 dise\u00f1ado para el manejo de materiales y otras aplicaciones que requieren una mayor carga \u00fatil y alcance. El cableado de aplicaciones, las utilidades y el portal de usuario integrados simplifican la integraci\u00f3n y la instalaci\u00f3n de herramientas de extremo de brazo.  Descargar ficha t\u00e9cnica \u00a0Controlador\" \/>\n<meta property=\"og:url\" content=\"https:\/\/www.daihen.mx\/en\/product\/fd-v100\/\" \/>\n<meta property=\"article:modified_time\" content=\"2025-07-18T23:52:06+00:00\" \/>\n<meta property=\"og:image\" content=\"https:\/\/www.daihen.mx\/wp-content\/uploads\/2025\/07\/Robot-FD-V100-carga-util-de-100-kg-alcance-de-224-m.png\" \/>\n\t<meta property=\"og:image:width\" content=\"960\" \/>\n\t<meta property=\"og:image:height\" content=\"718\" \/>\n\t<meta property=\"og:image:type\" content=\"image\/png\" \/>\n<meta name=\"twitter:card\" content=\"summary_large_image\" \/>\n<meta name=\"twitter:label1\" content=\"Est. reading time\" \/>\n\t<meta name=\"twitter:data1\" content=\"2 minutes\" \/>\n<script type=\"application\/ld+json\" class=\"yoast-schema-graph\">{\"@context\":\"https:\\\/\\\/schema.org\",\"@graph\":[{\"@type\":\"WebPage\",\"@id\":\"https:\\\/\\\/www.daihen.mx\\\/producto\\\/fd-v100\\\/\",\"url\":\"https:\\\/\\\/www.daihen.mx\\\/producto\\\/fd-v100\\\/\",\"name\":\"FD-V100 -\",\"isPartOf\":{\"@id\":\"https:\\\/\\\/www.daihen.mx\\\/#website\"},\"primaryImageOfPage\":{\"@id\":\"https:\\\/\\\/www.daihen.mx\\\/producto\\\/fd-v100\\\/#primaryimage\"},\"image\":{\"@id\":\"https:\\\/\\\/www.daihen.mx\\\/producto\\\/fd-v100\\\/#primaryimage\"},\"thumbnailUrl\":\"https:\\\/\\\/www.daihen.mx\\\/wp-content\\\/uploads\\\/2025\\\/07\\\/Robot-FD-V100-carga-util-de-100-kg-alcance-de-224-m.png\",\"datePublished\":\"2025-07-18T23:52:05+00:00\",\"dateModified\":\"2025-07-18T23:52:06+00:00\",\"breadcrumb\":{\"@id\":\"https:\\\/\\\/www.daihen.mx\\\/producto\\\/fd-v100\\\/#breadcrumb\"},\"inLanguage\":\"en-US\",\"potentialAction\":[{\"@type\":\"ReadAction\",\"target\":[\"https:\\\/\\\/www.daihen.mx\\\/producto\\\/fd-v100\\\/\"]}]},{\"@type\":\"ImageObject\",\"inLanguage\":\"en-US\",\"@id\":\"https:\\\/\\\/www.daihen.mx\\\/producto\\\/fd-v100\\\/#primaryimage\",\"url\":\"https:\\\/\\\/www.daihen.mx\\\/wp-content\\\/uploads\\\/2025\\\/07\\\/Robot-FD-V100-carga-util-de-100-kg-alcance-de-224-m.png\",\"contentUrl\":\"https:\\\/\\\/www.daihen.mx\\\/wp-content\\\/uploads\\\/2025\\\/07\\\/Robot-FD-V100-carga-util-de-100-kg-alcance-de-224-m.png\",\"width\":960,\"height\":718},{\"@type\":\"BreadcrumbList\",\"@id\":\"https:\\\/\\\/www.daihen.mx\\\/producto\\\/fd-v100\\\/#breadcrumb\",\"itemListElement\":[{\"@type\":\"ListItem\",\"position\":1,\"name\":\"Inicio\",\"item\":\"https:\\\/\\\/www.daihen.mx\\\/\"},{\"@type\":\"ListItem\",\"position\":2,\"name\":\"Productos\",\"item\":\"https:\\\/\\\/www.daihen.mx\\\/productos\\\/\"},{\"@type\":\"ListItem\",\"position\":3,\"name\":\"FD-V100\"}]},{\"@type\":\"WebSite\",\"@id\":\"https:\\\/\\\/www.daihen.mx\\\/#website\",\"url\":\"https:\\\/\\\/www.daihen.mx\\\/\",\"name\":\"\",\"description\":\"\",\"potentialAction\":[{\"@type\":\"SearchAction\",\"target\":{\"@type\":\"EntryPoint\",\"urlTemplate\":\"https:\\\/\\\/www.daihen.mx\\\/?s={search_term_string}\"},\"query-input\":{\"@type\":\"PropertyValueSpecification\",\"valueRequired\":true,\"valueName\":\"search_term_string\"}}],\"inLanguage\":\"en-US\"}]}<\/script>\n<!-- \/ Yoast SEO plugin. -->","yoast_head_json":{"title":"FD-V100 -","robots":{"index":"index","follow":"follow","max-snippet":"max-snippet:-1","max-image-preview":"max-image-preview:large","max-video-preview":"max-video-preview:-1"},"canonical":"https:\/\/www.daihen.mx\/en\/product\/fd-v100\/","og_locale":"en_US","og_type":"article","og_title":"FD-V100 -","og_description":"Carga \u00fatil de 100 kg, alcance de 2,24 m  Nuestro robot FD-V100 de 6 ejes est\u00e1 dise\u00f1ado para el manejo de materiales y otras aplicaciones que requieren una mayor carga \u00fatil y alcance. El cableado de aplicaciones, las utilidades y el portal de usuario integrados simplifican la integraci\u00f3n y la instalaci\u00f3n de herramientas de extremo de brazo.  Descargar ficha t\u00e9cnica \u00a0Controlador","og_url":"https:\/\/www.daihen.mx\/en\/product\/fd-v100\/","article_modified_time":"2025-07-18T23:52:06+00:00","og_image":[{"width":960,"height":718,"url":"https:\/\/www.daihen.mx\/wp-content\/uploads\/2025\/07\/Robot-FD-V100-carga-util-de-100-kg-alcance-de-224-m.png","type":"image\/png"}],"twitter_card":"summary_large_image","twitter_misc":{"Est. reading time":"2 minutes"},"schema":{"@context":"https:\/\/schema.org","@graph":[{"@type":"WebPage","@id":"https:\/\/www.daihen.mx\/producto\/fd-v100\/","url":"https:\/\/www.daihen.mx\/producto\/fd-v100\/","name":"FD-V100 -","isPartOf":{"@id":"https:\/\/www.daihen.mx\/#website"},"primaryImageOfPage":{"@id":"https:\/\/www.daihen.mx\/producto\/fd-v100\/#primaryimage"},"image":{"@id":"https:\/\/www.daihen.mx\/producto\/fd-v100\/#primaryimage"},"thumbnailUrl":"https:\/\/www.daihen.mx\/wp-content\/uploads\/2025\/07\/Robot-FD-V100-carga-util-de-100-kg-alcance-de-224-m.png","datePublished":"2025-07-18T23:52:05+00:00","dateModified":"2025-07-18T23:52:06+00:00","breadcrumb":{"@id":"https:\/\/www.daihen.mx\/producto\/fd-v100\/#breadcrumb"},"inLanguage":"en-US","potentialAction":[{"@type":"ReadAction","target":["https:\/\/www.daihen.mx\/producto\/fd-v100\/"]}]},{"@type":"ImageObject","inLanguage":"en-US","@id":"https:\/\/www.daihen.mx\/producto\/fd-v100\/#primaryimage","url":"https:\/\/www.daihen.mx\/wp-content\/uploads\/2025\/07\/Robot-FD-V100-carga-util-de-100-kg-alcance-de-224-m.png","contentUrl":"https:\/\/www.daihen.mx\/wp-content\/uploads\/2025\/07\/Robot-FD-V100-carga-util-de-100-kg-alcance-de-224-m.png","width":960,"height":718},{"@type":"BreadcrumbList","@id":"https:\/\/www.daihen.mx\/producto\/fd-v100\/#breadcrumb","itemListElement":[{"@type":"ListItem","position":1,"name":"Inicio","item":"https:\/\/www.daihen.mx\/"},{"@type":"ListItem","position":2,"name":"Productos","item":"https:\/\/www.daihen.mx\/productos\/"},{"@type":"ListItem","position":3,"name":"FD-V100"}]},{"@type":"WebSite","@id":"https:\/\/www.daihen.mx\/#website","url":"https:\/\/www.daihen.mx\/","name":"","description":"","potentialAction":[{"@type":"SearchAction","target":{"@type":"EntryPoint","urlTemplate":"https:\/\/www.daihen.mx\/?s={search_term_string}"},"query-input":{"@type":"PropertyValueSpecification","valueRequired":true,"valueName":"search_term_string"}}],"inLanguage":"en-US"}]}},"_links":{"self":[{"href":"https:\/\/www.daihen.mx\/en\/wp-json\/wp\/v2\/product\/426","targetHints":{"allow":["GET"]}}],"collection":[{"href":"https:\/\/www.daihen.mx\/en\/wp-json\/wp\/v2\/product"}],"about":[{"href":"https:\/\/www.daihen.mx\/en\/wp-json\/wp\/v2\/types\/product"}],"version-history":[{"count":1,"href":"https:\/\/www.daihen.mx\/en\/wp-json\/wp\/v2\/product\/426\/revisions"}],"predecessor-version":[{"id":437,"href":"https:\/\/www.daihen.mx\/en\/wp-json\/wp\/v2\/product\/426\/revisions\/437"}],"wp:featuredmedia":[{"embeddable":true,"href":"https:\/\/www.daihen.mx\/en\/wp-json\/wp\/v2\/media\/434"}],"wp:attachment":[{"href":"https:\/\/www.daihen.mx\/en\/wp-json\/wp\/v2\/media?parent=426"}],"wp:term":[{"taxonomy":"product_brand","embeddable":true,"href":"https:\/\/www.daihen.mx\/en\/wp-json\/wp\/v2\/product_brand?post=426"},{"taxonomy":"product_cat","embeddable":true,"href":"https:\/\/www.daihen.mx\/en\/wp-json\/wp\/v2\/product_cat?post=426"},{"taxonomy":"product_tag","embeddable":true,"href":"https:\/\/www.daihen.mx\/en\/wp-json\/wp\/v2\/product_tag?post=426"}],"curies":[{"name":"wp","href":"https:\/\/api.w.org\/{rel}","templated":true}]}}