{"id":439,"date":"2025-07-18T23:55:41","date_gmt":"2025-07-18T23:55:41","guid":{"rendered":"https:\/\/2025.daihen.mx\/?post_type=product&#038;p=439"},"modified":"2025-07-18T23:56:38","modified_gmt":"2025-07-18T23:56:38","slug":"b-arc","status":"publish","type":"product","link":"https:\/\/www.daihen.mx\/en\/product\/b-arc\/","title":{"rendered":"B-ARC"},"content":{"rendered":"<p>Highly efficient welding system for heavy steel plates: B-Arc welding<\/p>\n<ul>\n<li>The invented OTC DAIHEN proprietary buried arc welding technology whose wire is buried deep in the metal base, resulting in deeper penetration as deeper part of the metal base is heated.<\/li>\n<li>One pass welding with a maximum thickness of 19 mm and reduction of the welding time by up to 80% (for butt welding plate thickness of 19 mm, welding length 1 m)<\/li>\n<li>Drastic reduction of groove processing time \u2013 One pass welding leads to less groove processing, resulting in reduced processing costs.<\/li>\n<li>Significant reduction in wire consumption, up to 70% due to reduced edge preparation space.<\/li>\n<li>Stabilization of high current buried arc.<\/li>\n<li>Multilayer welding Applications<\/li>\n<\/ul>","protected":false},"excerpt":{"rendered":"<p>The new Welbee B-Arc technology from OTC DAIHEN, market leader in the welding industry.<br \/>\nApplications: Thick plate welding users for steel frames, bridges, shipbuilding, plant pipelines, etc.<\/p>\n<p><a class=\"boton-wc\" href=\"https:\/\/www.daihen.mx\/wp-content\/uploads\/2025\/07\/D-arc.pdf\" target=\"_blank\" rel=\"noopener\">Technical Information<\/a><\/p>","protected":false},"featured_media":441,"template":"","meta":{"site-sidebar-layout":"default","site-content-layout":"","ast-site-content-layout":"default","site-content-style":"default","site-sidebar-style":"default","ast-global-header-display":"","ast-banner-title-visibility":"","ast-main-header-display":"","ast-hfb-above-header-display":"","ast-hfb-below-header-display":"","ast-hfb-mobile-header-display":"","site-post-title":"","ast-breadcrumbs-content":"","ast-featured-img":"","footer-sml-layout":"","ast-disable-related-posts":"","theme-transparent-header-meta":"default","adv-header-id-meta":"","stick-header-meta":"default","header-above-stick-meta":"","header-main-stick-meta":"","header-below-stick-meta":"","astra-migrate-meta-layouts":"set","ast-page-background-enabled":"default","ast-page-background-meta":{"desktop":{"background-color":"var(--ast-global-color-5)","background-image":"","background-repeat":"repeat","background-position":"center center","background-size":"auto","background-attachment":"scroll","background-type":"","background-media":"","overlay-type":"","overlay-color":"","overlay-opacity":"","overlay-gradient":""},"tablet":{"background-color":"","background-image":"","background-repeat":"repeat","background-position":"center center","background-size":"auto","background-attachment":"scroll","background-type":"","background-media":"","overlay-type":"","overlay-color":"","overlay-opacity":"","overlay-gradient":""},"mobile":{"background-color":"","background-image":"","background-repeat":"repeat","background-position":"center center","background-size":"auto","background-attachment":"scroll","background-type":"","background-media":"","overlay-type":"","overlay-color":"","overlay-opacity":"","overlay-gradient":""}},"ast-content-background-meta":{"desktop":{"background-color":"var(--ast-global-color-4)","background-image":"","background-repeat":"repeat","background-position":"center center","background-size":"auto","background-attachment":"scroll","background-type":"","background-media":"","overlay-type":"","overlay-color":"","overlay-opacity":"","overlay-gradient":""},"tablet":{"background-color":"var(--ast-global-color-4)","background-image":"","background-repeat":"repeat","background-position":"center center","background-size":"auto","background-attachment":"scroll","background-type":"","background-media":"","overlay-type":"","overlay-color":"","overlay-opacity":"","overlay-gradient":""},"mobile":{"background-color":"var(--ast-global-color-4)","background-image":"","background-repeat":"repeat","background-position":"center center","background-size":"auto","background-attachment":"scroll","background-type":"","background-media":"","overlay-type":"","overlay-color":"","overlay-opacity":"","overlay-gradient":""}}},"product_brand":[],"product_cat":[27],"product_tag":[],"class_list":{"0":"post-439","1":"product","2":"type-product","3":"status-publish","4":"has-post-thumbnail","6":"product_cat-maquinas-soldadoras","7":"desktop-align-center","8":"tablet-align-left","9":"mobile-align-center","10":"ast-product-gallery-layout-horizontal-slider","11":"ast-magnify-disabled","12":"ast-product-tabs-layout-accordion","14":"first","15":"instock","16":"shipping-taxable","17":"product-type-simple"},"yoast_head":"<!-- This site is optimized with the Yoast SEO plugin v27.3 - https:\/\/yoast.com\/product\/yoast-seo-wordpress\/ -->\n<title>B-ARC -<\/title>\n<meta name=\"robots\" content=\"index, follow, max-snippet:-1, max-image-preview:large, max-video-preview:-1\" \/>\n<link rel=\"canonical\" href=\"https:\/\/www.daihen.mx\/en\/product\/b-arc\/\" \/>\n<meta property=\"og:locale\" content=\"en_US\" \/>\n<meta property=\"og:type\" content=\"article\" \/>\n<meta property=\"og:title\" content=\"B-ARC -\" \/>\n<meta property=\"og:description\" content=\"La nueva tecnolog\u00eda Welbee B-Arc de OTC DAIHEN, l\u00edder del mercado en la industria de la soldadura. Aplicaciones: usuarios de soldadura de placas gruesas para marcos de acero, puentes, construcci\u00f3n de barcos, tuber\u00edas de plantas, etc.  Descargar ficha t\u00e9cnica\" \/>\n<meta property=\"og:url\" content=\"https:\/\/www.daihen.mx\/en\/product\/b-arc\/\" \/>\n<meta property=\"article:modified_time\" content=\"2025-07-18T23:56:38+00:00\" \/>\n<meta property=\"og:image\" content=\"https:\/\/www.daihen.mx\/wp-content\/uploads\/2025\/07\/D-ARC_1.jpg\" \/>\n\t<meta property=\"og:image:width\" content=\"1488\" \/>\n\t<meta property=\"og:image:height\" content=\"1488\" \/>\n\t<meta property=\"og:image:type\" content=\"image\/jpeg\" \/>\n<meta name=\"twitter:card\" content=\"summary_large_image\" \/>\n<meta name=\"twitter:label1\" content=\"Est. reading time\" \/>\n\t<meta name=\"twitter:data1\" content=\"1 minute\" \/>\n<script type=\"application\/ld+json\" class=\"yoast-schema-graph\">{\"@context\":\"https:\\\/\\\/schema.org\",\"@graph\":[{\"@type\":\"WebPage\",\"@id\":\"https:\\\/\\\/www.daihen.mx\\\/producto\\\/b-arc\\\/\",\"url\":\"https:\\\/\\\/www.daihen.mx\\\/producto\\\/b-arc\\\/\",\"name\":\"B-ARC -\",\"isPartOf\":{\"@id\":\"https:\\\/\\\/www.daihen.mx\\\/#website\"},\"primaryImageOfPage\":{\"@id\":\"https:\\\/\\\/www.daihen.mx\\\/producto\\\/b-arc\\\/#primaryimage\"},\"image\":{\"@id\":\"https:\\\/\\\/www.daihen.mx\\\/producto\\\/b-arc\\\/#primaryimage\"},\"thumbnailUrl\":\"https:\\\/\\\/www.daihen.mx\\\/wp-content\\\/uploads\\\/2025\\\/07\\\/D-ARC_1.jpg\",\"datePublished\":\"2025-07-18T23:55:41+00:00\",\"dateModified\":\"2025-07-18T23:56:38+00:00\",\"breadcrumb\":{\"@id\":\"https:\\\/\\\/www.daihen.mx\\\/producto\\\/b-arc\\\/#breadcrumb\"},\"inLanguage\":\"en-US\",\"potentialAction\":[{\"@type\":\"ReadAction\",\"target\":[\"https:\\\/\\\/www.daihen.mx\\\/producto\\\/b-arc\\\/\"]}]},{\"@type\":\"ImageObject\",\"inLanguage\":\"en-US\",\"@id\":\"https:\\\/\\\/www.daihen.mx\\\/producto\\\/b-arc\\\/#primaryimage\",\"url\":\"https:\\\/\\\/www.daihen.mx\\\/wp-content\\\/uploads\\\/2025\\\/07\\\/D-ARC_1.jpg\",\"contentUrl\":\"https:\\\/\\\/www.daihen.mx\\\/wp-content\\\/uploads\\\/2025\\\/07\\\/D-ARC_1.jpg\",\"width\":1488,\"height\":1488},{\"@type\":\"BreadcrumbList\",\"@id\":\"https:\\\/\\\/www.daihen.mx\\\/producto\\\/b-arc\\\/#breadcrumb\",\"itemListElement\":[{\"@type\":\"ListItem\",\"position\":1,\"name\":\"Inicio\",\"item\":\"https:\\\/\\\/www.daihen.mx\\\/\"},{\"@type\":\"ListItem\",\"position\":2,\"name\":\"Productos\",\"item\":\"https:\\\/\\\/www.daihen.mx\\\/productos\\\/\"},{\"@type\":\"ListItem\",\"position\":3,\"name\":\"B-ARC\"}]},{\"@type\":\"WebSite\",\"@id\":\"https:\\\/\\\/www.daihen.mx\\\/#website\",\"url\":\"https:\\\/\\\/www.daihen.mx\\\/\",\"name\":\"\",\"description\":\"\",\"potentialAction\":[{\"@type\":\"SearchAction\",\"target\":{\"@type\":\"EntryPoint\",\"urlTemplate\":\"https:\\\/\\\/www.daihen.mx\\\/?s={search_term_string}\"},\"query-input\":{\"@type\":\"PropertyValueSpecification\",\"valueRequired\":true,\"valueName\":\"search_term_string\"}}],\"inLanguage\":\"en-US\"}]}<\/script>\n<!-- \/ Yoast SEO plugin. -->","yoast_head_json":{"title":"B-ARC -","robots":{"index":"index","follow":"follow","max-snippet":"max-snippet:-1","max-image-preview":"max-image-preview:large","max-video-preview":"max-video-preview:-1"},"canonical":"https:\/\/www.daihen.mx\/en\/product\/b-arc\/","og_locale":"en_US","og_type":"article","og_title":"B-ARC -","og_description":"La nueva tecnolog\u00eda Welbee B-Arc de OTC DAIHEN, l\u00edder del mercado en la industria de la soldadura. Aplicaciones: usuarios de soldadura de placas gruesas para marcos de acero, puentes, construcci\u00f3n de barcos, tuber\u00edas de plantas, etc.  Descargar ficha t\u00e9cnica","og_url":"https:\/\/www.daihen.mx\/en\/product\/b-arc\/","article_modified_time":"2025-07-18T23:56:38+00:00","og_image":[{"width":1488,"height":1488,"url":"https:\/\/www.daihen.mx\/wp-content\/uploads\/2025\/07\/D-ARC_1.jpg","type":"image\/jpeg"}],"twitter_card":"summary_large_image","twitter_misc":{"Est. reading time":"1 minute"},"schema":{"@context":"https:\/\/schema.org","@graph":[{"@type":"WebPage","@id":"https:\/\/www.daihen.mx\/producto\/b-arc\/","url":"https:\/\/www.daihen.mx\/producto\/b-arc\/","name":"B-ARC -","isPartOf":{"@id":"https:\/\/www.daihen.mx\/#website"},"primaryImageOfPage":{"@id":"https:\/\/www.daihen.mx\/producto\/b-arc\/#primaryimage"},"image":{"@id":"https:\/\/www.daihen.mx\/producto\/b-arc\/#primaryimage"},"thumbnailUrl":"https:\/\/www.daihen.mx\/wp-content\/uploads\/2025\/07\/D-ARC_1.jpg","datePublished":"2025-07-18T23:55:41+00:00","dateModified":"2025-07-18T23:56:38+00:00","breadcrumb":{"@id":"https:\/\/www.daihen.mx\/producto\/b-arc\/#breadcrumb"},"inLanguage":"en-US","potentialAction":[{"@type":"ReadAction","target":["https:\/\/www.daihen.mx\/producto\/b-arc\/"]}]},{"@type":"ImageObject","inLanguage":"en-US","@id":"https:\/\/www.daihen.mx\/producto\/b-arc\/#primaryimage","url":"https:\/\/www.daihen.mx\/wp-content\/uploads\/2025\/07\/D-ARC_1.jpg","contentUrl":"https:\/\/www.daihen.mx\/wp-content\/uploads\/2025\/07\/D-ARC_1.jpg","width":1488,"height":1488},{"@type":"BreadcrumbList","@id":"https:\/\/www.daihen.mx\/producto\/b-arc\/#breadcrumb","itemListElement":[{"@type":"ListItem","position":1,"name":"Inicio","item":"https:\/\/www.daihen.mx\/"},{"@type":"ListItem","position":2,"name":"Productos","item":"https:\/\/www.daihen.mx\/productos\/"},{"@type":"ListItem","position":3,"name":"B-ARC"}]},{"@type":"WebSite","@id":"https:\/\/www.daihen.mx\/#website","url":"https:\/\/www.daihen.mx\/","name":"","description":"","potentialAction":[{"@type":"SearchAction","target":{"@type":"EntryPoint","urlTemplate":"https:\/\/www.daihen.mx\/?s={search_term_string}"},"query-input":{"@type":"PropertyValueSpecification","valueRequired":true,"valueName":"search_term_string"}}],"inLanguage":"en-US"}]}},"_links":{"self":[{"href":"https:\/\/www.daihen.mx\/en\/wp-json\/wp\/v2\/product\/439","targetHints":{"allow":["GET"]}}],"collection":[{"href":"https:\/\/www.daihen.mx\/en\/wp-json\/wp\/v2\/product"}],"about":[{"href":"https:\/\/www.daihen.mx\/en\/wp-json\/wp\/v2\/types\/product"}],"version-history":[{"count":2,"href":"https:\/\/www.daihen.mx\/en\/wp-json\/wp\/v2\/product\/439\/revisions"}],"predecessor-version":[{"id":450,"href":"https:\/\/www.daihen.mx\/en\/wp-json\/wp\/v2\/product\/439\/revisions\/450"}],"wp:featuredmedia":[{"embeddable":true,"href":"https:\/\/www.daihen.mx\/en\/wp-json\/wp\/v2\/media\/441"}],"wp:attachment":[{"href":"https:\/\/www.daihen.mx\/en\/wp-json\/wp\/v2\/media?parent=439"}],"wp:term":[{"taxonomy":"product_brand","embeddable":true,"href":"https:\/\/www.daihen.mx\/en\/wp-json\/wp\/v2\/product_brand?post=439"},{"taxonomy":"product_cat","embeddable":true,"href":"https:\/\/www.daihen.mx\/en\/wp-json\/wp\/v2\/product_cat?post=439"},{"taxonomy":"product_tag","embeddable":true,"href":"https:\/\/www.daihen.mx\/en\/wp-json\/wp\/v2\/product_tag?post=439"}],"curies":[{"name":"wp","href":"https:\/\/api.w.org\/{rel}","templated":true}]}}