{"id":468,"date":"2025-07-19T00:13:36","date_gmt":"2025-07-19T00:13:36","guid":{"rendered":"https:\/\/2025.daihen.mx\/?post_type=product&#038;p=468"},"modified":"2025-07-19T00:13:36","modified_gmt":"2025-07-19T00:13:36","slug":"wb-w400-ac-mig","status":"publish","type":"product","link":"https:\/\/www.daihen.mx\/en\/product\/wb-w400-ac-mig\/","title":{"rendered":"WB-W400 AC-MIG"},"content":{"rendered":"<p>Nuestra fuente de energ\u00eda de soldadura basada en inversor dual 400A ofrece soldadura AC-MIG con capacidad WavePulse y AC WavePulse. Este Welbee W400 es ideal para aplicaciones que requieren un control preciso de la entrada de calor al sustrato en equilibrio con la entrada de calor al alambre de soldadura.<\/p>\n<p>\u2013 Soporte de soldadura mejorado para aluminio de placa delgada a trav\u00e9s del modo de soldadura de CA mejorado<br \/>\n\u2013 La funci\u00f3n Synchro-MIG permite una soldadura optimizada de diferentes espesores de placa<br \/>\n\u2013 Los modos AC Pulse y AC WavePulse proporcionan hermosas soldaduras con holl\u00edn reducido<br \/>\n\u2013 Modos de soldadura est\u00e1ndar de aluminio y acero inoxidable<br \/>\n\u2013 Inversor digital de 80 kHz<br \/>\n\u2013 Controle la corriente de soldadura a trav\u00e9s de un interruptor de antorcha<br \/>\n\u2013 La funci\u00f3n de llenado del cr\u00e1ter evita la oxidaci\u00f3n del cr\u00e1ter<br \/>\n\u2013 Primario trif\u00e1sico (460 voltios)<br \/>\n\u2013 Almacenamiento de memoria de 100 trabajos para uso semiautom\u00e1tico<\/p>","protected":false},"excerpt":{"rendered":"<p>Nuestra fuente de energ\u00eda de soldadura basada en inversor dual 400A ofrece soldadura AC-MIG con capacidad WavePulse y AC WavePulse. Este Welbee W400 es ideal para aplicaciones que requieren un control preciso de la entrada de calor al sustrato en equilibrio con la entrada de calor al alambre de soldadura.<\/p>\n<p><img decoding=\"async\" src=\"http:\/\/2025.daihen.mx\/wp-content\/uploads\/2025\/07\/AC_MIG_Logo_OhneRahmen_CMYK-300x96-1.jpg\" alt=\"\" width=\"300\" height=\"96\" class=\"alignnone size-full wp-image-470\" \/><\/p>\n<p><a class=\"boton-wc\" href=\"https:\/\/www.daihen.mx\/wp-content\/uploads\/2025\/07\/Ficha-tecnica-WB-W400.pdf\" target=\"_blank\" rel=\"noopener\">Technical Information<\/a><\/p>","protected":false},"featured_media":469,"template":"","meta":{"site-sidebar-layout":"default","site-content-layout":"","ast-site-content-layout":"default","site-content-style":"default","site-sidebar-style":"default","ast-global-header-display":"","ast-banner-title-visibility":"","ast-main-header-display":"","ast-hfb-above-header-display":"","ast-hfb-below-header-display":"","ast-hfb-mobile-header-display":"","site-post-title":"","ast-breadcrumbs-content":"","ast-featured-img":"","footer-sml-layout":"","ast-disable-related-posts":"","theme-transparent-header-meta":"default","adv-header-id-meta":"","stick-header-meta":"default","header-above-stick-meta":"","header-main-stick-meta":"","header-below-stick-meta":"","astra-migrate-meta-layouts":"set","ast-page-background-enabled":"default","ast-page-background-meta":{"desktop":{"background-color":"var(--ast-global-color-5)","background-image":"","background-repeat":"repeat","background-position":"center center","background-size":"auto","background-attachment":"scroll","background-type":"","background-media":"","overlay-type":"","overlay-color":"","overlay-opacity":"","overlay-gradient":""},"tablet":{"background-color":"","background-image":"","background-repeat":"repeat","background-position":"center center","background-size":"auto","background-attachment":"scroll","background-type":"","background-media":"","overlay-type":"","overlay-color":"","overlay-opacity":"","overlay-gradient":""},"mobile":{"background-color":"","background-image":"","background-repeat":"repeat","background-position":"center center","background-size":"auto","background-attachment":"scroll","background-type":"","background-media":"","overlay-type":"","overlay-color":"","overlay-opacity":"","overlay-gradient":""}},"ast-content-background-meta":{"desktop":{"background-color":"var(--ast-global-color-4)","background-image":"","background-repeat":"repeat","background-position":"center center","background-size":"auto","background-attachment":"scroll","background-type":"","background-media":"","overlay-type":"","overlay-color":"","overlay-opacity":"","overlay-gradient":""},"tablet":{"background-color":"var(--ast-global-color-4)","background-image":"","background-repeat":"repeat","background-position":"center center","background-size":"auto","background-attachment":"scroll","background-type":"","background-media":"","overlay-type":"","overlay-color":"","overlay-opacity":"","overlay-gradient":""},"mobile":{"background-color":"var(--ast-global-color-4)","background-image":"","background-repeat":"repeat","background-position":"center center","background-size":"auto","background-attachment":"scroll","background-type":"","background-media":"","overlay-type":"","overlay-color":"","overlay-opacity":"","overlay-gradient":""}}},"product_brand":[],"product_cat":[27],"product_tag":[],"class_list":{"0":"post-468","1":"product","2":"type-product","3":"status-publish","4":"has-post-thumbnail","6":"product_cat-maquinas-soldadoras","7":"desktop-align-center","8":"tablet-align-left","9":"mobile-align-center","10":"ast-product-gallery-layout-horizontal-slider","11":"ast-product-gallery-with-no-image","12":"ast-magnify-disabled","13":"ast-product-tabs-layout-accordion","15":"first","16":"instock","17":"shipping-taxable","18":"product-type-simple"},"yoast_head":"<!-- This site is optimized with the Yoast SEO plugin v27.3 - https:\/\/yoast.com\/product\/yoast-seo-wordpress\/ -->\n<title>WB-W400 AC-MIG -<\/title>\n<meta name=\"robots\" content=\"index, follow, max-snippet:-1, max-image-preview:large, max-video-preview:-1\" \/>\n<link rel=\"canonical\" href=\"https:\/\/www.daihen.mx\/en\/product\/wb-w400-ac-mig\/\" \/>\n<meta property=\"og:locale\" content=\"en_US\" \/>\n<meta property=\"og:type\" content=\"article\" \/>\n<meta property=\"og:title\" content=\"WB-W400 AC-MIG -\" \/>\n<meta property=\"og:description\" content=\"Nuestra fuente de energ\u00eda de soldadura basada en inversor dual 400A ofrece soldadura AC-MIG con capacidad WavePulse y AC WavePulse. Este Welbee W400 es ideal para aplicaciones que requieren un control preciso de la entrada de calor al sustrato en equilibrio con la entrada de calor al alambre de soldadura.    Descargar ficha t\u00e9cnica\" \/>\n<meta property=\"og:url\" content=\"https:\/\/www.daihen.mx\/en\/product\/wb-w400-ac-mig\/\" \/>\n<meta property=\"og:image\" content=\"https:\/\/www.daihen.mx\/wp-content\/uploads\/2025\/07\/WB-W400-AC-MIG.png\" \/>\n\t<meta property=\"og:image:width\" content=\"500\" \/>\n\t<meta property=\"og:image:height\" content=\"500\" \/>\n\t<meta property=\"og:image:type\" content=\"image\/png\" \/>\n<meta name=\"twitter:card\" content=\"summary_large_image\" \/>\n<meta name=\"twitter:label1\" content=\"Est. reading time\" \/>\n\t<meta name=\"twitter:data1\" content=\"1 minute\" \/>\n<script type=\"application\/ld+json\" class=\"yoast-schema-graph\">{\"@context\":\"https:\\\/\\\/schema.org\",\"@graph\":[{\"@type\":\"WebPage\",\"@id\":\"https:\\\/\\\/www.daihen.mx\\\/producto\\\/wb-w400-ac-mig\\\/\",\"url\":\"https:\\\/\\\/www.daihen.mx\\\/producto\\\/wb-w400-ac-mig\\\/\",\"name\":\"WB-W400 AC-MIG -\",\"isPartOf\":{\"@id\":\"https:\\\/\\\/www.daihen.mx\\\/#website\"},\"primaryImageOfPage\":{\"@id\":\"https:\\\/\\\/www.daihen.mx\\\/producto\\\/wb-w400-ac-mig\\\/#primaryimage\"},\"image\":{\"@id\":\"https:\\\/\\\/www.daihen.mx\\\/producto\\\/wb-w400-ac-mig\\\/#primaryimage\"},\"thumbnailUrl\":\"https:\\\/\\\/www.daihen.mx\\\/wp-content\\\/uploads\\\/2025\\\/07\\\/WB-W400-AC-MIG.png\",\"datePublished\":\"2025-07-19T00:13:36+00:00\",\"breadcrumb\":{\"@id\":\"https:\\\/\\\/www.daihen.mx\\\/producto\\\/wb-w400-ac-mig\\\/#breadcrumb\"},\"inLanguage\":\"en-US\",\"potentialAction\":[{\"@type\":\"ReadAction\",\"target\":[\"https:\\\/\\\/www.daihen.mx\\\/producto\\\/wb-w400-ac-mig\\\/\"]}]},{\"@type\":\"ImageObject\",\"inLanguage\":\"en-US\",\"@id\":\"https:\\\/\\\/www.daihen.mx\\\/producto\\\/wb-w400-ac-mig\\\/#primaryimage\",\"url\":\"https:\\\/\\\/www.daihen.mx\\\/wp-content\\\/uploads\\\/2025\\\/07\\\/WB-W400-AC-MIG.png\",\"contentUrl\":\"https:\\\/\\\/www.daihen.mx\\\/wp-content\\\/uploads\\\/2025\\\/07\\\/WB-W400-AC-MIG.png\",\"width\":500,\"height\":500},{\"@type\":\"BreadcrumbList\",\"@id\":\"https:\\\/\\\/www.daihen.mx\\\/producto\\\/wb-w400-ac-mig\\\/#breadcrumb\",\"itemListElement\":[{\"@type\":\"ListItem\",\"position\":1,\"name\":\"Inicio\",\"item\":\"https:\\\/\\\/www.daihen.mx\\\/\"},{\"@type\":\"ListItem\",\"position\":2,\"name\":\"Productos\",\"item\":\"https:\\\/\\\/www.daihen.mx\\\/productos\\\/\"},{\"@type\":\"ListItem\",\"position\":3,\"name\":\"WB-W400 AC-MIG\"}]},{\"@type\":\"WebSite\",\"@id\":\"https:\\\/\\\/www.daihen.mx\\\/#website\",\"url\":\"https:\\\/\\\/www.daihen.mx\\\/\",\"name\":\"\",\"description\":\"\",\"potentialAction\":[{\"@type\":\"SearchAction\",\"target\":{\"@type\":\"EntryPoint\",\"urlTemplate\":\"https:\\\/\\\/www.daihen.mx\\\/?s={search_term_string}\"},\"query-input\":{\"@type\":\"PropertyValueSpecification\",\"valueRequired\":true,\"valueName\":\"search_term_string\"}}],\"inLanguage\":\"en-US\"}]}<\/script>\n<!-- \/ Yoast SEO plugin. -->","yoast_head_json":{"title":"WB-W400 AC-MIG -","robots":{"index":"index","follow":"follow","max-snippet":"max-snippet:-1","max-image-preview":"max-image-preview:large","max-video-preview":"max-video-preview:-1"},"canonical":"https:\/\/www.daihen.mx\/en\/product\/wb-w400-ac-mig\/","og_locale":"en_US","og_type":"article","og_title":"WB-W400 AC-MIG -","og_description":"Nuestra fuente de energ\u00eda de soldadura basada en inversor dual 400A ofrece soldadura AC-MIG con capacidad WavePulse y AC WavePulse. Este Welbee W400 es ideal para aplicaciones que requieren un control preciso de la entrada de calor al sustrato en equilibrio con la entrada de calor al alambre de soldadura.    Descargar ficha t\u00e9cnica","og_url":"https:\/\/www.daihen.mx\/en\/product\/wb-w400-ac-mig\/","og_image":[{"width":500,"height":500,"url":"https:\/\/www.daihen.mx\/wp-content\/uploads\/2025\/07\/WB-W400-AC-MIG.png","type":"image\/png"}],"twitter_card":"summary_large_image","twitter_misc":{"Est. reading time":"1 minute"},"schema":{"@context":"https:\/\/schema.org","@graph":[{"@type":"WebPage","@id":"https:\/\/www.daihen.mx\/producto\/wb-w400-ac-mig\/","url":"https:\/\/www.daihen.mx\/producto\/wb-w400-ac-mig\/","name":"WB-W400 AC-MIG -","isPartOf":{"@id":"https:\/\/www.daihen.mx\/#website"},"primaryImageOfPage":{"@id":"https:\/\/www.daihen.mx\/producto\/wb-w400-ac-mig\/#primaryimage"},"image":{"@id":"https:\/\/www.daihen.mx\/producto\/wb-w400-ac-mig\/#primaryimage"},"thumbnailUrl":"https:\/\/www.daihen.mx\/wp-content\/uploads\/2025\/07\/WB-W400-AC-MIG.png","datePublished":"2025-07-19T00:13:36+00:00","breadcrumb":{"@id":"https:\/\/www.daihen.mx\/producto\/wb-w400-ac-mig\/#breadcrumb"},"inLanguage":"en-US","potentialAction":[{"@type":"ReadAction","target":["https:\/\/www.daihen.mx\/producto\/wb-w400-ac-mig\/"]}]},{"@type":"ImageObject","inLanguage":"en-US","@id":"https:\/\/www.daihen.mx\/producto\/wb-w400-ac-mig\/#primaryimage","url":"https:\/\/www.daihen.mx\/wp-content\/uploads\/2025\/07\/WB-W400-AC-MIG.png","contentUrl":"https:\/\/www.daihen.mx\/wp-content\/uploads\/2025\/07\/WB-W400-AC-MIG.png","width":500,"height":500},{"@type":"BreadcrumbList","@id":"https:\/\/www.daihen.mx\/producto\/wb-w400-ac-mig\/#breadcrumb","itemListElement":[{"@type":"ListItem","position":1,"name":"Inicio","item":"https:\/\/www.daihen.mx\/"},{"@type":"ListItem","position":2,"name":"Productos","item":"https:\/\/www.daihen.mx\/productos\/"},{"@type":"ListItem","position":3,"name":"WB-W400 AC-MIG"}]},{"@type":"WebSite","@id":"https:\/\/www.daihen.mx\/#website","url":"https:\/\/www.daihen.mx\/","name":"","description":"","potentialAction":[{"@type":"SearchAction","target":{"@type":"EntryPoint","urlTemplate":"https:\/\/www.daihen.mx\/?s={search_term_string}"},"query-input":{"@type":"PropertyValueSpecification","valueRequired":true,"valueName":"search_term_string"}}],"inLanguage":"en-US"}]}},"_links":{"self":[{"href":"https:\/\/www.daihen.mx\/en\/wp-json\/wp\/v2\/product\/468","targetHints":{"allow":["GET"]}}],"collection":[{"href":"https:\/\/www.daihen.mx\/en\/wp-json\/wp\/v2\/product"}],"about":[{"href":"https:\/\/www.daihen.mx\/en\/wp-json\/wp\/v2\/types\/product"}],"version-history":[{"count":1,"href":"https:\/\/www.daihen.mx\/en\/wp-json\/wp\/v2\/product\/468\/revisions"}],"predecessor-version":[{"id":472,"href":"https:\/\/www.daihen.mx\/en\/wp-json\/wp\/v2\/product\/468\/revisions\/472"}],"wp:featuredmedia":[{"embeddable":true,"href":"https:\/\/www.daihen.mx\/en\/wp-json\/wp\/v2\/media\/469"}],"wp:attachment":[{"href":"https:\/\/www.daihen.mx\/en\/wp-json\/wp\/v2\/media?parent=468"}],"wp:term":[{"taxonomy":"product_brand","embeddable":true,"href":"https:\/\/www.daihen.mx\/en\/wp-json\/wp\/v2\/product_brand?post=468"},{"taxonomy":"product_cat","embeddable":true,"href":"https:\/\/www.daihen.mx\/en\/wp-json\/wp\/v2\/product_cat?post=468"},{"taxonomy":"product_tag","embeddable":true,"href":"https:\/\/www.daihen.mx\/en\/wp-json\/wp\/v2\/product_tag?post=468"}],"curies":[{"name":"wp","href":"https:\/\/api.w.org\/{rel}","templated":true}]}}