{"id":625,"date":"2025-07-22T00:08:17","date_gmt":"2025-07-22T00:08:17","guid":{"rendered":"https:\/\/2025.daihen.mx\/?post_type=product&#038;p=625"},"modified":"2025-07-22T00:13:04","modified_gmt":"2025-07-22T00:13:04","slug":"fd-qt","status":"publish","type":"product","link":"https:\/\/www.daihen.mx\/en\/product\/fd-qt\/","title":{"rendered":"FD- QT"},"content":{"rendered":"<p><strong>FUNCI\u00d3N DE SOLDADURA ADAPTATIVA PARA SOLDADURA DE ALTA PRECISI\u00d3N<\/strong><br \/>\nPara obtener los mejores resultados de soldadura, el sensor FD-QT utiliza una funci\u00f3n de soldadura adaptativa opcional que modifica las condiciones de soldadura (corriente de soldadura, voltaje, velocidad) seg\u00fan sea necesario, todo en tiempo real.<\/p>\n<p>Dise\u00f1ado para entornos de soldadura de arco duro.<br \/>\nDise\u00f1o compacto y f\u00e1cil mantenimiento.<br \/>\nEl men\u00fa dedicado proporciona una interfaz f\u00e1cil de usar y una operaci\u00f3n f\u00e1cil de usar a trav\u00e9s del control colgante<br \/>\nLas tecnolog\u00edas avanzadas de seguimiento en 3D proporcionan resultados de seguimiento estables y precisos<br \/>\nSoporte completo para todos los equipos (robot, soldador y sensor) de OTC DAIHEN<\/p>","protected":false},"excerpt":{"rendered":"<p><strong>Sensor de seguimiento l\u00e1ser<\/strong><\/p>\n<p>El sistema FD-QT presenta un sensor l\u00e1ser de alta gama con seguimiento de la junta en tiempo real. Se utiliza para compensar huecos, distorsi\u00f3n de piezas, inconsistencias, tachuelas y otros defectos peque\u00f1os con extrema precisi\u00f3n y retroalimentaci\u00f3n r\u00e1pida. El sistema FD-QT tiene mucha flexibilidad y puede usarse en una amplia variedad de aplicaciones.<\/p>\n<p>FD-QT puede detectar autom\u00e1ticamente los puntos de seguimiento, inicio y finalizaci\u00f3n de la soldadura. Adem\u00e1s, dado que el sensor FD-QT procesa los datos en tiempo real, no se requiere tiempo adicional para verificar las piezas, sin afectar los tiempos de ciclo.<\/p>\n<p><a class=\"boton-wc\" href=\"https:\/\/www.daihen.mx\/wp-content\/uploads\/2025\/07\/Sensing-Solutions-1.pdf\" target=\"_blank\" rel=\"noopener\">Technical Information<\/a><\/p>","protected":false},"featured_media":634,"template":"","meta":{"site-sidebar-layout":"default","site-content-layout":"","ast-site-content-layout":"default","site-content-style":"default","site-sidebar-style":"default","ast-global-header-display":"","ast-banner-title-visibility":"","ast-main-header-display":"","ast-hfb-above-header-display":"","ast-hfb-below-header-display":"","ast-hfb-mobile-header-display":"","site-post-title":"","ast-breadcrumbs-content":"","ast-featured-img":"","footer-sml-layout":"","ast-disable-related-posts":"","theme-transparent-header-meta":"default","adv-header-id-meta":"","stick-header-meta":"default","header-above-stick-meta":"","header-main-stick-meta":"","header-below-stick-meta":"","astra-migrate-meta-layouts":"set","ast-page-background-enabled":"default","ast-page-background-meta":{"desktop":{"background-color":"var(--ast-global-color-5)","background-image":"","background-repeat":"repeat","background-position":"center center","background-size":"auto","background-attachment":"scroll","background-type":"","background-media":"","overlay-type":"","overlay-color":"","overlay-opacity":"","overlay-gradient":""},"tablet":{"background-color":"","background-image":"","background-repeat":"repeat","background-position":"center center","background-size":"auto","background-attachment":"scroll","background-type":"","background-media":"","overlay-type":"","overlay-color":"","overlay-opacity":"","overlay-gradient":""},"mobile":{"background-color":"","background-image":"","background-repeat":"repeat","background-position":"center center","background-size":"auto","background-attachment":"scroll","background-type":"","background-media":"","overlay-type":"","overlay-color":"","overlay-opacity":"","overlay-gradient":""}},"ast-content-background-meta":{"desktop":{"background-color":"var(--ast-global-color-4)","background-image":"","background-repeat":"repeat","background-position":"center center","background-size":"auto","background-attachment":"scroll","background-type":"","background-media":"","overlay-type":"","overlay-color":"","overlay-opacity":"","overlay-gradient":""},"tablet":{"background-color":"var(--ast-global-color-4)","background-image":"","background-repeat":"repeat","background-position":"center center","background-size":"auto","background-attachment":"scroll","background-type":"","background-media":"","overlay-type":"","overlay-color":"","overlay-opacity":"","overlay-gradient":""},"mobile":{"background-color":"var(--ast-global-color-4)","background-image":"","background-repeat":"repeat","background-position":"center center","background-size":"auto","background-attachment":"scroll","background-type":"","background-media":"","overlay-type":"","overlay-color":"","overlay-opacity":"","overlay-gradient":""}}},"product_brand":[],"product_cat":[28],"product_tag":[],"class_list":{"0":"post-625","1":"product","2":"type-product","3":"status-publish","4":"has-post-thumbnail","6":"product_cat-sensores","7":"desktop-align-center","8":"tablet-align-left","9":"mobile-align-center","10":"ast-product-gallery-layout-horizontal-slider","11":"ast-product-gallery-with-no-image","12":"ast-magnify-disabled","13":"ast-product-tabs-layout-accordion","15":"first","16":"instock","17":"shipping-taxable","18":"product-type-simple"},"yoast_head":"<!-- This site is optimized with the Yoast SEO plugin v27.3 - https:\/\/yoast.com\/product\/yoast-seo-wordpress\/ -->\n<title>FD- QT -<\/title>\n<meta name=\"robots\" content=\"index, follow, max-snippet:-1, max-image-preview:large, max-video-preview:-1\" \/>\n<link rel=\"canonical\" href=\"https:\/\/www.daihen.mx\/en\/product\/fd-qt\/\" \/>\n<meta property=\"og:locale\" content=\"en_US\" \/>\n<meta property=\"og:type\" content=\"article\" \/>\n<meta property=\"og:title\" content=\"FD- QT -\" \/>\n<meta property=\"og:description\" content=\"Sensor de seguimiento l\u00e1ser  El sistema FD-QT presenta un sensor l\u00e1ser de alta gama con seguimiento de la junta en tiempo real. Se utiliza para compensar huecos, distorsi\u00f3n de piezas, inconsistencias, tachuelas y otros defectos peque\u00f1os con extrema precisi\u00f3n y retroalimentaci\u00f3n r\u00e1pida. El sistema FD-QT tiene mucha flexibilidad y puede usarse en una amplia variedad de aplicaciones.  FD-QT puede detectar autom\u00e1ticamente los puntos de seguimiento, inicio y finalizaci\u00f3n de la soldadura. Adem\u00e1s, dado que el sensor FD-QT procesa los datos en tiempo real, no se requiere tiempo adicional para verificar las piezas, sin afectar los tiempos de ciclo.  Descargar ficha t\u00e9cnica\" \/>\n<meta property=\"og:url\" content=\"https:\/\/www.daihen.mx\/en\/product\/fd-qt\/\" \/>\n<meta property=\"article:modified_time\" content=\"2025-07-22T00:13:04+00:00\" \/>\n<meta property=\"og:image\" content=\"https:\/\/www.daihen.mx\/wp-content\/uploads\/2025\/07\/FD-LT-Laser-Sensor-image360x_.jpg\" \/>\n\t<meta property=\"og:image:width\" content=\"220\" \/>\n\t<meta property=\"og:image:height\" content=\"220\" \/>\n\t<meta property=\"og:image:type\" content=\"image\/jpeg\" \/>\n<meta name=\"twitter:card\" content=\"summary_large_image\" \/>\n<meta name=\"twitter:label1\" content=\"Est. reading time\" \/>\n\t<meta name=\"twitter:data1\" content=\"1 minute\" \/>\n<script type=\"application\/ld+json\" class=\"yoast-schema-graph\">{\"@context\":\"https:\\\/\\\/schema.org\",\"@graph\":[{\"@type\":\"WebPage\",\"@id\":\"https:\\\/\\\/www.daihen.mx\\\/producto\\\/fd-qt\\\/\",\"url\":\"https:\\\/\\\/www.daihen.mx\\\/producto\\\/fd-qt\\\/\",\"name\":\"FD- QT -\",\"isPartOf\":{\"@id\":\"https:\\\/\\\/www.daihen.mx\\\/#website\"},\"primaryImageOfPage\":{\"@id\":\"https:\\\/\\\/www.daihen.mx\\\/producto\\\/fd-qt\\\/#primaryimage\"},\"image\":{\"@id\":\"https:\\\/\\\/www.daihen.mx\\\/producto\\\/fd-qt\\\/#primaryimage\"},\"thumbnailUrl\":\"https:\\\/\\\/www.daihen.mx\\\/wp-content\\\/uploads\\\/2025\\\/07\\\/FD-LT-Laser-Sensor-image360x_.jpg\",\"datePublished\":\"2025-07-22T00:08:17+00:00\",\"dateModified\":\"2025-07-22T00:13:04+00:00\",\"breadcrumb\":{\"@id\":\"https:\\\/\\\/www.daihen.mx\\\/producto\\\/fd-qt\\\/#breadcrumb\"},\"inLanguage\":\"en-US\",\"potentialAction\":[{\"@type\":\"ReadAction\",\"target\":[\"https:\\\/\\\/www.daihen.mx\\\/producto\\\/fd-qt\\\/\"]}]},{\"@type\":\"ImageObject\",\"inLanguage\":\"en-US\",\"@id\":\"https:\\\/\\\/www.daihen.mx\\\/producto\\\/fd-qt\\\/#primaryimage\",\"url\":\"https:\\\/\\\/www.daihen.mx\\\/wp-content\\\/uploads\\\/2025\\\/07\\\/FD-LT-Laser-Sensor-image360x_.jpg\",\"contentUrl\":\"https:\\\/\\\/www.daihen.mx\\\/wp-content\\\/uploads\\\/2025\\\/07\\\/FD-LT-Laser-Sensor-image360x_.jpg\",\"width\":220,\"height\":220},{\"@type\":\"BreadcrumbList\",\"@id\":\"https:\\\/\\\/www.daihen.mx\\\/producto\\\/fd-qt\\\/#breadcrumb\",\"itemListElement\":[{\"@type\":\"ListItem\",\"position\":1,\"name\":\"Inicio\",\"item\":\"https:\\\/\\\/www.daihen.mx\\\/\"},{\"@type\":\"ListItem\",\"position\":2,\"name\":\"Productos\",\"item\":\"https:\\\/\\\/www.daihen.mx\\\/productos\\\/\"},{\"@type\":\"ListItem\",\"position\":3,\"name\":\"FD- QT\"}]},{\"@type\":\"WebSite\",\"@id\":\"https:\\\/\\\/www.daihen.mx\\\/#website\",\"url\":\"https:\\\/\\\/www.daihen.mx\\\/\",\"name\":\"\",\"description\":\"\",\"potentialAction\":[{\"@type\":\"SearchAction\",\"target\":{\"@type\":\"EntryPoint\",\"urlTemplate\":\"https:\\\/\\\/www.daihen.mx\\\/?s={search_term_string}\"},\"query-input\":{\"@type\":\"PropertyValueSpecification\",\"valueRequired\":true,\"valueName\":\"search_term_string\"}}],\"inLanguage\":\"en-US\"}]}<\/script>\n<!-- \/ Yoast SEO plugin. -->","yoast_head_json":{"title":"FD- QT -","robots":{"index":"index","follow":"follow","max-snippet":"max-snippet:-1","max-image-preview":"max-image-preview:large","max-video-preview":"max-video-preview:-1"},"canonical":"https:\/\/www.daihen.mx\/en\/product\/fd-qt\/","og_locale":"en_US","og_type":"article","og_title":"FD- QT -","og_description":"Sensor de seguimiento l\u00e1ser  El sistema FD-QT presenta un sensor l\u00e1ser de alta gama con seguimiento de la junta en tiempo real. Se utiliza para compensar huecos, distorsi\u00f3n de piezas, inconsistencias, tachuelas y otros defectos peque\u00f1os con extrema precisi\u00f3n y retroalimentaci\u00f3n r\u00e1pida. El sistema FD-QT tiene mucha flexibilidad y puede usarse en una amplia variedad de aplicaciones.  FD-QT puede detectar autom\u00e1ticamente los puntos de seguimiento, inicio y finalizaci\u00f3n de la soldadura. Adem\u00e1s, dado que el sensor FD-QT procesa los datos en tiempo real, no se requiere tiempo adicional para verificar las piezas, sin afectar los tiempos de ciclo.  Descargar ficha t\u00e9cnica","og_url":"https:\/\/www.daihen.mx\/en\/product\/fd-qt\/","article_modified_time":"2025-07-22T00:13:04+00:00","og_image":[{"width":220,"height":220,"url":"https:\/\/www.daihen.mx\/wp-content\/uploads\/2025\/07\/FD-LT-Laser-Sensor-image360x_.jpg","type":"image\/jpeg"}],"twitter_card":"summary_large_image","twitter_misc":{"Est. reading time":"1 minute"},"schema":{"@context":"https:\/\/schema.org","@graph":[{"@type":"WebPage","@id":"https:\/\/www.daihen.mx\/producto\/fd-qt\/","url":"https:\/\/www.daihen.mx\/producto\/fd-qt\/","name":"FD- QT -","isPartOf":{"@id":"https:\/\/www.daihen.mx\/#website"},"primaryImageOfPage":{"@id":"https:\/\/www.daihen.mx\/producto\/fd-qt\/#primaryimage"},"image":{"@id":"https:\/\/www.daihen.mx\/producto\/fd-qt\/#primaryimage"},"thumbnailUrl":"https:\/\/www.daihen.mx\/wp-content\/uploads\/2025\/07\/FD-LT-Laser-Sensor-image360x_.jpg","datePublished":"2025-07-22T00:08:17+00:00","dateModified":"2025-07-22T00:13:04+00:00","breadcrumb":{"@id":"https:\/\/www.daihen.mx\/producto\/fd-qt\/#breadcrumb"},"inLanguage":"en-US","potentialAction":[{"@type":"ReadAction","target":["https:\/\/www.daihen.mx\/producto\/fd-qt\/"]}]},{"@type":"ImageObject","inLanguage":"en-US","@id":"https:\/\/www.daihen.mx\/producto\/fd-qt\/#primaryimage","url":"https:\/\/www.daihen.mx\/wp-content\/uploads\/2025\/07\/FD-LT-Laser-Sensor-image360x_.jpg","contentUrl":"https:\/\/www.daihen.mx\/wp-content\/uploads\/2025\/07\/FD-LT-Laser-Sensor-image360x_.jpg","width":220,"height":220},{"@type":"BreadcrumbList","@id":"https:\/\/www.daihen.mx\/producto\/fd-qt\/#breadcrumb","itemListElement":[{"@type":"ListItem","position":1,"name":"Inicio","item":"https:\/\/www.daihen.mx\/"},{"@type":"ListItem","position":2,"name":"Productos","item":"https:\/\/www.daihen.mx\/productos\/"},{"@type":"ListItem","position":3,"name":"FD- QT"}]},{"@type":"WebSite","@id":"https:\/\/www.daihen.mx\/#website","url":"https:\/\/www.daihen.mx\/","name":"","description":"","potentialAction":[{"@type":"SearchAction","target":{"@type":"EntryPoint","urlTemplate":"https:\/\/www.daihen.mx\/?s={search_term_string}"},"query-input":{"@type":"PropertyValueSpecification","valueRequired":true,"valueName":"search_term_string"}}],"inLanguage":"en-US"}]}},"_links":{"self":[{"href":"https:\/\/www.daihen.mx\/en\/wp-json\/wp\/v2\/product\/625","targetHints":{"allow":["GET"]}}],"collection":[{"href":"https:\/\/www.daihen.mx\/en\/wp-json\/wp\/v2\/product"}],"about":[{"href":"https:\/\/www.daihen.mx\/en\/wp-json\/wp\/v2\/types\/product"}],"version-history":[{"count":4,"href":"https:\/\/www.daihen.mx\/en\/wp-json\/wp\/v2\/product\/625\/revisions"}],"predecessor-version":[{"id":636,"href":"https:\/\/www.daihen.mx\/en\/wp-json\/wp\/v2\/product\/625\/revisions\/636"}],"wp:featuredmedia":[{"embeddable":true,"href":"https:\/\/www.daihen.mx\/en\/wp-json\/wp\/v2\/media\/634"}],"wp:attachment":[{"href":"https:\/\/www.daihen.mx\/en\/wp-json\/wp\/v2\/media?parent=625"}],"wp:term":[{"taxonomy":"product_brand","embeddable":true,"href":"https:\/\/www.daihen.mx\/en\/wp-json\/wp\/v2\/product_brand?post=625"},{"taxonomy":"product_cat","embeddable":true,"href":"https:\/\/www.daihen.mx\/en\/wp-json\/wp\/v2\/product_cat?post=625"},{"taxonomy":"product_tag","embeddable":true,"href":"https:\/\/www.daihen.mx\/en\/wp-json\/wp\/v2\/product_tag?post=625"}],"curies":[{"name":"wp","href":"https:\/\/api.w.org\/{rel}","templated":true}]}}