{"id":629,"date":"2025-07-22T00:10:38","date_gmt":"2025-07-22T00:10:38","guid":{"rendered":"https:\/\/2025.daihen.mx\/?post_type=product&#038;p=629"},"modified":"2025-07-22T00:11:09","modified_gmt":"2025-07-22T00:11:09","slug":"fd-tr","status":"publish","type":"product","link":"https:\/\/www.daihen.mx\/en\/product\/fd-tr\/","title":{"rendered":"FD-TR"},"content":{"rendered":"<p>El sistema <strong>FD-TR<\/strong> es capaz de rastrear en tiempo real para compensar defectos en partes como distorsi\u00f3n, mal ajuste, accesorios flojos y m\u00e1s. Disponible para una amplia gama de espesores de placa, 0.040 \u2033 (1.0 mm) y mayores.<\/p>\n<p>Operaci\u00f3n simple y f\u00e1cil a trav\u00e9s del men\u00fa dedicado en el Teach Pendant<br \/>\nNo hay problema en entornos de soldadura TIG<br \/>\nAlta fiabilidad y versatilidad.<br \/>\nExcelente para todos los espesores de placa.<br \/>\nLas configuraciones y controles en el Teaching Pendant est\u00e1n en un men\u00fa dedicado f\u00e1cil de usar<br \/>\nConfiguraci\u00f3n simple que se puede conectar a cualquier tipo de m\u00e1quina OTC DAIHEN TIG<br \/>\nSeguimiento estable y preciso<\/p>\n<p><img fetchpriority=\"high\" decoding=\"async\" class=\"alignnone wp-image-630 size-full\" src=\"http:\/\/2025.daihen.mx\/wp-content\/uploads\/2025\/07\/FD-TR.png\" alt=\"\" width=\"900\" height=\"353\" srcset=\"https:\/\/www.daihen.mx\/wp-content\/uploads\/2025\/07\/FD-TR.png 900w, https:\/\/www.daihen.mx\/wp-content\/uploads\/2025\/07\/FD-TR-300x118.png 300w, https:\/\/www.daihen.mx\/wp-content\/uploads\/2025\/07\/FD-TR-768x301.png 768w, https:\/\/www.daihen.mx\/wp-content\/uploads\/2025\/07\/FD-TR-18x7.png 18w, https:\/\/www.daihen.mx\/wp-content\/uploads\/2025\/07\/FD-TR-600x235.png 600w\" sizes=\"(max-width: 900px) 100vw, 900px\" \/><\/p>","protected":false},"excerpt":{"rendered":"<p>\u00bfNecesita el mayor grado de precisi\u00f3n durante la soldadura rob\u00f3tica por arco TIG? Actualice su configuraci\u00f3n con el sistema FD-TR de DAIHEN, el sensor de seguimiento rob\u00f3tico en tiempo real de vanguardia utilizado para mantener las condiciones \u00f3ptimas de soldadura.<\/p>\n<p>Al medir el voltaje del arco durante la soldadura, el sensor de arco FD-TR mueve la antorcha verticalmente para mantener la mejor longitud de arco constante posible. La retroalimentaci\u00f3n se transmite a trav\u00e9s del electrodo de tungsteno en la antorcha.<\/p>\n<p>&nbsp;<br \/>\n<a class=\"boton-wc\" href=\"https:\/\/www.daihen.mx\/wp-content\/uploads\/2025\/07\/Sensing-Solutions-1.pdf\" target=\"_blank\" rel=\"noopener\">Technical Information<\/a><\/p>","protected":false},"featured_media":631,"template":"","meta":{"site-sidebar-layout":"default","site-content-layout":"","ast-site-content-layout":"default","site-content-style":"default","site-sidebar-style":"default","ast-global-header-display":"","ast-banner-title-visibility":"","ast-main-header-display":"","ast-hfb-above-header-display":"","ast-hfb-below-header-display":"","ast-hfb-mobile-header-display":"","site-post-title":"","ast-breadcrumbs-content":"","ast-featured-img":"","footer-sml-layout":"","ast-disable-related-posts":"","theme-transparent-header-meta":"default","adv-header-id-meta":"","stick-header-meta":"default","header-above-stick-meta":"","header-main-stick-meta":"","header-below-stick-meta":"","astra-migrate-meta-layouts":"set","ast-page-background-enabled":"default","ast-page-background-meta":{"desktop":{"background-color":"var(--ast-global-color-5)","background-image":"","background-repeat":"repeat","background-position":"center center","background-size":"auto","background-attachment":"scroll","background-type":"","background-media":"","overlay-type":"","overlay-color":"","overlay-opacity":"","overlay-gradient":""},"tablet":{"background-color":"","background-image":"","background-repeat":"repeat","background-position":"center center","background-size":"auto","background-attachment":"scroll","background-type":"","background-media":"","overlay-type":"","overlay-color":"","overlay-opacity":"","overlay-gradient":""},"mobile":{"background-color":"","background-image":"","background-repeat":"repeat","background-position":"center center","background-size":"auto","background-attachment":"scroll","background-type":"","background-media":"","overlay-type":"","overlay-color":"","overlay-opacity":"","overlay-gradient":""}},"ast-content-background-meta":{"desktop":{"background-color":"var(--ast-global-color-4)","background-image":"","background-repeat":"repeat","background-position":"center center","background-size":"auto","background-attachment":"scroll","background-type":"","background-media":"","overlay-type":"","overlay-color":"","overlay-opacity":"","overlay-gradient":""},"tablet":{"background-color":"var(--ast-global-color-4)","background-image":"","background-repeat":"repeat","background-position":"center center","background-size":"auto","background-attachment":"scroll","background-type":"","background-media":"","overlay-type":"","overlay-color":"","overlay-opacity":"","overlay-gradient":""},"mobile":{"background-color":"var(--ast-global-color-4)","background-image":"","background-repeat":"repeat","background-position":"center center","background-size":"auto","background-attachment":"scroll","background-type":"","background-media":"","overlay-type":"","overlay-color":"","overlay-opacity":"","overlay-gradient":""}}},"product_brand":[],"product_cat":[28],"product_tag":[],"class_list":{"0":"post-629","1":"product","2":"type-product","3":"status-publish","4":"has-post-thumbnail","6":"product_cat-sensores","7":"desktop-align-center","8":"tablet-align-left","9":"mobile-align-center","10":"ast-product-gallery-layout-horizontal-slider","11":"ast-product-gallery-with-no-image","12":"ast-magnify-disabled","13":"ast-product-tabs-layout-accordion","15":"first","16":"instock","17":"shipping-taxable","18":"product-type-simple"},"yoast_head":"<!-- This site is optimized with the Yoast SEO plugin v27.3 - https:\/\/yoast.com\/product\/yoast-seo-wordpress\/ -->\n<title>FD-TR -<\/title>\n<meta name=\"robots\" content=\"index, follow, max-snippet:-1, max-image-preview:large, max-video-preview:-1\" \/>\n<link rel=\"canonical\" href=\"https:\/\/www.daihen.mx\/en\/product\/fd-tr\/\" \/>\n<meta property=\"og:locale\" content=\"en_US\" \/>\n<meta property=\"og:type\" content=\"article\" \/>\n<meta property=\"og:title\" content=\"FD-TR -\" \/>\n<meta property=\"og:description\" content=\"\u00bfNecesita el mayor grado de precisi\u00f3n durante la soldadura rob\u00f3tica por arco TIG? Actualice su configuraci\u00f3n con el sistema FD-TR de DAIHEN, el sensor de seguimiento rob\u00f3tico en tiempo real de vanguardia utilizado para mantener las condiciones \u00f3ptimas de soldadura.  Al medir el voltaje del arco durante la soldadura, el sensor de arco FD-TR mueve la antorcha verticalmente para mantener la mejor longitud de arco constante posible. La retroalimentaci\u00f3n se transmite a trav\u00e9s del electrodo de tungsteno en la antorcha.  &nbsp; Descargar ficha t\u00e9cnica\" \/>\n<meta property=\"og:url\" content=\"https:\/\/www.daihen.mx\/en\/product\/fd-tr\/\" \/>\n<meta property=\"article:modified_time\" content=\"2025-07-22T00:11:09+00:00\" \/>\n<meta property=\"og:image\" content=\"https:\/\/www.daihen.mx\/wp-content\/uploads\/2025\/07\/FD-TR-Arc-Sensor-image360x_.jpg\" \/>\n\t<meta property=\"og:image:width\" content=\"220\" \/>\n\t<meta property=\"og:image:height\" content=\"218\" \/>\n\t<meta property=\"og:image:type\" content=\"image\/jpeg\" \/>\n<meta name=\"twitter:card\" content=\"summary_large_image\" \/>\n<meta name=\"twitter:label1\" content=\"Est. reading time\" \/>\n\t<meta name=\"twitter:data1\" content=\"1 minute\" \/>\n<script type=\"application\/ld+json\" class=\"yoast-schema-graph\">{\"@context\":\"https:\\\/\\\/schema.org\",\"@graph\":[{\"@type\":\"WebPage\",\"@id\":\"https:\\\/\\\/www.daihen.mx\\\/producto\\\/fd-tr\\\/\",\"url\":\"https:\\\/\\\/www.daihen.mx\\\/producto\\\/fd-tr\\\/\",\"name\":\"FD-TR -\",\"isPartOf\":{\"@id\":\"https:\\\/\\\/www.daihen.mx\\\/#website\"},\"primaryImageOfPage\":{\"@id\":\"https:\\\/\\\/www.daihen.mx\\\/producto\\\/fd-tr\\\/#primaryimage\"},\"image\":{\"@id\":\"https:\\\/\\\/www.daihen.mx\\\/producto\\\/fd-tr\\\/#primaryimage\"},\"thumbnailUrl\":\"https:\\\/\\\/www.daihen.mx\\\/wp-content\\\/uploads\\\/2025\\\/07\\\/FD-TR-Arc-Sensor-image360x_.jpg\",\"datePublished\":\"2025-07-22T00:10:38+00:00\",\"dateModified\":\"2025-07-22T00:11:09+00:00\",\"breadcrumb\":{\"@id\":\"https:\\\/\\\/www.daihen.mx\\\/producto\\\/fd-tr\\\/#breadcrumb\"},\"inLanguage\":\"en-US\",\"potentialAction\":[{\"@type\":\"ReadAction\",\"target\":[\"https:\\\/\\\/www.daihen.mx\\\/producto\\\/fd-tr\\\/\"]}]},{\"@type\":\"ImageObject\",\"inLanguage\":\"en-US\",\"@id\":\"https:\\\/\\\/www.daihen.mx\\\/producto\\\/fd-tr\\\/#primaryimage\",\"url\":\"https:\\\/\\\/www.daihen.mx\\\/wp-content\\\/uploads\\\/2025\\\/07\\\/FD-TR-Arc-Sensor-image360x_.jpg\",\"contentUrl\":\"https:\\\/\\\/www.daihen.mx\\\/wp-content\\\/uploads\\\/2025\\\/07\\\/FD-TR-Arc-Sensor-image360x_.jpg\",\"width\":220,\"height\":218},{\"@type\":\"BreadcrumbList\",\"@id\":\"https:\\\/\\\/www.daihen.mx\\\/producto\\\/fd-tr\\\/#breadcrumb\",\"itemListElement\":[{\"@type\":\"ListItem\",\"position\":1,\"name\":\"Inicio\",\"item\":\"https:\\\/\\\/www.daihen.mx\\\/\"},{\"@type\":\"ListItem\",\"position\":2,\"name\":\"Productos\",\"item\":\"https:\\\/\\\/www.daihen.mx\\\/productos\\\/\"},{\"@type\":\"ListItem\",\"position\":3,\"name\":\"FD-TR\"}]},{\"@type\":\"WebSite\",\"@id\":\"https:\\\/\\\/www.daihen.mx\\\/#website\",\"url\":\"https:\\\/\\\/www.daihen.mx\\\/\",\"name\":\"\",\"description\":\"\",\"potentialAction\":[{\"@type\":\"SearchAction\",\"target\":{\"@type\":\"EntryPoint\",\"urlTemplate\":\"https:\\\/\\\/www.daihen.mx\\\/?s={search_term_string}\"},\"query-input\":{\"@type\":\"PropertyValueSpecification\",\"valueRequired\":true,\"valueName\":\"search_term_string\"}}],\"inLanguage\":\"en-US\"}]}<\/script>\n<!-- \/ Yoast SEO plugin. -->","yoast_head_json":{"title":"FD-TR -","robots":{"index":"index","follow":"follow","max-snippet":"max-snippet:-1","max-image-preview":"max-image-preview:large","max-video-preview":"max-video-preview:-1"},"canonical":"https:\/\/www.daihen.mx\/en\/product\/fd-tr\/","og_locale":"en_US","og_type":"article","og_title":"FD-TR -","og_description":"\u00bfNecesita el mayor grado de precisi\u00f3n durante la soldadura rob\u00f3tica por arco TIG? Actualice su configuraci\u00f3n con el sistema FD-TR de DAIHEN, el sensor de seguimiento rob\u00f3tico en tiempo real de vanguardia utilizado para mantener las condiciones \u00f3ptimas de soldadura.  Al medir el voltaje del arco durante la soldadura, el sensor de arco FD-TR mueve la antorcha verticalmente para mantener la mejor longitud de arco constante posible. La retroalimentaci\u00f3n se transmite a trav\u00e9s del electrodo de tungsteno en la antorcha.  &nbsp; Descargar ficha t\u00e9cnica","og_url":"https:\/\/www.daihen.mx\/en\/product\/fd-tr\/","article_modified_time":"2025-07-22T00:11:09+00:00","og_image":[{"width":220,"height":218,"url":"https:\/\/www.daihen.mx\/wp-content\/uploads\/2025\/07\/FD-TR-Arc-Sensor-image360x_.jpg","type":"image\/jpeg"}],"twitter_card":"summary_large_image","twitter_misc":{"Est. reading time":"1 minute"},"schema":{"@context":"https:\/\/schema.org","@graph":[{"@type":"WebPage","@id":"https:\/\/www.daihen.mx\/producto\/fd-tr\/","url":"https:\/\/www.daihen.mx\/producto\/fd-tr\/","name":"FD-TR -","isPartOf":{"@id":"https:\/\/www.daihen.mx\/#website"},"primaryImageOfPage":{"@id":"https:\/\/www.daihen.mx\/producto\/fd-tr\/#primaryimage"},"image":{"@id":"https:\/\/www.daihen.mx\/producto\/fd-tr\/#primaryimage"},"thumbnailUrl":"https:\/\/www.daihen.mx\/wp-content\/uploads\/2025\/07\/FD-TR-Arc-Sensor-image360x_.jpg","datePublished":"2025-07-22T00:10:38+00:00","dateModified":"2025-07-22T00:11:09+00:00","breadcrumb":{"@id":"https:\/\/www.daihen.mx\/producto\/fd-tr\/#breadcrumb"},"inLanguage":"en-US","potentialAction":[{"@type":"ReadAction","target":["https:\/\/www.daihen.mx\/producto\/fd-tr\/"]}]},{"@type":"ImageObject","inLanguage":"en-US","@id":"https:\/\/www.daihen.mx\/producto\/fd-tr\/#primaryimage","url":"https:\/\/www.daihen.mx\/wp-content\/uploads\/2025\/07\/FD-TR-Arc-Sensor-image360x_.jpg","contentUrl":"https:\/\/www.daihen.mx\/wp-content\/uploads\/2025\/07\/FD-TR-Arc-Sensor-image360x_.jpg","width":220,"height":218},{"@type":"BreadcrumbList","@id":"https:\/\/www.daihen.mx\/producto\/fd-tr\/#breadcrumb","itemListElement":[{"@type":"ListItem","position":1,"name":"Inicio","item":"https:\/\/www.daihen.mx\/"},{"@type":"ListItem","position":2,"name":"Productos","item":"https:\/\/www.daihen.mx\/productos\/"},{"@type":"ListItem","position":3,"name":"FD-TR"}]},{"@type":"WebSite","@id":"https:\/\/www.daihen.mx\/#website","url":"https:\/\/www.daihen.mx\/","name":"","description":"","potentialAction":[{"@type":"SearchAction","target":{"@type":"EntryPoint","urlTemplate":"https:\/\/www.daihen.mx\/?s={search_term_string}"},"query-input":{"@type":"PropertyValueSpecification","valueRequired":true,"valueName":"search_term_string"}}],"inLanguage":"en-US"}]}},"_links":{"self":[{"href":"https:\/\/www.daihen.mx\/en\/wp-json\/wp\/v2\/product\/629","targetHints":{"allow":["GET"]}}],"collection":[{"href":"https:\/\/www.daihen.mx\/en\/wp-json\/wp\/v2\/product"}],"about":[{"href":"https:\/\/www.daihen.mx\/en\/wp-json\/wp\/v2\/types\/product"}],"version-history":[{"count":2,"href":"https:\/\/www.daihen.mx\/en\/wp-json\/wp\/v2\/product\/629\/revisions"}],"predecessor-version":[{"id":633,"href":"https:\/\/www.daihen.mx\/en\/wp-json\/wp\/v2\/product\/629\/revisions\/633"}],"wp:featuredmedia":[{"embeddable":true,"href":"https:\/\/www.daihen.mx\/en\/wp-json\/wp\/v2\/media\/631"}],"wp:attachment":[{"href":"https:\/\/www.daihen.mx\/en\/wp-json\/wp\/v2\/media?parent=629"}],"wp:term":[{"taxonomy":"product_brand","embeddable":true,"href":"https:\/\/www.daihen.mx\/en\/wp-json\/wp\/v2\/product_brand?post=629"},{"taxonomy":"product_cat","embeddable":true,"href":"https:\/\/www.daihen.mx\/en\/wp-json\/wp\/v2\/product_cat?post=629"},{"taxonomy":"product_tag","embeddable":true,"href":"https:\/\/www.daihen.mx\/en\/wp-json\/wp\/v2\/product_tag?post=629"}],"curies":[{"name":"wp","href":"https:\/\/api.w.org\/{rel}","templated":true}]}}