{"id":664,"date":"2025-07-22T19:07:11","date_gmt":"2025-07-22T19:07:11","guid":{"rendered":"https:\/\/2025.daihen.mx\/?post_type=product&#038;p=664"},"modified":"2025-07-22T19:28:55","modified_gmt":"2025-07-22T19:28:55","slug":"blue-torch-iii","status":"publish","type":"product","link":"https:\/\/www.daihen.mx\/en\/product\/blue-torch-iii\/","title":{"rendered":"Blue Torch III"},"content":{"rendered":"<ul>\n<li><strong>Cooler grip:<\/strong>Conventional torches suffer from heat transferred from the torch tip to the handle.  Blue Torch III reduces that transferred heat by 70%, resulting in a cooler grip and supporting a longer, more productive welding session!<\/li>\n<li><strong>\u201cEasy-grip\u201d handle:<\/strong>Ergonomics of the grip on our Blue Torch III have been significantly improved, requiring less grip pressure.  Better grip mean improved handling stability with less fatigue\u2026delivering stable and effortless welding over longer periods of time!<\/li>\n<li><strong>Flexible lead cable<\/strong>Improvement in materials and construction result in a 14% more flexible lead cable, requiring less effort to get the torch to the proper welding angle and attitude.<\/li>\n<li><strong>Quick-change attachments<\/strong>The grip and trigger of our Blue Torch III are customize-able with 4 different sets of interchangeable handles and 2 types of interchangeable triggers that can be swapped, without tools, in seconds!\n<ul>\n<li>Grip options:\n<ul>\n<li>Standard \u2013 conventional, inline handle<\/li>\n<li>Slim \u2013 small grip, inline handle<\/li>\n<li>Safety \u2013 recessed trigger to protect against accidental activation<\/li>\n<li>Pistol \u2013 vertical grip<\/li>\n<\/ul>\n<\/li>\n<li>Trigger options:\n<ul>\n<li>Standard \u2013 conventional, index finger contact<\/li>\n<li>Extended \u2013 long trigger extending into the grip<\/li>\n<\/ul>\n<\/li>\n<\/ul>\n<\/li>\n<\/ul>","protected":false},"excerpt":{"rendered":"<p>Incorporating the latest in materials and design, OTC DAIHEN\u2019s exclusive, 3rd-generation welding torch,\u00a0<strong>Blue Torch III<\/strong>\u00a0, is the most versatile welding torch in the industry.  Heat-resistant, comfortable grip, easy-to-manage lead cable and multiple attachments to adapt to your most challenging welding conditions.<\/p>\n<p><a class=\"boton-wc\" href=\"https:\/\/www.daihen.mx\/wp-content\/uploads\/2025\/07\/BLUE3-BTA300-30UT40UT.pdf\" target=\"_blank\" rel=\"noopener\">BLU III BTA300<\/a> <a class=\"boton-wc\" href=\"https:\/\/www.daihen.mx\/wp-content\/uploads\/2025\/07\/BLUE3-BT3510-30UT45UT60UT.pdf\" target=\"_blank\" rel=\"noopener\">BLU III BT3510<\/a> <a class=\"boton-wc\" href=\"https:\/\/www.daihen.mx\/wp-content\/uploads\/2025\/07\/BLUE3-BT4000-30UT45UT60UT.pdf\" target=\"_blank\" rel=\"noopener\">BLU III BT4000<\/a> <a class=\"boton-wc\" href=\"https:\/\/www.daihen.mx\/wp-content\/uploads\/2025\/07\/BLUE3-BT5000-30UT45UT60UT.pdf\" target=\"_blank\" rel=\"noopener\">BLU III BT5000<\/a><\/p>","protected":false},"featured_media":665,"template":"","meta":{"site-sidebar-layout":"default","site-content-layout":"","ast-site-content-layout":"default","site-content-style":"default","site-sidebar-style":"default","ast-global-header-display":"","ast-banner-title-visibility":"","ast-main-header-display":"","ast-hfb-above-header-display":"","ast-hfb-below-header-display":"","ast-hfb-mobile-header-display":"","site-post-title":"","ast-breadcrumbs-content":"","ast-featured-img":"","footer-sml-layout":"","ast-disable-related-posts":"","theme-transparent-header-meta":"default","adv-header-id-meta":"","stick-header-meta":"default","header-above-stick-meta":"","header-main-stick-meta":"","header-below-stick-meta":"","astra-migrate-meta-layouts":"set","ast-page-background-enabled":"default","ast-page-background-meta":{"desktop":{"background-color":"var(--ast-global-color-5)","background-image":"","background-repeat":"repeat","background-position":"center center","background-size":"auto","background-attachment":"scroll","background-type":"","background-media":"","overlay-type":"","overlay-color":"","overlay-opacity":"","overlay-gradient":""},"tablet":{"background-color":"","background-image":"","background-repeat":"repeat","background-position":"center center","background-size":"auto","background-attachment":"scroll","background-type":"","background-media":"","overlay-type":"","overlay-color":"","overlay-opacity":"","overlay-gradient":""},"mobile":{"background-color":"","background-image":"","background-repeat":"repeat","background-position":"center center","background-size":"auto","background-attachment":"scroll","background-type":"","background-media":"","overlay-type":"","overlay-color":"","overlay-opacity":"","overlay-gradient":""}},"ast-content-background-meta":{"desktop":{"background-color":"var(--ast-global-color-4)","background-image":"","background-repeat":"repeat","background-position":"center center","background-size":"auto","background-attachment":"scroll","background-type":"","background-media":"","overlay-type":"","overlay-color":"","overlay-opacity":"","overlay-gradient":""},"tablet":{"background-color":"var(--ast-global-color-4)","background-image":"","background-repeat":"repeat","background-position":"center center","background-size":"auto","background-attachment":"scroll","background-type":"","background-media":"","overlay-type":"","overlay-color":"","overlay-opacity":"","overlay-gradient":""},"mobile":{"background-color":"var(--ast-global-color-4)","background-image":"","background-repeat":"repeat","background-position":"center center","background-size":"auto","background-attachment":"scroll","background-type":"","background-media":"","overlay-type":"","overlay-color":"","overlay-opacity":"","overlay-gradient":""}}},"product_brand":[],"product_cat":[43],"product_tag":[],"class_list":{"0":"post-664","1":"product","2":"type-product","3":"status-publish","4":"has-post-thumbnail","6":"product_cat-refacciones","7":"desktop-align-center","8":"tablet-align-left","9":"mobile-align-center","10":"ast-product-gallery-layout-horizontal-slider","11":"ast-product-gallery-with-no-image","12":"ast-magnify-disabled","13":"ast-product-tabs-layout-accordion","15":"first","16":"instock","17":"shipping-taxable","18":"product-type-simple"},"yoast_head":"<!-- This site is optimized with the Yoast SEO plugin v27.3 - https:\/\/yoast.com\/product\/yoast-seo-wordpress\/ -->\n<title>Blue Torch III -<\/title>\n<meta name=\"robots\" content=\"index, follow, max-snippet:-1, max-image-preview:large, max-video-preview:-1\" \/>\n<link rel=\"canonical\" href=\"https:\/\/www.daihen.mx\/en\/product\/blue-torch-iii\/\" \/>\n<meta property=\"og:locale\" content=\"en_US\" \/>\n<meta property=\"og:type\" content=\"article\" \/>\n<meta property=\"og:title\" content=\"Blue Torch III -\" \/>\n<meta property=\"og:description\" content=\"Incorporando lo \u00faltimo en materiales y dise\u00f1o, la exclusiva antorcha de soldadura de tercera generaci\u00f3n de OTC DAIHEN,\u00a0Blue Torch III\u00a0, es la antorcha de soldadura m\u00e1s vers\u00e1til de la industria.\u00a0Resistente al calor, agarre c\u00f3modo, cable de plomo f\u00e1cil de manejar y m\u00faltiples accesorios para adaptarse a las condiciones de soldadura m\u00e1s desafiantes.  BLU III BTA300 BLU III BT3510 BLU III BT4000 BLU III BT5000\" \/>\n<meta property=\"og:url\" content=\"https:\/\/www.daihen.mx\/en\/product\/blue-torch-iii\/\" \/>\n<meta property=\"article:modified_time\" content=\"2025-07-22T19:28:55+00:00\" \/>\n<meta property=\"og:image\" content=\"https:\/\/www.daihen.mx\/wp-content\/uploads\/2025\/07\/antorcha-azul.jpg\" \/>\n\t<meta property=\"og:image:width\" content=\"400\" \/>\n\t<meta property=\"og:image:height\" content=\"400\" \/>\n\t<meta property=\"og:image:type\" content=\"image\/jpeg\" \/>\n<meta name=\"twitter:card\" content=\"summary_large_image\" \/>\n<meta name=\"twitter:label1\" content=\"Est. reading time\" \/>\n\t<meta name=\"twitter:data1\" content=\"2 minutes\" \/>\n<script type=\"application\/ld+json\" class=\"yoast-schema-graph\">{\"@context\":\"https:\\\/\\\/schema.org\",\"@graph\":[{\"@type\":\"WebPage\",\"@id\":\"https:\\\/\\\/www.daihen.mx\\\/producto\\\/blue-torch-iii\\\/\",\"url\":\"https:\\\/\\\/www.daihen.mx\\\/producto\\\/blue-torch-iii\\\/\",\"name\":\"Blue Torch III -\",\"isPartOf\":{\"@id\":\"https:\\\/\\\/www.daihen.mx\\\/#website\"},\"primaryImageOfPage\":{\"@id\":\"https:\\\/\\\/www.daihen.mx\\\/producto\\\/blue-torch-iii\\\/#primaryimage\"},\"image\":{\"@id\":\"https:\\\/\\\/www.daihen.mx\\\/producto\\\/blue-torch-iii\\\/#primaryimage\"},\"thumbnailUrl\":\"https:\\\/\\\/www.daihen.mx\\\/wp-content\\\/uploads\\\/2025\\\/07\\\/antorcha-azul.jpg\",\"datePublished\":\"2025-07-22T19:07:11+00:00\",\"dateModified\":\"2025-07-22T19:28:55+00:00\",\"breadcrumb\":{\"@id\":\"https:\\\/\\\/www.daihen.mx\\\/producto\\\/blue-torch-iii\\\/#breadcrumb\"},\"inLanguage\":\"en-US\",\"potentialAction\":[{\"@type\":\"ReadAction\",\"target\":[\"https:\\\/\\\/www.daihen.mx\\\/producto\\\/blue-torch-iii\\\/\"]}]},{\"@type\":\"ImageObject\",\"inLanguage\":\"en-US\",\"@id\":\"https:\\\/\\\/www.daihen.mx\\\/producto\\\/blue-torch-iii\\\/#primaryimage\",\"url\":\"https:\\\/\\\/www.daihen.mx\\\/wp-content\\\/uploads\\\/2025\\\/07\\\/antorcha-azul.jpg\",\"contentUrl\":\"https:\\\/\\\/www.daihen.mx\\\/wp-content\\\/uploads\\\/2025\\\/07\\\/antorcha-azul.jpg\",\"width\":400,\"height\":400},{\"@type\":\"BreadcrumbList\",\"@id\":\"https:\\\/\\\/www.daihen.mx\\\/producto\\\/blue-torch-iii\\\/#breadcrumb\",\"itemListElement\":[{\"@type\":\"ListItem\",\"position\":1,\"name\":\"Inicio\",\"item\":\"https:\\\/\\\/www.daihen.mx\\\/\"},{\"@type\":\"ListItem\",\"position\":2,\"name\":\"Productos\",\"item\":\"https:\\\/\\\/www.daihen.mx\\\/productos\\\/\"},{\"@type\":\"ListItem\",\"position\":3,\"name\":\"Blue Torch III\"}]},{\"@type\":\"WebSite\",\"@id\":\"https:\\\/\\\/www.daihen.mx\\\/#website\",\"url\":\"https:\\\/\\\/www.daihen.mx\\\/\",\"name\":\"\",\"description\":\"\",\"potentialAction\":[{\"@type\":\"SearchAction\",\"target\":{\"@type\":\"EntryPoint\",\"urlTemplate\":\"https:\\\/\\\/www.daihen.mx\\\/?s={search_term_string}\"},\"query-input\":{\"@type\":\"PropertyValueSpecification\",\"valueRequired\":true,\"valueName\":\"search_term_string\"}}],\"inLanguage\":\"en-US\"}]}<\/script>\n<!-- \/ Yoast SEO plugin. -->","yoast_head_json":{"title":"Blue Torch III -","robots":{"index":"index","follow":"follow","max-snippet":"max-snippet:-1","max-image-preview":"max-image-preview:large","max-video-preview":"max-video-preview:-1"},"canonical":"https:\/\/www.daihen.mx\/en\/product\/blue-torch-iii\/","og_locale":"en_US","og_type":"article","og_title":"Blue Torch III -","og_description":"Incorporando lo \u00faltimo en materiales y dise\u00f1o, la exclusiva antorcha de soldadura de tercera generaci\u00f3n de OTC DAIHEN,\u00a0Blue Torch III\u00a0, es la antorcha de soldadura m\u00e1s vers\u00e1til de la industria.\u00a0Resistente al calor, agarre c\u00f3modo, cable de plomo f\u00e1cil de manejar y m\u00faltiples accesorios para adaptarse a las condiciones de soldadura m\u00e1s desafiantes.  BLU III BTA300 BLU III BT3510 BLU III BT4000 BLU III BT5000","og_url":"https:\/\/www.daihen.mx\/en\/product\/blue-torch-iii\/","article_modified_time":"2025-07-22T19:28:55+00:00","og_image":[{"width":400,"height":400,"url":"https:\/\/www.daihen.mx\/wp-content\/uploads\/2025\/07\/antorcha-azul.jpg","type":"image\/jpeg"}],"twitter_card":"summary_large_image","twitter_misc":{"Est. reading time":"2 minutes"},"schema":{"@context":"https:\/\/schema.org","@graph":[{"@type":"WebPage","@id":"https:\/\/www.daihen.mx\/producto\/blue-torch-iii\/","url":"https:\/\/www.daihen.mx\/producto\/blue-torch-iii\/","name":"Blue Torch III -","isPartOf":{"@id":"https:\/\/www.daihen.mx\/#website"},"primaryImageOfPage":{"@id":"https:\/\/www.daihen.mx\/producto\/blue-torch-iii\/#primaryimage"},"image":{"@id":"https:\/\/www.daihen.mx\/producto\/blue-torch-iii\/#primaryimage"},"thumbnailUrl":"https:\/\/www.daihen.mx\/wp-content\/uploads\/2025\/07\/antorcha-azul.jpg","datePublished":"2025-07-22T19:07:11+00:00","dateModified":"2025-07-22T19:28:55+00:00","breadcrumb":{"@id":"https:\/\/www.daihen.mx\/producto\/blue-torch-iii\/#breadcrumb"},"inLanguage":"en-US","potentialAction":[{"@type":"ReadAction","target":["https:\/\/www.daihen.mx\/producto\/blue-torch-iii\/"]}]},{"@type":"ImageObject","inLanguage":"en-US","@id":"https:\/\/www.daihen.mx\/producto\/blue-torch-iii\/#primaryimage","url":"https:\/\/www.daihen.mx\/wp-content\/uploads\/2025\/07\/antorcha-azul.jpg","contentUrl":"https:\/\/www.daihen.mx\/wp-content\/uploads\/2025\/07\/antorcha-azul.jpg","width":400,"height":400},{"@type":"BreadcrumbList","@id":"https:\/\/www.daihen.mx\/producto\/blue-torch-iii\/#breadcrumb","itemListElement":[{"@type":"ListItem","position":1,"name":"Inicio","item":"https:\/\/www.daihen.mx\/"},{"@type":"ListItem","position":2,"name":"Productos","item":"https:\/\/www.daihen.mx\/productos\/"},{"@type":"ListItem","position":3,"name":"Blue Torch III"}]},{"@type":"WebSite","@id":"https:\/\/www.daihen.mx\/#website","url":"https:\/\/www.daihen.mx\/","name":"","description":"","potentialAction":[{"@type":"SearchAction","target":{"@type":"EntryPoint","urlTemplate":"https:\/\/www.daihen.mx\/?s={search_term_string}"},"query-input":{"@type":"PropertyValueSpecification","valueRequired":true,"valueName":"search_term_string"}}],"inLanguage":"en-US"}]}},"_links":{"self":[{"href":"https:\/\/www.daihen.mx\/en\/wp-json\/wp\/v2\/product\/664","targetHints":{"allow":["GET"]}}],"collection":[{"href":"https:\/\/www.daihen.mx\/en\/wp-json\/wp\/v2\/product"}],"about":[{"href":"https:\/\/www.daihen.mx\/en\/wp-json\/wp\/v2\/types\/product"}],"version-history":[{"count":3,"href":"https:\/\/www.daihen.mx\/en\/wp-json\/wp\/v2\/product\/664\/revisions"}],"predecessor-version":[{"id":668,"href":"https:\/\/www.daihen.mx\/en\/wp-json\/wp\/v2\/product\/664\/revisions\/668"}],"wp:featuredmedia":[{"embeddable":true,"href":"https:\/\/www.daihen.mx\/en\/wp-json\/wp\/v2\/media\/665"}],"wp:attachment":[{"href":"https:\/\/www.daihen.mx\/en\/wp-json\/wp\/v2\/media?parent=664"}],"wp:term":[{"taxonomy":"product_brand","embeddable":true,"href":"https:\/\/www.daihen.mx\/en\/wp-json\/wp\/v2\/product_brand?post=664"},{"taxonomy":"product_cat","embeddable":true,"href":"https:\/\/www.daihen.mx\/en\/wp-json\/wp\/v2\/product_cat?post=664"},{"taxonomy":"product_tag","embeddable":true,"href":"https:\/\/www.daihen.mx\/en\/wp-json\/wp\/v2\/product_tag?post=664"}],"curies":[{"name":"wp","href":"https:\/\/api.w.org\/{rel}","templated":true}]}}