{"id":673,"date":"2025-07-22T19:17:27","date_gmt":"2025-07-22T19:17:27","guid":{"rendered":"https:\/\/2025.daihen.mx\/?post_type=product&#038;p=673"},"modified":"2025-07-22T19:17:27","modified_gmt":"2025-07-22T19:17:27","slug":"cm-743u","status":"publish","type":"product","link":"https:\/\/www.daihen.mx\/en\/product\/cm-743u\/","title":{"rendered":"CM-743U"},"content":{"rendered":"<ul>\n<li>Four-feed rolls provide increased drive force with any wire alloy, including soft aluminum<\/li>\n<li>Control circuits are built into the power source for incredible durability<\/li>\n<li>Fully enclosed wire drive mechanism keeps out dirt and grime<\/li>\n<li>Standard wire cover flap keeps dirt and grime away from the welding wire<\/li>\n<li>Optional, fully enclosed wire reel cover offers additional protection<\/li>\n<li>Wire feeders compatible with OTC DAIHEN MIG guns or any other major brand<\/li>\n<\/ul>","protected":false},"excerpt":{"rendered":"<p>Durable, reliable wire feeders are a must for productivity and trouble-free performance. That\u2019s why OTC DAIHEN wire feeders feature enclosed drive mechanisms, built-in control circuits, four-feed rolls, and other features designed to keep your welding operation running smoothly and consistently. All wire feeders are configured for hard wires and air-cooled torches as a standard configuration.<\/p>","protected":false},"featured_media":674,"template":"","meta":{"site-sidebar-layout":"default","site-content-layout":"","ast-site-content-layout":"default","site-content-style":"default","site-sidebar-style":"default","ast-global-header-display":"","ast-banner-title-visibility":"","ast-main-header-display":"","ast-hfb-above-header-display":"","ast-hfb-below-header-display":"","ast-hfb-mobile-header-display":"","site-post-title":"","ast-breadcrumbs-content":"","ast-featured-img":"","footer-sml-layout":"","ast-disable-related-posts":"","theme-transparent-header-meta":"default","adv-header-id-meta":"","stick-header-meta":"default","header-above-stick-meta":"","header-main-stick-meta":"","header-below-stick-meta":"","astra-migrate-meta-layouts":"set","ast-page-background-enabled":"default","ast-page-background-meta":{"desktop":{"background-color":"var(--ast-global-color-5)","background-image":"","background-repeat":"repeat","background-position":"center center","background-size":"auto","background-attachment":"scroll","background-type":"","background-media":"","overlay-type":"","overlay-color":"","overlay-opacity":"","overlay-gradient":""},"tablet":{"background-color":"","background-image":"","background-repeat":"repeat","background-position":"center center","background-size":"auto","background-attachment":"scroll","background-type":"","background-media":"","overlay-type":"","overlay-color":"","overlay-opacity":"","overlay-gradient":""},"mobile":{"background-color":"","background-image":"","background-repeat":"repeat","background-position":"center center","background-size":"auto","background-attachment":"scroll","background-type":"","background-media":"","overlay-type":"","overlay-color":"","overlay-opacity":"","overlay-gradient":""}},"ast-content-background-meta":{"desktop":{"background-color":"var(--ast-global-color-4)","background-image":"","background-repeat":"repeat","background-position":"center center","background-size":"auto","background-attachment":"scroll","background-type":"","background-media":"","overlay-type":"","overlay-color":"","overlay-opacity":"","overlay-gradient":""},"tablet":{"background-color":"var(--ast-global-color-4)","background-image":"","background-repeat":"repeat","background-position":"center center","background-size":"auto","background-attachment":"scroll","background-type":"","background-media":"","overlay-type":"","overlay-color":"","overlay-opacity":"","overlay-gradient":""},"mobile":{"background-color":"var(--ast-global-color-4)","background-image":"","background-repeat":"repeat","background-position":"center center","background-size":"auto","background-attachment":"scroll","background-type":"","background-media":"","overlay-type":"","overlay-color":"","overlay-opacity":"","overlay-gradient":""}}},"product_brand":[],"product_cat":[43],"product_tag":[],"class_list":{"0":"post-673","1":"product","2":"type-product","3":"status-publish","4":"has-post-thumbnail","6":"product_cat-refacciones","7":"desktop-align-center","8":"tablet-align-left","9":"mobile-align-center","10":"ast-product-gallery-layout-horizontal-slider","11":"ast-product-gallery-with-no-image","12":"ast-magnify-disabled","13":"ast-product-tabs-layout-accordion","15":"first","16":"instock","17":"shipping-taxable","18":"product-type-simple"},"yoast_head":"<!-- This site is optimized with the Yoast SEO plugin v27.3 - https:\/\/yoast.com\/product\/yoast-seo-wordpress\/ -->\n<title>CM-743U -<\/title>\n<meta name=\"robots\" content=\"index, follow, max-snippet:-1, max-image-preview:large, max-video-preview:-1\" \/>\n<link rel=\"canonical\" href=\"https:\/\/www.daihen.mx\/en\/product\/cm-743u\/\" \/>\n<meta property=\"og:locale\" content=\"en_US\" \/>\n<meta property=\"og:type\" content=\"article\" \/>\n<meta property=\"og:title\" content=\"CM-743U -\" \/>\n<meta property=\"og:description\" content=\"Los alimentadores de alambre confiables y duraderos son imprescindibles para la productividad y el rendimiento sin problemas.\u00a0Es por eso que los alimentadores de alambre OTC DAIHEN cuentan con mecanismos de accionamiento cerrados, circuitos de control integrados, cuatro rodillos de alimentaci\u00f3n y otras caracter\u00edsticas dise\u00f1adas para mantener su operaci\u00f3n de soldadura funcionando sin problemas y de manera consistente.\u00a0Todos los alimentadores de alambre est\u00e1n configurados para alambres duros y antorchas enfriadas por aire como una configuraci\u00f3n est\u00e1ndar.\" \/>\n<meta property=\"og:url\" content=\"https:\/\/www.daihen.mx\/en\/product\/cm-743u\/\" \/>\n<meta property=\"og:image\" content=\"https:\/\/www.daihen.mx\/wp-content\/uploads\/2025\/07\/743u-wire-1-image360x_.jpg\" \/>\n\t<meta property=\"og:image:width\" content=\"360\" \/>\n\t<meta property=\"og:image:height\" content=\"381\" \/>\n\t<meta property=\"og:image:type\" content=\"image\/jpeg\" \/>\n<meta name=\"twitter:card\" content=\"summary_large_image\" \/>\n<meta name=\"twitter:label1\" content=\"Est. reading time\" \/>\n\t<meta name=\"twitter:data1\" content=\"1 minute\" \/>\n<script type=\"application\/ld+json\" class=\"yoast-schema-graph\">{\"@context\":\"https:\\\/\\\/schema.org\",\"@graph\":[{\"@type\":\"WebPage\",\"@id\":\"https:\\\/\\\/www.daihen.mx\\\/en\\\/product\\\/cm-743u\\\/\",\"url\":\"https:\\\/\\\/www.daihen.mx\\\/en\\\/product\\\/cm-743u\\\/\",\"name\":\"CM-743U -\",\"isPartOf\":{\"@id\":\"https:\\\/\\\/www.daihen.mx\\\/#website\"},\"primaryImageOfPage\":{\"@id\":\"https:\\\/\\\/www.daihen.mx\\\/en\\\/product\\\/cm-743u\\\/#primaryimage\"},\"image\":{\"@id\":\"https:\\\/\\\/www.daihen.mx\\\/en\\\/product\\\/cm-743u\\\/#primaryimage\"},\"thumbnailUrl\":\"https:\\\/\\\/www.daihen.mx\\\/wp-content\\\/uploads\\\/2025\\\/07\\\/743u-wire-1-image360x_.jpg\",\"datePublished\":\"2025-07-22T19:17:27+00:00\",\"breadcrumb\":{\"@id\":\"https:\\\/\\\/www.daihen.mx\\\/en\\\/product\\\/cm-743u\\\/#breadcrumb\"},\"inLanguage\":\"en-US\",\"potentialAction\":[{\"@type\":\"ReadAction\",\"target\":[\"https:\\\/\\\/www.daihen.mx\\\/en\\\/product\\\/cm-743u\\\/\"]}]},{\"@type\":\"ImageObject\",\"inLanguage\":\"en-US\",\"@id\":\"https:\\\/\\\/www.daihen.mx\\\/en\\\/product\\\/cm-743u\\\/#primaryimage\",\"url\":\"https:\\\/\\\/www.daihen.mx\\\/wp-content\\\/uploads\\\/2025\\\/07\\\/743u-wire-1-image360x_.jpg\",\"contentUrl\":\"https:\\\/\\\/www.daihen.mx\\\/wp-content\\\/uploads\\\/2025\\\/07\\\/743u-wire-1-image360x_.jpg\",\"width\":360,\"height\":381},{\"@type\":\"BreadcrumbList\",\"@id\":\"https:\\\/\\\/www.daihen.mx\\\/en\\\/product\\\/cm-743u\\\/#breadcrumb\",\"itemListElement\":[{\"@type\":\"ListItem\",\"position\":1,\"name\":\"Inicio\",\"item\":\"https:\\\/\\\/www.daihen.mx\\\/\"},{\"@type\":\"ListItem\",\"position\":2,\"name\":\"Productos\",\"item\":\"https:\\\/\\\/www.daihen.mx\\\/productos\\\/\"},{\"@type\":\"ListItem\",\"position\":3,\"name\":\"CM-743U\"}]},{\"@type\":\"WebSite\",\"@id\":\"https:\\\/\\\/www.daihen.mx\\\/#website\",\"url\":\"https:\\\/\\\/www.daihen.mx\\\/\",\"name\":\"\",\"description\":\"\",\"potentialAction\":[{\"@type\":\"SearchAction\",\"target\":{\"@type\":\"EntryPoint\",\"urlTemplate\":\"https:\\\/\\\/www.daihen.mx\\\/?s={search_term_string}\"},\"query-input\":{\"@type\":\"PropertyValueSpecification\",\"valueRequired\":true,\"valueName\":\"search_term_string\"}}],\"inLanguage\":\"en-US\"}]}<\/script>\n<!-- \/ Yoast SEO plugin. -->","yoast_head_json":{"title":"CM-743U -","robots":{"index":"index","follow":"follow","max-snippet":"max-snippet:-1","max-image-preview":"max-image-preview:large","max-video-preview":"max-video-preview:-1"},"canonical":"https:\/\/www.daihen.mx\/en\/product\/cm-743u\/","og_locale":"en_US","og_type":"article","og_title":"CM-743U -","og_description":"Los alimentadores de alambre confiables y duraderos son imprescindibles para la productividad y el rendimiento sin problemas.\u00a0Es por eso que los alimentadores de alambre OTC DAIHEN cuentan con mecanismos de accionamiento cerrados, circuitos de control integrados, cuatro rodillos de alimentaci\u00f3n y otras caracter\u00edsticas dise\u00f1adas para mantener su operaci\u00f3n de soldadura funcionando sin problemas y de manera consistente.\u00a0Todos los alimentadores de alambre est\u00e1n configurados para alambres duros y antorchas enfriadas por aire como una configuraci\u00f3n est\u00e1ndar.","og_url":"https:\/\/www.daihen.mx\/en\/product\/cm-743u\/","og_image":[{"width":360,"height":381,"url":"https:\/\/www.daihen.mx\/wp-content\/uploads\/2025\/07\/743u-wire-1-image360x_.jpg","type":"image\/jpeg"}],"twitter_card":"summary_large_image","twitter_misc":{"Est. reading time":"1 minute"},"schema":{"@context":"https:\/\/schema.org","@graph":[{"@type":"WebPage","@id":"https:\/\/www.daihen.mx\/en\/product\/cm-743u\/","url":"https:\/\/www.daihen.mx\/en\/product\/cm-743u\/","name":"CM-743U -","isPartOf":{"@id":"https:\/\/www.daihen.mx\/#website"},"primaryImageOfPage":{"@id":"https:\/\/www.daihen.mx\/en\/product\/cm-743u\/#primaryimage"},"image":{"@id":"https:\/\/www.daihen.mx\/en\/product\/cm-743u\/#primaryimage"},"thumbnailUrl":"https:\/\/www.daihen.mx\/wp-content\/uploads\/2025\/07\/743u-wire-1-image360x_.jpg","datePublished":"2025-07-22T19:17:27+00:00","breadcrumb":{"@id":"https:\/\/www.daihen.mx\/en\/product\/cm-743u\/#breadcrumb"},"inLanguage":"en-US","potentialAction":[{"@type":"ReadAction","target":["https:\/\/www.daihen.mx\/en\/product\/cm-743u\/"]}]},{"@type":"ImageObject","inLanguage":"en-US","@id":"https:\/\/www.daihen.mx\/en\/product\/cm-743u\/#primaryimage","url":"https:\/\/www.daihen.mx\/wp-content\/uploads\/2025\/07\/743u-wire-1-image360x_.jpg","contentUrl":"https:\/\/www.daihen.mx\/wp-content\/uploads\/2025\/07\/743u-wire-1-image360x_.jpg","width":360,"height":381},{"@type":"BreadcrumbList","@id":"https:\/\/www.daihen.mx\/en\/product\/cm-743u\/#breadcrumb","itemListElement":[{"@type":"ListItem","position":1,"name":"Inicio","item":"https:\/\/www.daihen.mx\/"},{"@type":"ListItem","position":2,"name":"Productos","item":"https:\/\/www.daihen.mx\/productos\/"},{"@type":"ListItem","position":3,"name":"CM-743U"}]},{"@type":"WebSite","@id":"https:\/\/www.daihen.mx\/#website","url":"https:\/\/www.daihen.mx\/","name":"","description":"","potentialAction":[{"@type":"SearchAction","target":{"@type":"EntryPoint","urlTemplate":"https:\/\/www.daihen.mx\/?s={search_term_string}"},"query-input":{"@type":"PropertyValueSpecification","valueRequired":true,"valueName":"search_term_string"}}],"inLanguage":"en-US"}]}},"_links":{"self":[{"href":"https:\/\/www.daihen.mx\/en\/wp-json\/wp\/v2\/product\/673","targetHints":{"allow":["GET"]}}],"collection":[{"href":"https:\/\/www.daihen.mx\/en\/wp-json\/wp\/v2\/product"}],"about":[{"href":"https:\/\/www.daihen.mx\/en\/wp-json\/wp\/v2\/types\/product"}],"version-history":[{"count":1,"href":"https:\/\/www.daihen.mx\/en\/wp-json\/wp\/v2\/product\/673\/revisions"}],"predecessor-version":[{"id":675,"href":"https:\/\/www.daihen.mx\/en\/wp-json\/wp\/v2\/product\/673\/revisions\/675"}],"wp:featuredmedia":[{"embeddable":true,"href":"https:\/\/www.daihen.mx\/en\/wp-json\/wp\/v2\/media\/674"}],"wp:attachment":[{"href":"https:\/\/www.daihen.mx\/en\/wp-json\/wp\/v2\/media?parent=673"}],"wp:term":[{"taxonomy":"product_brand","embeddable":true,"href":"https:\/\/www.daihen.mx\/en\/wp-json\/wp\/v2\/product_brand?post=673"},{"taxonomy":"product_cat","embeddable":true,"href":"https:\/\/www.daihen.mx\/en\/wp-json\/wp\/v2\/product_cat?post=673"},{"taxonomy":"product_tag","embeddable":true,"href":"https:\/\/www.daihen.mx\/en\/wp-json\/wp\/v2\/product_tag?post=673"}],"curies":[{"name":"wp","href":"https:\/\/api.w.org\/{rel}","templated":true}]}}