{"id":691,"date":"2025-07-22T19:49:57","date_gmt":"2025-07-22T19:49:57","guid":{"rendered":"https:\/\/2025.daihen.mx\/?post_type=product&#038;p=691"},"modified":"2025-07-22T19:49:57","modified_gmt":"2025-07-22T19:49:57","slug":"wb-a350p-tig","status":"publish","type":"product","link":"https:\/\/www.daihen.mx\/en\/product\/wb-a350p-tig\/","title":{"rendered":"WB-A350P TIG"},"content":{"rendered":"<p><strong>Key Features &amp; Benefits<\/strong><\/p>\n<p>The WB-A350 AC\/DC TIG welder is built around a dual-inverter architecture which enables support of our exclusive GTAW process:\u00a0\u00a0<strong>AC+DC Hybrid welding.<\/strong>\u00a0An ideal welding mode for aluminum, it combines the cleaning action of electrode-positive welding, with the deep-penetration and focus into the base metal of electrode-negative welding\u2026all while maintaining the shape of the tungsten electrode.<\/p>\n<p>Fieldbus interfaces\u00a0<strong>ready for automatization<\/strong>\u00a0(EtherNet\/IP and PROFIBUS), supporting simple conversion from manual welding to semi-automated and fully-automated applications.  This includes support for TIG fusion as well as wire-fed applications, including those where the wire feed is synchronized with the welding pulse output.  Of course, this includes simple connection to our FD-series of welding robots through our own, high-speed CANBUS communication network.<\/p>\n<p><strong>User-Friendly Interface<\/strong>\u00a0easy operation via a simple interface that revolves around a single knob to adjust weld process parameters.  Large LED displays notify both settings and weld parameters.  Interface buttons can easily be pushed even while wearing welding gloves.<br \/>\n<strong><br \/>\nOther Key Features:<\/strong><br \/>\nSilent Pulse Function reduces arc noise, improving the work environment.<br \/>\nImproved welding support for thin plate aluminum via High AC Frequency.<br \/>\nNew waveform control allows for very stable output current.<br \/>\nImproved instant arc start ratio.<br \/>\n100 job memory for semi-automatic and retrofit use.<\/p>","protected":false},"excerpt":{"rendered":"<div class=\"woocommerce-product-details__short-description\">\n<p><strong>Dual inverter, AC\/DC TIG welding power supply<\/strong><\/p>\n<p>The WELBEE WB-A350P is the ultimate TIG welding machine for both thin to thick plate welding applications. It includes variable AC frequency control that provides precise arc concentration, as well as controllable input heat.<\/p>\n<p><a class=\"boton-wc\" target=\"_blank\" rel=\"noopener\">Technical information<\/a><\/p>\n<\/div>","protected":false},"featured_media":693,"template":"","meta":{"site-sidebar-layout":"default","site-content-layout":"","ast-site-content-layout":"default","site-content-style":"default","site-sidebar-style":"default","ast-global-header-display":"","ast-banner-title-visibility":"","ast-main-header-display":"","ast-hfb-above-header-display":"","ast-hfb-below-header-display":"","ast-hfb-mobile-header-display":"","site-post-title":"","ast-breadcrumbs-content":"","ast-featured-img":"","footer-sml-layout":"","ast-disable-related-posts":"","theme-transparent-header-meta":"default","adv-header-id-meta":"","stick-header-meta":"default","header-above-stick-meta":"","header-main-stick-meta":"","header-below-stick-meta":"","astra-migrate-meta-layouts":"set","ast-page-background-enabled":"default","ast-page-background-meta":{"desktop":{"background-color":"var(--ast-global-color-5)","background-image":"","background-repeat":"repeat","background-position":"center center","background-size":"auto","background-attachment":"scroll","background-type":"","background-media":"","overlay-type":"","overlay-color":"","overlay-opacity":"","overlay-gradient":""},"tablet":{"background-color":"","background-image":"","background-repeat":"repeat","background-position":"center center","background-size":"auto","background-attachment":"scroll","background-type":"","background-media":"","overlay-type":"","overlay-color":"","overlay-opacity":"","overlay-gradient":""},"mobile":{"background-color":"","background-image":"","background-repeat":"repeat","background-position":"center center","background-size":"auto","background-attachment":"scroll","background-type":"","background-media":"","overlay-type":"","overlay-color":"","overlay-opacity":"","overlay-gradient":""}},"ast-content-background-meta":{"desktop":{"background-color":"var(--ast-global-color-4)","background-image":"","background-repeat":"repeat","background-position":"center center","background-size":"auto","background-attachment":"scroll","background-type":"","background-media":"","overlay-type":"","overlay-color":"","overlay-opacity":"","overlay-gradient":""},"tablet":{"background-color":"var(--ast-global-color-4)","background-image":"","background-repeat":"repeat","background-position":"center center","background-size":"auto","background-attachment":"scroll","background-type":"","background-media":"","overlay-type":"","overlay-color":"","overlay-opacity":"","overlay-gradient":""},"mobile":{"background-color":"var(--ast-global-color-4)","background-image":"","background-repeat":"repeat","background-position":"center center","background-size":"auto","background-attachment":"scroll","background-type":"","background-media":"","overlay-type":"","overlay-color":"","overlay-opacity":"","overlay-gradient":""}}},"product_brand":[],"product_cat":[27],"product_tag":[],"class_list":{"0":"post-691","1":"product","2":"type-product","3":"status-publish","4":"has-post-thumbnail","6":"product_cat-maquinas-soldadoras","7":"desktop-align-center","8":"tablet-align-left","9":"mobile-align-center","10":"ast-product-gallery-layout-horizontal-slider","11":"ast-product-gallery-with-no-image","12":"ast-magnify-disabled","13":"ast-product-tabs-layout-accordion","15":"first","16":"instock","17":"shipping-taxable","18":"product-type-simple"},"yoast_head":"<!-- This site is optimized with the Yoast SEO plugin v27.3 - https:\/\/yoast.com\/product\/yoast-seo-wordpress\/ -->\n<title>WB-A350P TIG -<\/title>\n<meta name=\"robots\" content=\"index, follow, max-snippet:-1, max-image-preview:large, max-video-preview:-1\" \/>\n<link rel=\"canonical\" href=\"https:\/\/www.daihen.mx\/en\/product\/wb-a350p-tig\/\" \/>\n<meta property=\"og:locale\" content=\"en_US\" \/>\n<meta property=\"og:type\" content=\"article\" \/>\n<meta property=\"og:title\" content=\"WB-A350P TIG -\" \/>\n<meta property=\"og:description\" content=\"Inversor dual, fuente de alimentaci\u00f3n de soldadura TIG de CA \/ CC  La WELBEE WB-A350P es la m\u00e1quina de soldadura TIG definitiva para aplicaciones de soldadura de placas delgadas a gruesas.\u00a0Incluye control de frecuencia de CA variable que proporciona una concentraci\u00f3n de arco precisa, as\u00ed como calor de entrada controlable.  Ficha T\u00e9cnica\" \/>\n<meta property=\"og:url\" content=\"https:\/\/www.daihen.mx\/en\/product\/wb-a350p-tig\/\" \/>\n<meta property=\"og:image\" content=\"https:\/\/www.daihen.mx\/wp-content\/uploads\/2025\/07\/WELBEE-WB-A350P-Inversor-dual-fuente-de-alimentacion-de-soldadura-TIG-de-CA-CC.png\" \/>\n\t<meta property=\"og:image:width\" content=\"500\" \/>\n\t<meta property=\"og:image:height\" content=\"500\" \/>\n\t<meta property=\"og:image:type\" content=\"image\/png\" \/>\n<meta name=\"twitter:card\" content=\"summary_large_image\" \/>\n<meta name=\"twitter:label1\" content=\"Est. reading time\" \/>\n\t<meta name=\"twitter:data1\" content=\"2 minutes\" \/>\n<script type=\"application\/ld+json\" class=\"yoast-schema-graph\">{\"@context\":\"https:\\\/\\\/schema.org\",\"@graph\":[{\"@type\":\"WebPage\",\"@id\":\"https:\\\/\\\/www.daihen.mx\\\/producto\\\/wb-a350p-tig\\\/\",\"url\":\"https:\\\/\\\/www.daihen.mx\\\/producto\\\/wb-a350p-tig\\\/\",\"name\":\"WB-A350P TIG -\",\"isPartOf\":{\"@id\":\"https:\\\/\\\/www.daihen.mx\\\/#website\"},\"primaryImageOfPage\":{\"@id\":\"https:\\\/\\\/www.daihen.mx\\\/producto\\\/wb-a350p-tig\\\/#primaryimage\"},\"image\":{\"@id\":\"https:\\\/\\\/www.daihen.mx\\\/producto\\\/wb-a350p-tig\\\/#primaryimage\"},\"thumbnailUrl\":\"https:\\\/\\\/www.daihen.mx\\\/wp-content\\\/uploads\\\/2025\\\/07\\\/WELBEE-WB-A350P-Inversor-dual-fuente-de-alimentacion-de-soldadura-TIG-de-CA-CC.png\",\"datePublished\":\"2025-07-22T19:49:57+00:00\",\"breadcrumb\":{\"@id\":\"https:\\\/\\\/www.daihen.mx\\\/producto\\\/wb-a350p-tig\\\/#breadcrumb\"},\"inLanguage\":\"en-US\",\"potentialAction\":[{\"@type\":\"ReadAction\",\"target\":[\"https:\\\/\\\/www.daihen.mx\\\/producto\\\/wb-a350p-tig\\\/\"]}]},{\"@type\":\"ImageObject\",\"inLanguage\":\"en-US\",\"@id\":\"https:\\\/\\\/www.daihen.mx\\\/producto\\\/wb-a350p-tig\\\/#primaryimage\",\"url\":\"https:\\\/\\\/www.daihen.mx\\\/wp-content\\\/uploads\\\/2025\\\/07\\\/WELBEE-WB-A350P-Inversor-dual-fuente-de-alimentacion-de-soldadura-TIG-de-CA-CC.png\",\"contentUrl\":\"https:\\\/\\\/www.daihen.mx\\\/wp-content\\\/uploads\\\/2025\\\/07\\\/WELBEE-WB-A350P-Inversor-dual-fuente-de-alimentacion-de-soldadura-TIG-de-CA-CC.png\",\"width\":500,\"height\":500},{\"@type\":\"BreadcrumbList\",\"@id\":\"https:\\\/\\\/www.daihen.mx\\\/producto\\\/wb-a350p-tig\\\/#breadcrumb\",\"itemListElement\":[{\"@type\":\"ListItem\",\"position\":1,\"name\":\"Inicio\",\"item\":\"https:\\\/\\\/www.daihen.mx\\\/\"},{\"@type\":\"ListItem\",\"position\":2,\"name\":\"Productos\",\"item\":\"https:\\\/\\\/www.daihen.mx\\\/productos\\\/\"},{\"@type\":\"ListItem\",\"position\":3,\"name\":\"WB-A350P TIG\"}]},{\"@type\":\"WebSite\",\"@id\":\"https:\\\/\\\/www.daihen.mx\\\/#website\",\"url\":\"https:\\\/\\\/www.daihen.mx\\\/\",\"name\":\"\",\"description\":\"\",\"potentialAction\":[{\"@type\":\"SearchAction\",\"target\":{\"@type\":\"EntryPoint\",\"urlTemplate\":\"https:\\\/\\\/www.daihen.mx\\\/?s={search_term_string}\"},\"query-input\":{\"@type\":\"PropertyValueSpecification\",\"valueRequired\":true,\"valueName\":\"search_term_string\"}}],\"inLanguage\":\"en-US\"}]}<\/script>\n<!-- \/ Yoast SEO plugin. -->","yoast_head_json":{"title":"WB-A350P TIG -","robots":{"index":"index","follow":"follow","max-snippet":"max-snippet:-1","max-image-preview":"max-image-preview:large","max-video-preview":"max-video-preview:-1"},"canonical":"https:\/\/www.daihen.mx\/en\/product\/wb-a350p-tig\/","og_locale":"en_US","og_type":"article","og_title":"WB-A350P TIG -","og_description":"Inversor dual, fuente de alimentaci\u00f3n de soldadura TIG de CA \/ CC  La WELBEE WB-A350P es la m\u00e1quina de soldadura TIG definitiva para aplicaciones de soldadura de placas delgadas a gruesas.\u00a0Incluye control de frecuencia de CA variable que proporciona una concentraci\u00f3n de arco precisa, as\u00ed como calor de entrada controlable.  Ficha T\u00e9cnica","og_url":"https:\/\/www.daihen.mx\/en\/product\/wb-a350p-tig\/","og_image":[{"width":500,"height":500,"url":"https:\/\/www.daihen.mx\/wp-content\/uploads\/2025\/07\/WELBEE-WB-A350P-Inversor-dual-fuente-de-alimentacion-de-soldadura-TIG-de-CA-CC.png","type":"image\/png"}],"twitter_card":"summary_large_image","twitter_misc":{"Est. reading time":"2 minutes"},"schema":{"@context":"https:\/\/schema.org","@graph":[{"@type":"WebPage","@id":"https:\/\/www.daihen.mx\/producto\/wb-a350p-tig\/","url":"https:\/\/www.daihen.mx\/producto\/wb-a350p-tig\/","name":"WB-A350P TIG -","isPartOf":{"@id":"https:\/\/www.daihen.mx\/#website"},"primaryImageOfPage":{"@id":"https:\/\/www.daihen.mx\/producto\/wb-a350p-tig\/#primaryimage"},"image":{"@id":"https:\/\/www.daihen.mx\/producto\/wb-a350p-tig\/#primaryimage"},"thumbnailUrl":"https:\/\/www.daihen.mx\/wp-content\/uploads\/2025\/07\/WELBEE-WB-A350P-Inversor-dual-fuente-de-alimentacion-de-soldadura-TIG-de-CA-CC.png","datePublished":"2025-07-22T19:49:57+00:00","breadcrumb":{"@id":"https:\/\/www.daihen.mx\/producto\/wb-a350p-tig\/#breadcrumb"},"inLanguage":"en-US","potentialAction":[{"@type":"ReadAction","target":["https:\/\/www.daihen.mx\/producto\/wb-a350p-tig\/"]}]},{"@type":"ImageObject","inLanguage":"en-US","@id":"https:\/\/www.daihen.mx\/producto\/wb-a350p-tig\/#primaryimage","url":"https:\/\/www.daihen.mx\/wp-content\/uploads\/2025\/07\/WELBEE-WB-A350P-Inversor-dual-fuente-de-alimentacion-de-soldadura-TIG-de-CA-CC.png","contentUrl":"https:\/\/www.daihen.mx\/wp-content\/uploads\/2025\/07\/WELBEE-WB-A350P-Inversor-dual-fuente-de-alimentacion-de-soldadura-TIG-de-CA-CC.png","width":500,"height":500},{"@type":"BreadcrumbList","@id":"https:\/\/www.daihen.mx\/producto\/wb-a350p-tig\/#breadcrumb","itemListElement":[{"@type":"ListItem","position":1,"name":"Inicio","item":"https:\/\/www.daihen.mx\/"},{"@type":"ListItem","position":2,"name":"Productos","item":"https:\/\/www.daihen.mx\/productos\/"},{"@type":"ListItem","position":3,"name":"WB-A350P TIG"}]},{"@type":"WebSite","@id":"https:\/\/www.daihen.mx\/#website","url":"https:\/\/www.daihen.mx\/","name":"","description":"","potentialAction":[{"@type":"SearchAction","target":{"@type":"EntryPoint","urlTemplate":"https:\/\/www.daihen.mx\/?s={search_term_string}"},"query-input":{"@type":"PropertyValueSpecification","valueRequired":true,"valueName":"search_term_string"}}],"inLanguage":"en-US"}]}},"_links":{"self":[{"href":"https:\/\/www.daihen.mx\/en\/wp-json\/wp\/v2\/product\/691","targetHints":{"allow":["GET"]}}],"collection":[{"href":"https:\/\/www.daihen.mx\/en\/wp-json\/wp\/v2\/product"}],"about":[{"href":"https:\/\/www.daihen.mx\/en\/wp-json\/wp\/v2\/types\/product"}],"version-history":[{"count":1,"href":"https:\/\/www.daihen.mx\/en\/wp-json\/wp\/v2\/product\/691\/revisions"}],"predecessor-version":[{"id":694,"href":"https:\/\/www.daihen.mx\/en\/wp-json\/wp\/v2\/product\/691\/revisions\/694"}],"wp:featuredmedia":[{"embeddable":true,"href":"https:\/\/www.daihen.mx\/en\/wp-json\/wp\/v2\/media\/693"}],"wp:attachment":[{"href":"https:\/\/www.daihen.mx\/en\/wp-json\/wp\/v2\/media?parent=691"}],"wp:term":[{"taxonomy":"product_brand","embeddable":true,"href":"https:\/\/www.daihen.mx\/en\/wp-json\/wp\/v2\/product_brand?post=691"},{"taxonomy":"product_cat","embeddable":true,"href":"https:\/\/www.daihen.mx\/en\/wp-json\/wp\/v2\/product_cat?post=691"},{"taxonomy":"product_tag","embeddable":true,"href":"https:\/\/www.daihen.mx\/en\/wp-json\/wp\/v2\/product_tag?post=691"}],"curies":[{"name":"wp","href":"https:\/\/api.w.org\/{rel}","templated":true}]}}